{"id":215,"date":"2026-03-09T12:09:03","date_gmt":"2026-03-09T10:09:03","guid":{"rendered":"https:\/\/sey.fi\/vaasa\/?page_id=215"},"modified":"2026-03-09T12:30:28","modified_gmt":"2026-03-09T10:30:28","slug":"lahjoitukset","status":"publish","type":"page","link":"https:\/\/sey.fi\/vaasa\/lahjoitukset\/","title":{"rendered":"Tue toimintaa"},"content":{"rendered":"\n<p>Vaasanseudun el\u00e4insuojeluyhdistys ry FI23 4958 0010 0134 35<\/p>\n\n\n\n<p>Rahanker\u00e4ys Mobilepay  72083<\/p>\n\n\n\n<p><\/p>\n\n\n\n<p>Toimintamme perustuu vapaaehtoisty\u00f6h\u00f6n ja on t\u00e4ysin riippuvaista saamistamme lahjoituksista.<\/p>\n\n\n\n<p>Sijaiskodeissamme el\u00e4\u00e4 omaa kotia etsivi\u00e4 el\u00e4imi\u00e4, joista suurin osa on kissoja. Hoidokkien m\u00e4\u00e4r\u00e4 vaihtelee vuosittain, ja se tarkoittaa yhdistykselle v\u00e4ist\u00e4m\u00e4tt\u00e4 my\u00f6s vaihtelevia kuluja; erityisesti ruokaa ja hiekkaa kuluu suunnattomia m\u00e4\u00e4ri\u00e4 sek\u00e4 k\u00e4ynnit el\u00e4inl\u00e4\u00e4k\u00e4riss\u00e4 . Meill\u00e4\u00a0avun tarve on jatkuvaa. My\u00f6s uusia sijaiskoteja tarvitaan  lis\u00e4\u00e4.<\/p>\n\n\n\n<p>Tapoja tukea toimintaamme on monia. \u00a0Jos haluat lahjoittaa yhdistykselle esim. el\u00e4inten ruokia , tarvikkeita, lakanoita yms. ottakaa yhteytt\u00e4 meid\u00e4n s\u00e4hk\u00f6postiin : vaasavesy@hotmail.com<\/p>\n\n\n\n<p>Lupanumero: RA\/2022\/655<br>Tilinumero: FI30 4958 0010 0876 11<br>MobilePay: 72083<br>Luvan my\u00f6nt\u00e4nyt Poliisihallitus 21.4.2022.<br>Lupa voimassa toistaiseksi.<\/p>\n","protected":false},"excerpt":{"rendered":"<p>Vaasanseudun el\u00e4insuojeluyhdistys ry FI23 4958 0010 0134 35 Rahanker\u00e4ys Mobilepay 72083 Toimintamme perustuu vapaaehtoisty\u00f6h\u00f6n ja on t\u00e4ysin riippuvaista saamistamme lahjoituksista. Sijaiskodeissamme el\u00e4\u00e4 omaa kotia etsivi\u00e4 el\u00e4imi\u00e4, joista suurin osa on kissoja. Hoidokkien m\u00e4\u00e4r\u00e4 vaihtelee vuosittain, ja se tarkoittaa yhdistykselle v\u00e4ist\u00e4m\u00e4tt\u00e4 my\u00f6s vaihtelevia kuluja; erityisesti ruokaa ja hiekkaa kuluu suunnattomia m\u00e4\u00e4ri\u00e4 sek\u00e4 k\u00e4ynnit el\u00e4inl\u00e4\u00e4k\u00e4riss\u00e4 . Meill\u00e4\u00a0avun [&hellip;]<\/p>\n","protected":false},"author":30,"featured_media":0,"parent":0,"menu_order":0,"comment_status":"closed","ping_status":"closed","template":"","meta":{"_acf_changed":false,"footnotes":""},"class_list":["post-215","page","type-page","status-publish","hentry"],"acf":[],"yoast_head":"<!-- This site is optimized with the Yoast SEO plugin v27.1.1 - https:\/\/yoast.com\/product\/yoast-seo-wordpress\/ -->\n<title>Tue toimintaa - Vaasan seudun el\u00e4insuojeluyhdistys<\/title>\n<meta name=\"robots\" content=\"index, follow, max-snippet:-1, max-image-preview:large, max-video-preview:-1\" \/>\n<link rel=\"canonical\" href=\"https:\/\/sey.fi\/vaasa\/lahjoitukset\/\" \/>\n<meta property=\"og:locale\" content=\"fi_FI\" \/>\n<meta property=\"og:type\" content=\"article\" \/>\n<meta property=\"og:title\" content=\"Tue toimintaa - Vaasan seudun el\u00e4insuojeluyhdistys\" \/>\n<meta property=\"og:description\" content=\"Vaasanseudun el\u00e4insuojeluyhdistys ry FI23 4958 0010 0134 35 Rahanker\u00e4ys Mobilepay 72083 Toimintamme perustuu vapaaehtoisty\u00f6h\u00f6n ja on t\u00e4ysin riippuvaista saamistamme lahjoituksista. Sijaiskodeissamme el\u00e4\u00e4 omaa kotia etsivi\u00e4 el\u00e4imi\u00e4, joista suurin osa on kissoja. Hoidokkien m\u00e4\u00e4r\u00e4 vaihtelee vuosittain, ja se tarkoittaa yhdistykselle v\u00e4ist\u00e4m\u00e4tt\u00e4 my\u00f6s vaihtelevia kuluja; erityisesti ruokaa ja hiekkaa kuluu suunnattomia m\u00e4\u00e4ri\u00e4 sek\u00e4 k\u00e4ynnit el\u00e4inl\u00e4\u00e4k\u00e4riss\u00e4 . Meill\u00e4\u00a0avun [&hellip;]\" \/>\n<meta property=\"og:url\" content=\"https:\/\/sey.fi\/vaasa\/lahjoitukset\/\" \/>\n<meta property=\"og:site_name\" content=\"Vaasan seudun el\u00e4insuojeluyhdistys\" \/>\n<meta property=\"article:modified_time\" content=\"2026-03-09T10:30:28+00:00\" \/>\n<meta name=\"twitter:card\" content=\"summary_large_image\" \/>\n<meta name=\"twitter:label1\" content=\"Arvioitu lukuaika\" \/>\n\t<meta name=\"twitter:data1\" content=\"1 minuutti\" \/>\n<script type=\"application\/ld+json\" class=\"yoast-schema-graph\">{\"@context\":\"https:\/\/schema.org\",\"@graph\":[{\"@type\":\"WebPage\",\"@id\":\"https:\/\/sey.fi\/vaasa\/lahjoitukset\/\",\"url\":\"https:\/\/sey.fi\/vaasa\/lahjoitukset\/\",\"name\":\"Tue toimintaa - Vaasan seudun el\u00e4insuojeluyhdistys\",\"isPartOf\":{\"@id\":\"https:\/\/sey.fi\/vaasa\/#website\"},\"datePublished\":\"2026-03-09T10:09:03+00:00\",\"dateModified\":\"2026-03-09T10:30:28+00:00\",\"breadcrumb\":{\"@id\":\"https:\/\/sey.fi\/vaasa\/lahjoitukset\/#breadcrumb\"},\"inLanguage\":\"fi\",\"potentialAction\":[{\"@type\":\"ReadAction\",\"target\":[\"https:\/\/sey.fi\/vaasa\/lahjoitukset\/\"]}]},{\"@type\":\"BreadcrumbList\",\"@id\":\"https:\/\/sey.fi\/vaasa\/lahjoitukset\/#breadcrumb\",\"itemListElement\":[{\"@type\":\"ListItem\",\"position\":1,\"name\":\"Home\",\"item\":\"https:\/\/sey.fi\/vaasa\/\"},{\"@type\":\"ListItem\",\"position\":2,\"name\":\"Tue toimintaa\"}]},{\"@type\":\"WebSite\",\"@id\":\"https:\/\/sey.fi\/vaasa\/#website\",\"url\":\"https:\/\/sey.fi\/vaasa\/\",\"name\":\"Vaasan seudun el\u00e4insuojeluyhdistys\",\"description\":\"Uusi SEY J\u00e4senyhdistykset -sivusto\",\"potentialAction\":[{\"@type\":\"SearchAction\",\"target\":{\"@type\":\"EntryPoint\",\"urlTemplate\":\"https:\/\/sey.fi\/vaasa\/?s={search_term_string}\"},\"query-input\":{\"@type\":\"PropertyValueSpecification\",\"valueRequired\":true,\"valueName\":\"search_term_string\"}}],\"inLanguage\":\"fi\"}]}<\/script>\n<!-- \/ Yoast SEO plugin. -->","yoast_head_json":{"title":"Tue toimintaa - Vaasan seudun el\u00e4insuojeluyhdistys","robots":{"index":"index","follow":"follow","max-snippet":"max-snippet:-1","max-image-preview":"max-image-preview:large","max-video-preview":"max-video-preview:-1"},"canonical":"https:\/\/sey.fi\/vaasa\/lahjoitukset\/","og_locale":"fi_FI","og_type":"article","og_title":"Tue toimintaa - Vaasan seudun el\u00e4insuojeluyhdistys","og_description":"Vaasanseudun el\u00e4insuojeluyhdistys ry FI23 4958 0010 0134 35 Rahanker\u00e4ys Mobilepay 72083 Toimintamme perustuu vapaaehtoisty\u00f6h\u00f6n ja on t\u00e4ysin riippuvaista saamistamme lahjoituksista. Sijaiskodeissamme el\u00e4\u00e4 omaa kotia etsivi\u00e4 el\u00e4imi\u00e4, joista suurin osa on kissoja. Hoidokkien m\u00e4\u00e4r\u00e4 vaihtelee vuosittain, ja se tarkoittaa yhdistykselle v\u00e4ist\u00e4m\u00e4tt\u00e4 my\u00f6s vaihtelevia kuluja; erityisesti ruokaa ja hiekkaa kuluu suunnattomia m\u00e4\u00e4ri\u00e4 sek\u00e4 k\u00e4ynnit el\u00e4inl\u00e4\u00e4k\u00e4riss\u00e4 . Meill\u00e4\u00a0avun [&hellip;]","og_url":"https:\/\/sey.fi\/vaasa\/lahjoitukset\/","og_site_name":"Vaasan seudun el\u00e4insuojeluyhdistys","article_modified_time":"2026-03-09T10:30:28+00:00","twitter_card":"summary_large_image","twitter_misc":{"Arvioitu lukuaika":"1 minuutti"},"schema":{"@context":"https:\/\/schema.org","@graph":[{"@type":"WebPage","@id":"https:\/\/sey.fi\/vaasa\/lahjoitukset\/","url":"https:\/\/sey.fi\/vaasa\/lahjoitukset\/","name":"Tue toimintaa - Vaasan seudun el\u00e4insuojeluyhdistys","isPartOf":{"@id":"https:\/\/sey.fi\/vaasa\/#website"},"datePublished":"2026-03-09T10:09:03+00:00","dateModified":"2026-03-09T10:30:28+00:00","breadcrumb":{"@id":"https:\/\/sey.fi\/vaasa\/lahjoitukset\/#breadcrumb"},"inLanguage":"fi","potentialAction":[{"@type":"ReadAction","target":["https:\/\/sey.fi\/vaasa\/lahjoitukset\/"]}]},{"@type":"BreadcrumbList","@id":"https:\/\/sey.fi\/vaasa\/lahjoitukset\/#breadcrumb","itemListElement":[{"@type":"ListItem","position":1,"name":"Home","item":"https:\/\/sey.fi\/vaasa\/"},{"@type":"ListItem","position":2,"name":"Tue toimintaa"}]},{"@type":"WebSite","@id":"https:\/\/sey.fi\/vaasa\/#website","url":"https:\/\/sey.fi\/vaasa\/","name":"Vaasan seudun el\u00e4insuojeluyhdistys","description":"Uusi SEY J\u00e4senyhdistykset -sivusto","potentialAction":[{"@type":"SearchAction","target":{"@type":"EntryPoint","urlTemplate":"https:\/\/sey.fi\/vaasa\/?s={search_term_string}"},"query-input":{"@type":"PropertyValueSpecification","valueRequired":true,"valueName":"search_term_string"}}],"inLanguage":"fi"}]}},"_links":{"self":[{"href":"https:\/\/sey.fi\/vaasa\/wp-json\/wp\/v2\/pages\/215","targetHints":{"allow":["GET"]}}],"collection":[{"href":"https:\/\/sey.fi\/vaasa\/wp-json\/wp\/v2\/pages"}],"about":[{"href":"https:\/\/sey.fi\/vaasa\/wp-json\/wp\/v2\/types\/page"}],"author":[{"embeddable":true,"href":"https:\/\/sey.fi\/vaasa\/wp-json\/wp\/v2\/users\/30"}],"replies":[{"embeddable":true,"href":"https:\/\/sey.fi\/vaasa\/wp-json\/wp\/v2\/comments?post=215"}],"version-history":[{"count":5,"href":"https:\/\/sey.fi\/vaasa\/wp-json\/wp\/v2\/pages\/215\/revisions"}],"predecessor-version":[{"id":225,"href":"https:\/\/sey.fi\/vaasa\/wp-json\/wp\/v2\/pages\/215\/revisions\/225"}],"wp:attachment":[{"href":"https:\/\/sey.fi\/vaasa\/wp-json\/wp\/v2\/media?parent=215"}],"curies":[{"name":"wp","href":"https:\/\/api.w.org\/{rel}","templated":true}]}}