{"id":35,"date":"2019-11-22T17:27:30","date_gmt":"2019-11-22T15:27:30","guid":{"rendered":"http:\/\/srvr10.xetpoint.com\/~seyfi\/vaasa\/?page_id=35"},"modified":"2025-03-04T11:05:47","modified_gmt":"2025-03-04T09:05:47","slug":"keinot-auttaa","status":"publish","type":"page","link":"https:\/\/sey.fi\/vaasa\/vaasan-elainsuojelu\/keinot-auttaa\/","title":{"rendered":"Keinot auttaa paikallista el\u00e4insuojeluty\u00f6t\u00e4"},"content":{"rendered":"\n<h2 class=\"wp-block-heading\"><\/h2>\n\n\n\n<hr class=\"wp-block-separator has-css-opacity\" \/>\n\n\n\n<figure class=\"wp-block-image\"><img decoding=\"async\" src=\"http:\/\/vaasa.sey.fi\/images\/pridevesy.jpg\" alt=\"\" \/><figcaption class=\"wp-element-caption\">Toivoisitko pystyv\u00e4si auttamaan paikallisessa el\u00e4insuojeluty\u00f6ss\u00e4?<br>Vesyn toiminta tapahtuu t\u00e4ysin vapaaehtoisvoimin ja lahjoitusten varassa. J\u00e4rjest\u00e4mme&nbsp;erilaisia hyv\u00e4ntekev\u00e4isyystapahtumia tukeaksemme&nbsp;sek\u00e4 paikallista el\u00e4insuojelutoimintaa ett\u00e4 avuntarpeessa olevien yksityishenkil\u00f6iden lemmikkej\u00e4. <br>Olemme koonneet alle joitakin tapoja, joilla voit tukea yhdistyksemme el\u00e4insuojeluty\u00f6t\u00e4.<\/figcaption><\/figure>\n\n\n\n<p><\/p>\n\n\n\n<h1 class=\"wp-block-heading has-medium-font-size\">LIITY J\u00c4SENEKSI<\/h1>\n\n\n\n<p><br>Vesy&nbsp;k\u00e4sittelee ja hyv\u00e4ksyy j\u00e4senet hallituksen kokouksissa, jonka j\u00e4lkeen j\u00e4seneksi hyv\u00e4ksytyille tulee postissa mm. tilisiirto j\u00e4senmaksua varten. Liittym\u00e4ll\u00e4 Vesyn&nbsp;j\u00e4seneksi olet my\u00f6s kattoj\u00e4rjest\u00f6mme&nbsp;<a rel=\"noreferrer noopener\" href=\"https:\/\/www.sey.fi\/\" target=\"_blank\">SEY<\/a>:n j\u00e4sen. Kaikki SEY:n j\u00e4senet saavat&nbsp;<a rel=\"noreferrer noopener\" href=\"https:\/\/www.sey.fi\/seytoimii\/viestinta\/elainten-ystava-lehti\" target=\"_blank\">El\u00e4inten yst\u00e4v\u00e4 -lehden<\/a>&nbsp;nelj\u00e4 kertaa vuodessa sek\u00e4 voivat osallistua SEYn j\u00e4rjest\u00e4miin koulutuksiin ja tilaisuuksiin. J\u00e4senlaskut postitetaan SEY:n toimesta kerran vuodessa kev\u00e4isin, eli saat usein lehden ja muuta ennen j\u00e4senmaksulaskun saapumista.<\/p>\n\n\n\n<p>J\u00e4seneksi liittyminen on arvokas el\u00e4insuojeluteko. Liittym\u00e4ll\u00e4 VESYn&nbsp;j\u00e4seneksi tuet yhdistyksemme toiminnan jatkuvuutta sek\u00e4 tuet kattoj\u00e4rjest\u00f6mme SEY:n el\u00e4insuojeluty\u00f6t\u00e4.&nbsp;<\/p>\n\n\n\n<p>VESY:n ja SEY:n j\u00e4seneksi voit liitty\u00e4&nbsp;<a href=\"https:\/\/www.sey.fi\/tue-toimintaa\/jasenyys\" target=\"_blank\" rel=\"noreferrer noopener\">t\u00e4\u00e4ll\u00e4.<\/a><\/p>\n\n\n\n<h1 class=\"wp-block-heading has-medium-font-size\">TULE VAPAAEHTOISEKSI<\/h1>\n\n\n\n<p>Vaasanseudun el\u00e4insuojeluyhdistys ry:n toiminta perustuu vapaaehtoisty\u00f6h\u00f6n. Vapaaehtoisty\u00f6ntekij\u00e4t ovat toiminnan ydin ja kukin vapaaehtoisty\u00f6ntekij\u00e4 toimii el\u00e4inten hyvinvoinnin edist\u00e4miseksi omien voimavarojensa, el\u00e4m\u00e4ntilanteensa ja henkil\u00f6kohtaisten vahvuuksiensa&nbsp;mukaisesti.&nbsp;Jos olet siis el\u00e4inten yst\u00e4v\u00e4 ja el\u00e4inten hyvinvoinnin asialla, otamme mielell\u00e4mme lis\u00e4\u00e4 aktiivisia vapaaehtoisia&nbsp;mukaan toimintaan!&nbsp;Vapaaehtoisty\u00f6n muotoja on&nbsp;yhdistyksess\u00e4mme&nbsp;monia. Tapahtumien suunnittelu ja toteutus, kannatustuotteiden myyminen,&nbsp;sijaiskotitoiminta, loukkaantuneiden luonnonvaraisten el\u00e4inten toimittaminen asianmukaiseen hoitoon, karanneiden lemmikkien etsiminen, kouluvierailut, tiedottaminen jne. &nbsp;<\/p>\n\n\n\n<p>Jos\u00a0innostuit el\u00e4inten oikeuksien puolustamisesta ja hyvinvoinnin edist\u00e4misest\u00e4, ota meihin yhteytt\u00e4! Parhaiten tavoitat meid\u00e4t s\u00e4hk\u00f6postitse tai Facebookin messengerill\u00e4. <\/p>\n\n\n\n<h2 class=\"wp-block-heading has-medium-font-size\"><strong>LAHJOITA<\/strong><\/h2>\n\n\n\n<p><strong>Tilinumero: FI30 4958 0010 0876 11<br>MobilePay: 72083 <\/strong><\/p>\n\n\n\n<p><strong>Rahanker\u00e4ysluvan tiedot:<\/strong><br>J\u00e4rjest\u00e4j\u00e4: Vaasanseudun el\u00e4insuojeluyhdistys<\/p>\n\n\n\n<p><br>Varojen k\u00e4ytt\u00f6tarkoitus: Ker\u00e4tyt varat k\u00e4ytet\u00e4\u00e4n paikallisen el\u00e4insuojelutoiminnan tukemiseen. Varoilla katetaan luonnonvaraisten ja kodittomien l\u00f6yt\u00f6el\u00e4inten el\u00e4inl\u00e4\u00e4k\u00e4ri-, l\u00e4\u00e4ke-, hoito-tarvike- ja ruokakuluja. Lis\u00e4ksi varoilla tuetaan v\u00e4h\u00e4varaisten henkil\u00f6iden lemmikkien akuutteja avuntarpeita. Varoja k\u00e4ytet\u00e4\u00e4n my\u00f6s tapahtumien, kuten esimerkiksi<br>leikkauskampanjoiden j\u00e4rjest\u00e4miseen.<\/p>\n\n\n\n<p><br>Lupanumero: RA\/2022\/655<br>Tilinumero: FI30 4958 0010 0876 11<br>MobilePay: 72083<br>Luvan my\u00f6nt\u00e4nyt Poliisihallitus 21.4.2022.<br>Lupa voimassa toistaiseksi.<\/p>\n","protected":false},"excerpt":{"rendered":"<p>LIITY J\u00c4SENEKSI Vesy&nbsp;k\u00e4sittelee ja hyv\u00e4ksyy j\u00e4senet hallituksen kokouksissa, jonka j\u00e4lkeen j\u00e4seneksi hyv\u00e4ksytyille tulee postissa mm. tilisiirto j\u00e4senmaksua varten. Liittym\u00e4ll\u00e4 Vesyn&nbsp;j\u00e4seneksi olet my\u00f6s kattoj\u00e4rjest\u00f6mme&nbsp;SEY:n j\u00e4sen. Kaikki SEY:n j\u00e4senet saavat&nbsp;El\u00e4inten yst\u00e4v\u00e4 -lehden&nbsp;nelj\u00e4 kertaa vuodessa sek\u00e4 voivat osallistua SEYn j\u00e4rjest\u00e4miin koulutuksiin ja tilaisuuksiin. J\u00e4senlaskut postitetaan SEY:n toimesta kerran vuodessa kev\u00e4isin, eli saat usein lehden ja muuta ennen j\u00e4senmaksulaskun [&hellip;]<\/p>\n","protected":false},"author":8,"featured_media":0,"parent":2,"menu_order":0,"comment_status":"closed","ping_status":"closed","template":"","meta":{"_acf_changed":false,"footnotes":""},"class_list":["post-35","page","type-page","status-publish","hentry"],"acf":[],"yoast_head":"<!-- This site is optimized with the Yoast SEO plugin v27.1.1 - https:\/\/yoast.com\/product\/yoast-seo-wordpress\/ -->\n<title>Keinot auttaa paikallista el\u00e4insuojeluty\u00f6t\u00e4 - Vaasan seudun el\u00e4insuojeluyhdistys<\/title>\n<meta name=\"robots\" content=\"index, follow, max-snippet:-1, max-image-preview:large, max-video-preview:-1\" \/>\n<link rel=\"canonical\" href=\"https:\/\/sey.fi\/vaasa\/vaasan-elainsuojelu\/keinot-auttaa\/\" \/>\n<meta property=\"og:locale\" content=\"fi_FI\" \/>\n<meta property=\"og:type\" content=\"article\" \/>\n<meta property=\"og:title\" content=\"Keinot auttaa paikallista el\u00e4insuojeluty\u00f6t\u00e4 - Vaasan seudun el\u00e4insuojeluyhdistys\" \/>\n<meta property=\"og:description\" content=\"LIITY J\u00c4SENEKSI Vesy&nbsp;k\u00e4sittelee ja hyv\u00e4ksyy j\u00e4senet hallituksen kokouksissa, jonka j\u00e4lkeen j\u00e4seneksi hyv\u00e4ksytyille tulee postissa mm. tilisiirto j\u00e4senmaksua varten. Liittym\u00e4ll\u00e4 Vesyn&nbsp;j\u00e4seneksi olet my\u00f6s kattoj\u00e4rjest\u00f6mme&nbsp;SEY:n j\u00e4sen. Kaikki SEY:n j\u00e4senet saavat&nbsp;El\u00e4inten yst\u00e4v\u00e4 -lehden&nbsp;nelj\u00e4 kertaa vuodessa sek\u00e4 voivat osallistua SEYn j\u00e4rjest\u00e4miin koulutuksiin ja tilaisuuksiin. J\u00e4senlaskut postitetaan SEY:n toimesta kerran vuodessa kev\u00e4isin, eli saat usein lehden ja muuta ennen j\u00e4senmaksulaskun [&hellip;]\" \/>\n<meta property=\"og:url\" content=\"https:\/\/sey.fi\/vaasa\/vaasan-elainsuojelu\/keinot-auttaa\/\" \/>\n<meta property=\"og:site_name\" content=\"Vaasan seudun el\u00e4insuojeluyhdistys\" \/>\n<meta property=\"article:modified_time\" content=\"2025-03-04T09:05:47+00:00\" \/>\n<meta property=\"og:image\" content=\"http:\/\/vaasa.sey.fi\/images\/pridevesy.jpg\" \/>\n<meta name=\"twitter:card\" content=\"summary_large_image\" \/>\n<meta name=\"twitter:label1\" content=\"Arvioitu lukuaika\" \/>\n\t<meta name=\"twitter:data1\" content=\"2 minuuttia\" \/>\n<script type=\"application\/ld+json\" class=\"yoast-schema-graph\">{\"@context\":\"https:\/\/schema.org\",\"@graph\":[{\"@type\":\"WebPage\",\"@id\":\"https:\/\/sey.fi\/vaasa\/vaasan-elainsuojelu\/keinot-auttaa\/\",\"url\":\"https:\/\/sey.fi\/vaasa\/vaasan-elainsuojelu\/keinot-auttaa\/\",\"name\":\"Keinot auttaa paikallista el\u00e4insuojeluty\u00f6t\u00e4 - Vaasan seudun el\u00e4insuojeluyhdistys\",\"isPartOf\":{\"@id\":\"https:\/\/sey.fi\/vaasa\/#website\"},\"primaryImageOfPage\":{\"@id\":\"https:\/\/sey.fi\/vaasa\/vaasan-elainsuojelu\/keinot-auttaa\/#primaryimage\"},\"image\":{\"@id\":\"https:\/\/sey.fi\/vaasa\/vaasan-elainsuojelu\/keinot-auttaa\/#primaryimage\"},\"thumbnailUrl\":\"http:\/\/vaasa.sey.fi\/images\/pridevesy.jpg\",\"datePublished\":\"2019-11-22T15:27:30+00:00\",\"dateModified\":\"2025-03-04T09:05:47+00:00\",\"breadcrumb\":{\"@id\":\"https:\/\/sey.fi\/vaasa\/vaasan-elainsuojelu\/keinot-auttaa\/#breadcrumb\"},\"inLanguage\":\"fi\",\"potentialAction\":[{\"@type\":\"ReadAction\",\"target\":[\"https:\/\/sey.fi\/vaasa\/vaasan-elainsuojelu\/keinot-auttaa\/\"]}]},{\"@type\":\"ImageObject\",\"inLanguage\":\"fi\",\"@id\":\"https:\/\/sey.fi\/vaasa\/vaasan-elainsuojelu\/keinot-auttaa\/#primaryimage\",\"url\":\"http:\/\/vaasa.sey.fi\/images\/pridevesy.jpg\",\"contentUrl\":\"http:\/\/vaasa.sey.fi\/images\/pridevesy.jpg\"},{\"@type\":\"BreadcrumbList\",\"@id\":\"https:\/\/sey.fi\/vaasa\/vaasan-elainsuojelu\/keinot-auttaa\/#breadcrumb\",\"itemListElement\":[{\"@type\":\"ListItem\",\"position\":1,\"name\":\"Home\",\"item\":\"https:\/\/sey.fi\/vaasa\/\"},{\"@type\":\"ListItem\",\"position\":2,\"name\":\"Vaasan seudun el\u00e4insuojeluyhdistys\",\"item\":\"https:\/\/sey.fi\/vaasa\/\"},{\"@type\":\"ListItem\",\"position\":3,\"name\":\"Keinot auttaa paikallista el\u00e4insuojeluty\u00f6t\u00e4\"}]},{\"@type\":\"WebSite\",\"@id\":\"https:\/\/sey.fi\/vaasa\/#website\",\"url\":\"https:\/\/sey.fi\/vaasa\/\",\"name\":\"Vaasan seudun el\u00e4insuojeluyhdistys\",\"description\":\"Uusi SEY J\u00e4senyhdistykset -sivusto\",\"potentialAction\":[{\"@type\":\"SearchAction\",\"target\":{\"@type\":\"EntryPoint\",\"urlTemplate\":\"https:\/\/sey.fi\/vaasa\/?s={search_term_string}\"},\"query-input\":{\"@type\":\"PropertyValueSpecification\",\"valueRequired\":true,\"valueName\":\"search_term_string\"}}],\"inLanguage\":\"fi\"}]}<\/script>\n<!-- \/ Yoast SEO plugin. -->","yoast_head_json":{"title":"Keinot auttaa paikallista el\u00e4insuojeluty\u00f6t\u00e4 - Vaasan seudun el\u00e4insuojeluyhdistys","robots":{"index":"index","follow":"follow","max-snippet":"max-snippet:-1","max-image-preview":"max-image-preview:large","max-video-preview":"max-video-preview:-1"},"canonical":"https:\/\/sey.fi\/vaasa\/vaasan-elainsuojelu\/keinot-auttaa\/","og_locale":"fi_FI","og_type":"article","og_title":"Keinot auttaa paikallista el\u00e4insuojeluty\u00f6t\u00e4 - Vaasan seudun el\u00e4insuojeluyhdistys","og_description":"LIITY J\u00c4SENEKSI Vesy&nbsp;k\u00e4sittelee ja hyv\u00e4ksyy j\u00e4senet hallituksen kokouksissa, jonka j\u00e4lkeen j\u00e4seneksi hyv\u00e4ksytyille tulee postissa mm. tilisiirto j\u00e4senmaksua varten. Liittym\u00e4ll\u00e4 Vesyn&nbsp;j\u00e4seneksi olet my\u00f6s kattoj\u00e4rjest\u00f6mme&nbsp;SEY:n j\u00e4sen. Kaikki SEY:n j\u00e4senet saavat&nbsp;El\u00e4inten yst\u00e4v\u00e4 -lehden&nbsp;nelj\u00e4 kertaa vuodessa sek\u00e4 voivat osallistua SEYn j\u00e4rjest\u00e4miin koulutuksiin ja tilaisuuksiin. J\u00e4senlaskut postitetaan SEY:n toimesta kerran vuodessa kev\u00e4isin, eli saat usein lehden ja muuta ennen j\u00e4senmaksulaskun [&hellip;]","og_url":"https:\/\/sey.fi\/vaasa\/vaasan-elainsuojelu\/keinot-auttaa\/","og_site_name":"Vaasan seudun el\u00e4insuojeluyhdistys","article_modified_time":"2025-03-04T09:05:47+00:00","og_image":[{"url":"http:\/\/vaasa.sey.fi\/images\/pridevesy.jpg","type":"","width":"","height":""}],"twitter_card":"summary_large_image","twitter_misc":{"Arvioitu lukuaika":"2 minuuttia"},"schema":{"@context":"https:\/\/schema.org","@graph":[{"@type":"WebPage","@id":"https:\/\/sey.fi\/vaasa\/vaasan-elainsuojelu\/keinot-auttaa\/","url":"https:\/\/sey.fi\/vaasa\/vaasan-elainsuojelu\/keinot-auttaa\/","name":"Keinot auttaa paikallista el\u00e4insuojeluty\u00f6t\u00e4 - Vaasan seudun el\u00e4insuojeluyhdistys","isPartOf":{"@id":"https:\/\/sey.fi\/vaasa\/#website"},"primaryImageOfPage":{"@id":"https:\/\/sey.fi\/vaasa\/vaasan-elainsuojelu\/keinot-auttaa\/#primaryimage"},"image":{"@id":"https:\/\/sey.fi\/vaasa\/vaasan-elainsuojelu\/keinot-auttaa\/#primaryimage"},"thumbnailUrl":"http:\/\/vaasa.sey.fi\/images\/pridevesy.jpg","datePublished":"2019-11-22T15:27:30+00:00","dateModified":"2025-03-04T09:05:47+00:00","breadcrumb":{"@id":"https:\/\/sey.fi\/vaasa\/vaasan-elainsuojelu\/keinot-auttaa\/#breadcrumb"},"inLanguage":"fi","potentialAction":[{"@type":"ReadAction","target":["https:\/\/sey.fi\/vaasa\/vaasan-elainsuojelu\/keinot-auttaa\/"]}]},{"@type":"ImageObject","inLanguage":"fi","@id":"https:\/\/sey.fi\/vaasa\/vaasan-elainsuojelu\/keinot-auttaa\/#primaryimage","url":"http:\/\/vaasa.sey.fi\/images\/pridevesy.jpg","contentUrl":"http:\/\/vaasa.sey.fi\/images\/pridevesy.jpg"},{"@type":"BreadcrumbList","@id":"https:\/\/sey.fi\/vaasa\/vaasan-elainsuojelu\/keinot-auttaa\/#breadcrumb","itemListElement":[{"@type":"ListItem","position":1,"name":"Home","item":"https:\/\/sey.fi\/vaasa\/"},{"@type":"ListItem","position":2,"name":"Vaasan seudun el\u00e4insuojeluyhdistys","item":"https:\/\/sey.fi\/vaasa\/"},{"@type":"ListItem","position":3,"name":"Keinot auttaa paikallista el\u00e4insuojeluty\u00f6t\u00e4"}]},{"@type":"WebSite","@id":"https:\/\/sey.fi\/vaasa\/#website","url":"https:\/\/sey.fi\/vaasa\/","name":"Vaasan seudun el\u00e4insuojeluyhdistys","description":"Uusi SEY J\u00e4senyhdistykset -sivusto","potentialAction":[{"@type":"SearchAction","target":{"@type":"EntryPoint","urlTemplate":"https:\/\/sey.fi\/vaasa\/?s={search_term_string}"},"query-input":{"@type":"PropertyValueSpecification","valueRequired":true,"valueName":"search_term_string"}}],"inLanguage":"fi"}]}},"_links":{"self":[{"href":"https:\/\/sey.fi\/vaasa\/wp-json\/wp\/v2\/pages\/35","targetHints":{"allow":["GET"]}}],"collection":[{"href":"https:\/\/sey.fi\/vaasa\/wp-json\/wp\/v2\/pages"}],"about":[{"href":"https:\/\/sey.fi\/vaasa\/wp-json\/wp\/v2\/types\/page"}],"author":[{"embeddable":true,"href":"https:\/\/sey.fi\/vaasa\/wp-json\/wp\/v2\/users\/8"}],"replies":[{"embeddable":true,"href":"https:\/\/sey.fi\/vaasa\/wp-json\/wp\/v2\/comments?post=35"}],"version-history":[{"count":8,"href":"https:\/\/sey.fi\/vaasa\/wp-json\/wp\/v2\/pages\/35\/revisions"}],"predecessor-version":[{"id":189,"href":"https:\/\/sey.fi\/vaasa\/wp-json\/wp\/v2\/pages\/35\/revisions\/189"}],"up":[{"embeddable":true,"href":"https:\/\/sey.fi\/vaasa\/wp-json\/wp\/v2\/pages\/2"}],"wp:attachment":[{"href":"https:\/\/sey.fi\/vaasa\/wp-json\/wp\/v2\/media?parent=35"}],"curies":[{"name":"wp","href":"https:\/\/api.w.org\/{rel}","templated":true}]}}