{"id":37,"date":"2019-11-22T17:28:00","date_gmt":"2019-11-22T15:28:00","guid":{"rendered":"http:\/\/srvr10.xetpoint.com\/~seyfi\/vaasa\/?page_id=37"},"modified":"2019-11-22T17:28:01","modified_gmt":"2019-11-22T15:28:01","slug":"yhdistys","status":"publish","type":"page","link":"https:\/\/sey.fi\/vaasa\/vaasan-elainsuojelu\/yhdistys\/","title":{"rendered":"Yhdistys"},"content":{"rendered":"\n<figure class=\"wp-block-image\"><img decoding=\"async\" src=\"http:\/\/vaasa.sey.fi\/images\/2.png\" alt=\"\" \/><\/figure>\n\n\n\n<h1 class=\"wp-block-heading\">Vaasanseudun el\u00e4insuojeluyhdistys ry<\/h1>\n\n\n\n<p><strong>VESY<\/strong>&nbsp;on Suomen suurimman el\u00e4insuojeluj\u00e4rjest\u00f6n,&nbsp;<strong><a href=\"http:\/\/www.sey.fi\/\" target=\"_blank\" rel=\"noreferrer noopener\">SEY Suomen el\u00e4insuojeluyhdistysten liitto ry:n<\/a><\/strong>, j\u00e4senyhdistys, ja toimintamme tapahtuu vapaaehtoisvoimin ja lahjoitusten varassa. Jo vuodesta 1961 saakka VESY on j\u00e4rjest\u00e4nyt erilaisia hyv\u00e4ntekev\u00e4isyystapahtumia tukeakseen sek\u00e4 paikallista el\u00e4insuojelutoimintaa ett\u00e4 avuntarpeessa olevien v\u00e4h\u00e4varaisten yksityishenkil\u00f6iden lemmikkej\u00e4.&nbsp;<\/p>\n","protected":false},"excerpt":{"rendered":"<p>Vaasanseudun el\u00e4insuojeluyhdistys ry VESY&nbsp;on Suomen suurimman el\u00e4insuojeluj\u00e4rjest\u00f6n,&nbsp;SEY Suomen el\u00e4insuojeluyhdistysten liitto ry:n, j\u00e4senyhdistys, ja toimintamme tapahtuu vapaaehtoisvoimin ja lahjoitusten varassa. Jo vuodesta 1961 saakka VESY on j\u00e4rjest\u00e4nyt erilaisia hyv\u00e4ntekev\u00e4isyystapahtumia tukeakseen sek\u00e4 paikallista el\u00e4insuojelutoimintaa ett\u00e4 avuntarpeessa olevien v\u00e4h\u00e4varaisten yksityishenkil\u00f6iden lemmikkej\u00e4.&nbsp;<\/p>\n","protected":false},"author":8,"featured_media":0,"parent":2,"menu_order":0,"comment_status":"closed","ping_status":"closed","template":"","meta":{"_acf_changed":false,"footnotes":""},"class_list":["post-37","page","type-page","status-publish","hentry"],"acf":[],"yoast_head":"<!-- This site is optimized with the Yoast SEO plugin v27.1.1 - https:\/\/yoast.com\/product\/yoast-seo-wordpress\/ -->\n<title>Yhdistys - Vaasan seudun el\u00e4insuojeluyhdistys<\/title>\n<meta name=\"robots\" content=\"index, follow, max-snippet:-1, max-image-preview:large, max-video-preview:-1\" \/>\n<link rel=\"canonical\" href=\"https:\/\/sey.fi\/vaasa\/vaasan-elainsuojelu\/yhdistys\/\" \/>\n<meta property=\"og:locale\" content=\"fi_FI\" \/>\n<meta property=\"og:type\" content=\"article\" \/>\n<meta property=\"og:title\" content=\"Yhdistys - Vaasan seudun el\u00e4insuojeluyhdistys\" \/>\n<meta property=\"og:description\" content=\"Vaasanseudun el\u00e4insuojeluyhdistys ry VESY&nbsp;on Suomen suurimman el\u00e4insuojeluj\u00e4rjest\u00f6n,&nbsp;SEY Suomen el\u00e4insuojeluyhdistysten liitto ry:n, j\u00e4senyhdistys, ja toimintamme tapahtuu vapaaehtoisvoimin ja lahjoitusten varassa. Jo vuodesta 1961 saakka VESY on j\u00e4rjest\u00e4nyt erilaisia hyv\u00e4ntekev\u00e4isyystapahtumia tukeakseen sek\u00e4 paikallista el\u00e4insuojelutoimintaa ett\u00e4 avuntarpeessa olevien v\u00e4h\u00e4varaisten yksityishenkil\u00f6iden lemmikkej\u00e4.&nbsp;\" \/>\n<meta property=\"og:url\" content=\"https:\/\/sey.fi\/vaasa\/vaasan-elainsuojelu\/yhdistys\/\" \/>\n<meta property=\"og:site_name\" content=\"Vaasan seudun el\u00e4insuojeluyhdistys\" \/>\n<meta property=\"article:modified_time\" content=\"2019-11-22T15:28:01+00:00\" \/>\n<meta property=\"og:image\" content=\"http:\/\/vaasa.sey.fi\/images\/2.png\" \/>\n<meta name=\"twitter:card\" content=\"summary_large_image\" \/>\n<script type=\"application\/ld+json\" class=\"yoast-schema-graph\">{\"@context\":\"https:\/\/schema.org\",\"@graph\":[{\"@type\":\"WebPage\",\"@id\":\"https:\/\/sey.fi\/vaasa\/vaasan-elainsuojelu\/yhdistys\/\",\"url\":\"https:\/\/sey.fi\/vaasa\/vaasan-elainsuojelu\/yhdistys\/\",\"name\":\"Yhdistys - Vaasan seudun el\u00e4insuojeluyhdistys\",\"isPartOf\":{\"@id\":\"https:\/\/sey.fi\/vaasa\/#website\"},\"primaryImageOfPage\":{\"@id\":\"https:\/\/sey.fi\/vaasa\/vaasan-elainsuojelu\/yhdistys\/#primaryimage\"},\"image\":{\"@id\":\"https:\/\/sey.fi\/vaasa\/vaasan-elainsuojelu\/yhdistys\/#primaryimage\"},\"thumbnailUrl\":\"http:\/\/vaasa.sey.fi\/images\/2.png\",\"datePublished\":\"2019-11-22T15:28:00+00:00\",\"dateModified\":\"2019-11-22T15:28:01+00:00\",\"breadcrumb\":{\"@id\":\"https:\/\/sey.fi\/vaasa\/vaasan-elainsuojelu\/yhdistys\/#breadcrumb\"},\"inLanguage\":\"fi\",\"potentialAction\":[{\"@type\":\"ReadAction\",\"target\":[\"https:\/\/sey.fi\/vaasa\/vaasan-elainsuojelu\/yhdistys\/\"]}]},{\"@type\":\"ImageObject\",\"inLanguage\":\"fi\",\"@id\":\"https:\/\/sey.fi\/vaasa\/vaasan-elainsuojelu\/yhdistys\/#primaryimage\",\"url\":\"http:\/\/vaasa.sey.fi\/images\/2.png\",\"contentUrl\":\"http:\/\/vaasa.sey.fi\/images\/2.png\"},{\"@type\":\"BreadcrumbList\",\"@id\":\"https:\/\/sey.fi\/vaasa\/vaasan-elainsuojelu\/yhdistys\/#breadcrumb\",\"itemListElement\":[{\"@type\":\"ListItem\",\"position\":1,\"name\":\"Home\",\"item\":\"https:\/\/sey.fi\/vaasa\/\"},{\"@type\":\"ListItem\",\"position\":2,\"name\":\"Vaasan seudun el\u00e4insuojeluyhdistys\",\"item\":\"https:\/\/sey.fi\/vaasa\/\"},{\"@type\":\"ListItem\",\"position\":3,\"name\":\"Yhdistys\"}]},{\"@type\":\"WebSite\",\"@id\":\"https:\/\/sey.fi\/vaasa\/#website\",\"url\":\"https:\/\/sey.fi\/vaasa\/\",\"name\":\"Vaasan seudun el\u00e4insuojeluyhdistys\",\"description\":\"Uusi SEY J\u00e4senyhdistykset -sivusto\",\"potentialAction\":[{\"@type\":\"SearchAction\",\"target\":{\"@type\":\"EntryPoint\",\"urlTemplate\":\"https:\/\/sey.fi\/vaasa\/?s={search_term_string}\"},\"query-input\":{\"@type\":\"PropertyValueSpecification\",\"valueRequired\":true,\"valueName\":\"search_term_string\"}}],\"inLanguage\":\"fi\"}]}<\/script>\n<!-- \/ Yoast SEO plugin. -->","yoast_head_json":{"title":"Yhdistys - Vaasan seudun el\u00e4insuojeluyhdistys","robots":{"index":"index","follow":"follow","max-snippet":"max-snippet:-1","max-image-preview":"max-image-preview:large","max-video-preview":"max-video-preview:-1"},"canonical":"https:\/\/sey.fi\/vaasa\/vaasan-elainsuojelu\/yhdistys\/","og_locale":"fi_FI","og_type":"article","og_title":"Yhdistys - Vaasan seudun el\u00e4insuojeluyhdistys","og_description":"Vaasanseudun el\u00e4insuojeluyhdistys ry VESY&nbsp;on Suomen suurimman el\u00e4insuojeluj\u00e4rjest\u00f6n,&nbsp;SEY Suomen el\u00e4insuojeluyhdistysten liitto ry:n, j\u00e4senyhdistys, ja toimintamme tapahtuu vapaaehtoisvoimin ja lahjoitusten varassa. Jo vuodesta 1961 saakka VESY on j\u00e4rjest\u00e4nyt erilaisia hyv\u00e4ntekev\u00e4isyystapahtumia tukeakseen sek\u00e4 paikallista el\u00e4insuojelutoimintaa ett\u00e4 avuntarpeessa olevien v\u00e4h\u00e4varaisten yksityishenkil\u00f6iden lemmikkej\u00e4.&nbsp;","og_url":"https:\/\/sey.fi\/vaasa\/vaasan-elainsuojelu\/yhdistys\/","og_site_name":"Vaasan seudun el\u00e4insuojeluyhdistys","article_modified_time":"2019-11-22T15:28:01+00:00","og_image":[{"url":"http:\/\/vaasa.sey.fi\/images\/2.png","type":"","width":"","height":""}],"twitter_card":"summary_large_image","schema":{"@context":"https:\/\/schema.org","@graph":[{"@type":"WebPage","@id":"https:\/\/sey.fi\/vaasa\/vaasan-elainsuojelu\/yhdistys\/","url":"https:\/\/sey.fi\/vaasa\/vaasan-elainsuojelu\/yhdistys\/","name":"Yhdistys - Vaasan seudun el\u00e4insuojeluyhdistys","isPartOf":{"@id":"https:\/\/sey.fi\/vaasa\/#website"},"primaryImageOfPage":{"@id":"https:\/\/sey.fi\/vaasa\/vaasan-elainsuojelu\/yhdistys\/#primaryimage"},"image":{"@id":"https:\/\/sey.fi\/vaasa\/vaasan-elainsuojelu\/yhdistys\/#primaryimage"},"thumbnailUrl":"http:\/\/vaasa.sey.fi\/images\/2.png","datePublished":"2019-11-22T15:28:00+00:00","dateModified":"2019-11-22T15:28:01+00:00","breadcrumb":{"@id":"https:\/\/sey.fi\/vaasa\/vaasan-elainsuojelu\/yhdistys\/#breadcrumb"},"inLanguage":"fi","potentialAction":[{"@type":"ReadAction","target":["https:\/\/sey.fi\/vaasa\/vaasan-elainsuojelu\/yhdistys\/"]}]},{"@type":"ImageObject","inLanguage":"fi","@id":"https:\/\/sey.fi\/vaasa\/vaasan-elainsuojelu\/yhdistys\/#primaryimage","url":"http:\/\/vaasa.sey.fi\/images\/2.png","contentUrl":"http:\/\/vaasa.sey.fi\/images\/2.png"},{"@type":"BreadcrumbList","@id":"https:\/\/sey.fi\/vaasa\/vaasan-elainsuojelu\/yhdistys\/#breadcrumb","itemListElement":[{"@type":"ListItem","position":1,"name":"Home","item":"https:\/\/sey.fi\/vaasa\/"},{"@type":"ListItem","position":2,"name":"Vaasan seudun el\u00e4insuojeluyhdistys","item":"https:\/\/sey.fi\/vaasa\/"},{"@type":"ListItem","position":3,"name":"Yhdistys"}]},{"@type":"WebSite","@id":"https:\/\/sey.fi\/vaasa\/#website","url":"https:\/\/sey.fi\/vaasa\/","name":"Vaasan seudun el\u00e4insuojeluyhdistys","description":"Uusi SEY J\u00e4senyhdistykset -sivusto","potentialAction":[{"@type":"SearchAction","target":{"@type":"EntryPoint","urlTemplate":"https:\/\/sey.fi\/vaasa\/?s={search_term_string}"},"query-input":{"@type":"PropertyValueSpecification","valueRequired":true,"valueName":"search_term_string"}}],"inLanguage":"fi"}]}},"_links":{"self":[{"href":"https:\/\/sey.fi\/vaasa\/wp-json\/wp\/v2\/pages\/37","targetHints":{"allow":["GET"]}}],"collection":[{"href":"https:\/\/sey.fi\/vaasa\/wp-json\/wp\/v2\/pages"}],"about":[{"href":"https:\/\/sey.fi\/vaasa\/wp-json\/wp\/v2\/types\/page"}],"author":[{"embeddable":true,"href":"https:\/\/sey.fi\/vaasa\/wp-json\/wp\/v2\/users\/8"}],"replies":[{"embeddable":true,"href":"https:\/\/sey.fi\/vaasa\/wp-json\/wp\/v2\/comments?post=37"}],"version-history":[{"count":1,"href":"https:\/\/sey.fi\/vaasa\/wp-json\/wp\/v2\/pages\/37\/revisions"}],"predecessor-version":[{"id":38,"href":"https:\/\/sey.fi\/vaasa\/wp-json\/wp\/v2\/pages\/37\/revisions\/38"}],"up":[{"embeddable":true,"href":"https:\/\/sey.fi\/vaasa\/wp-json\/wp\/v2\/pages\/2"}],"wp:attachment":[{"href":"https:\/\/sey.fi\/vaasa\/wp-json\/wp\/v2\/media?parent=37"}],"curies":[{"name":"wp","href":"https:\/\/api.w.org\/{rel}","templated":true}]}}