{"id":43,"date":"2019-11-22T17:29:25","date_gmt":"2019-11-22T15:29:25","guid":{"rendered":"http:\/\/srvr10.xetpoint.com\/~seyfi\/vaasa\/?page_id=43"},"modified":"2020-06-23T20:37:40","modified_gmt":"2020-06-23T17:37:40","slug":"liity-jaseneksi","status":"publish","type":"page","link":"https:\/\/sey.fi\/vaasa\/vaasan-elainsuojelu\/yhdistys\/liity-jaseneksi\/","title":{"rendered":"Liity j\u00e4seneksi"},"content":{"rendered":"\n<p>Vesyn toiminta tapahtuu t\u00e4ysin vapaaehtoisvoimin ja lahjoitusten varassa. J\u00e4rjest\u00e4mme&nbsp;erilaisia hyv\u00e4ntekev\u00e4isyystapahtumia tukeaksemme&nbsp;sek\u00e4 paikallista el\u00e4insuojelutoimintaa ett\u00e4 avuntarpeessa olevien yksityishenkil\u00f6iden lemmikkej\u00e4.<\/p>\n\n\n\n<p>Vesy&nbsp;k\u00e4sittelee ja hyv\u00e4ksyy j\u00e4senet hallituksen kokouksissa, jonka j\u00e4lkeen j\u00e4seneksi hyv\u00e4ksytyille tulee postissa mm. tilisiirto j\u00e4senmaksua varten. Liittym\u00e4ll\u00e4 Vesyn&nbsp;j\u00e4seneksi olet my\u00f6s kattoj\u00e4rjest\u00f6mme&nbsp;<strong><a href=\"http:\/\/www.sey.fi\/\" target=\"_blank\" rel=\"noreferrer noopener\">SEY<\/a><\/strong>:n j\u00e4sen. Kaikki SEY:n j\u00e4senet saavat&nbsp;<strong><a href=\"http:\/\/www.sey.fi\/seytoimii\/viestinta\/elainten-ystava-lehti\" target=\"_blank\" rel=\"noreferrer noopener\">El\u00e4inten yst\u00e4v\u00e4 -lehden<\/a><\/strong>&nbsp;nelj\u00e4 kertaa vuodessa sek\u00e4 voivat osallistua SEYn j\u00e4rjest\u00e4miin koulutuksiin ja tilaisuuksiin. J\u00e4senlaskut postitetaan SEY:n toimesta kerran vuodessa kev\u00e4isin, eli saat usein lehden ja muuta ennen j\u00e4senmaksulaskun saapumista.<\/p>\n\n\n\n<p><strong>J\u00e4seneksi liittyminen on arvokas el\u00e4insuojeluteko<\/strong>. Liittym\u00e4ll\u00e4 VESYn&nbsp;j\u00e4seneksi tuet yhdistyksemme toiminnan jatkuvuutta sek\u00e4 tuet kattoj\u00e4rjest\u00f6mme SEY:n el\u00e4insuojeluty\u00f6t\u00e4.&nbsp;<\/p>\n\n\n\n<p>VESY:n ja SEY:n j\u00e4seneksi voit liitty\u00e4&nbsp;<strong><a href=\"http:\/\/www.sey.fi\/tue-toimintaa\/jasenyys\">t\u00e4\u00e4ll\u00e4<\/a>.<\/strong><\/p>\n","protected":false},"excerpt":{"rendered":"<p>Vesyn toiminta tapahtuu t\u00e4ysin vapaaehtoisvoimin ja lahjoitusten varassa. J\u00e4rjest\u00e4mme&nbsp;erilaisia hyv\u00e4ntekev\u00e4isyystapahtumia tukeaksemme&nbsp;sek\u00e4 paikallista el\u00e4insuojelutoimintaa ett\u00e4 avuntarpeessa olevien yksityishenkil\u00f6iden lemmikkej\u00e4. Vesy&nbsp;k\u00e4sittelee ja hyv\u00e4ksyy j\u00e4senet hallituksen kokouksissa, jonka j\u00e4lkeen j\u00e4seneksi hyv\u00e4ksytyille tulee postissa mm. tilisiirto j\u00e4senmaksua varten. Liittym\u00e4ll\u00e4 Vesyn&nbsp;j\u00e4seneksi olet my\u00f6s kattoj\u00e4rjest\u00f6mme&nbsp;SEY:n j\u00e4sen. Kaikki SEY:n j\u00e4senet saavat&nbsp;El\u00e4inten yst\u00e4v\u00e4 -lehden&nbsp;nelj\u00e4 kertaa vuodessa sek\u00e4 voivat osallistua SEYn j\u00e4rjest\u00e4miin koulutuksiin ja [&hellip;]<\/p>\n","protected":false},"author":8,"featured_media":0,"parent":37,"menu_order":0,"comment_status":"closed","ping_status":"closed","template":"","meta":{"_acf_changed":false,"footnotes":""},"class_list":["post-43","page","type-page","status-publish","hentry"],"acf":[],"yoast_head":"<!-- This site is optimized with the Yoast SEO plugin v27.1.1 - https:\/\/yoast.com\/product\/yoast-seo-wordpress\/ -->\n<title>Liity j\u00e4seneksi - Vaasan seudun el\u00e4insuojeluyhdistys<\/title>\n<meta name=\"robots\" content=\"index, follow, max-snippet:-1, max-image-preview:large, max-video-preview:-1\" \/>\n<link rel=\"canonical\" href=\"https:\/\/sey.fi\/vaasa\/vaasan-elainsuojelu\/yhdistys\/liity-jaseneksi\/\" \/>\n<meta property=\"og:locale\" content=\"fi_FI\" \/>\n<meta property=\"og:type\" content=\"article\" \/>\n<meta property=\"og:title\" content=\"Liity j\u00e4seneksi - Vaasan seudun el\u00e4insuojeluyhdistys\" \/>\n<meta property=\"og:description\" content=\"Vesyn toiminta tapahtuu t\u00e4ysin vapaaehtoisvoimin ja lahjoitusten varassa. J\u00e4rjest\u00e4mme&nbsp;erilaisia hyv\u00e4ntekev\u00e4isyystapahtumia tukeaksemme&nbsp;sek\u00e4 paikallista el\u00e4insuojelutoimintaa ett\u00e4 avuntarpeessa olevien yksityishenkil\u00f6iden lemmikkej\u00e4. Vesy&nbsp;k\u00e4sittelee ja hyv\u00e4ksyy j\u00e4senet hallituksen kokouksissa, jonka j\u00e4lkeen j\u00e4seneksi hyv\u00e4ksytyille tulee postissa mm. tilisiirto j\u00e4senmaksua varten. Liittym\u00e4ll\u00e4 Vesyn&nbsp;j\u00e4seneksi olet my\u00f6s kattoj\u00e4rjest\u00f6mme&nbsp;SEY:n j\u00e4sen. Kaikki SEY:n j\u00e4senet saavat&nbsp;El\u00e4inten yst\u00e4v\u00e4 -lehden&nbsp;nelj\u00e4 kertaa vuodessa sek\u00e4 voivat osallistua SEYn j\u00e4rjest\u00e4miin koulutuksiin ja [&hellip;]\" \/>\n<meta property=\"og:url\" content=\"https:\/\/sey.fi\/vaasa\/vaasan-elainsuojelu\/yhdistys\/liity-jaseneksi\/\" \/>\n<meta property=\"og:site_name\" content=\"Vaasan seudun el\u00e4insuojeluyhdistys\" \/>\n<meta property=\"article:modified_time\" content=\"2020-06-23T17:37:40+00:00\" \/>\n<meta name=\"twitter:card\" content=\"summary_large_image\" \/>\n<meta name=\"twitter:label1\" content=\"Arvioitu lukuaika\" \/>\n\t<meta name=\"twitter:data1\" content=\"1 minuutti\" \/>\n<script type=\"application\/ld+json\" class=\"yoast-schema-graph\">{\"@context\":\"https:\/\/schema.org\",\"@graph\":[{\"@type\":\"WebPage\",\"@id\":\"https:\/\/sey.fi\/vaasa\/vaasan-elainsuojelu\/yhdistys\/liity-jaseneksi\/\",\"url\":\"https:\/\/sey.fi\/vaasa\/vaasan-elainsuojelu\/yhdistys\/liity-jaseneksi\/\",\"name\":\"Liity j\u00e4seneksi - Vaasan seudun el\u00e4insuojeluyhdistys\",\"isPartOf\":{\"@id\":\"https:\/\/sey.fi\/vaasa\/#website\"},\"datePublished\":\"2019-11-22T15:29:25+00:00\",\"dateModified\":\"2020-06-23T17:37:40+00:00\",\"breadcrumb\":{\"@id\":\"https:\/\/sey.fi\/vaasa\/vaasan-elainsuojelu\/yhdistys\/liity-jaseneksi\/#breadcrumb\"},\"inLanguage\":\"fi\",\"potentialAction\":[{\"@type\":\"ReadAction\",\"target\":[\"https:\/\/sey.fi\/vaasa\/vaasan-elainsuojelu\/yhdistys\/liity-jaseneksi\/\"]}]},{\"@type\":\"BreadcrumbList\",\"@id\":\"https:\/\/sey.fi\/vaasa\/vaasan-elainsuojelu\/yhdistys\/liity-jaseneksi\/#breadcrumb\",\"itemListElement\":[{\"@type\":\"ListItem\",\"position\":1,\"name\":\"Home\",\"item\":\"https:\/\/sey.fi\/vaasa\/\"},{\"@type\":\"ListItem\",\"position\":2,\"name\":\"Vaasan seudun el\u00e4insuojeluyhdistys\",\"item\":\"https:\/\/sey.fi\/vaasa\/\"},{\"@type\":\"ListItem\",\"position\":3,\"name\":\"Yhdistys\",\"item\":\"https:\/\/sey.fi\/vaasa\/vaasan-elainsuojelu\/yhdistys\/\"},{\"@type\":\"ListItem\",\"position\":4,\"name\":\"Liity j\u00e4seneksi\"}]},{\"@type\":\"WebSite\",\"@id\":\"https:\/\/sey.fi\/vaasa\/#website\",\"url\":\"https:\/\/sey.fi\/vaasa\/\",\"name\":\"Vaasan seudun el\u00e4insuojeluyhdistys\",\"description\":\"Uusi SEY J\u00e4senyhdistykset -sivusto\",\"potentialAction\":[{\"@type\":\"SearchAction\",\"target\":{\"@type\":\"EntryPoint\",\"urlTemplate\":\"https:\/\/sey.fi\/vaasa\/?s={search_term_string}\"},\"query-input\":{\"@type\":\"PropertyValueSpecification\",\"valueRequired\":true,\"valueName\":\"search_term_string\"}}],\"inLanguage\":\"fi\"}]}<\/script>\n<!-- \/ Yoast SEO plugin. -->","yoast_head_json":{"title":"Liity j\u00e4seneksi - Vaasan seudun el\u00e4insuojeluyhdistys","robots":{"index":"index","follow":"follow","max-snippet":"max-snippet:-1","max-image-preview":"max-image-preview:large","max-video-preview":"max-video-preview:-1"},"canonical":"https:\/\/sey.fi\/vaasa\/vaasan-elainsuojelu\/yhdistys\/liity-jaseneksi\/","og_locale":"fi_FI","og_type":"article","og_title":"Liity j\u00e4seneksi - Vaasan seudun el\u00e4insuojeluyhdistys","og_description":"Vesyn toiminta tapahtuu t\u00e4ysin vapaaehtoisvoimin ja lahjoitusten varassa. J\u00e4rjest\u00e4mme&nbsp;erilaisia hyv\u00e4ntekev\u00e4isyystapahtumia tukeaksemme&nbsp;sek\u00e4 paikallista el\u00e4insuojelutoimintaa ett\u00e4 avuntarpeessa olevien yksityishenkil\u00f6iden lemmikkej\u00e4. Vesy&nbsp;k\u00e4sittelee ja hyv\u00e4ksyy j\u00e4senet hallituksen kokouksissa, jonka j\u00e4lkeen j\u00e4seneksi hyv\u00e4ksytyille tulee postissa mm. tilisiirto j\u00e4senmaksua varten. Liittym\u00e4ll\u00e4 Vesyn&nbsp;j\u00e4seneksi olet my\u00f6s kattoj\u00e4rjest\u00f6mme&nbsp;SEY:n j\u00e4sen. Kaikki SEY:n j\u00e4senet saavat&nbsp;El\u00e4inten yst\u00e4v\u00e4 -lehden&nbsp;nelj\u00e4 kertaa vuodessa sek\u00e4 voivat osallistua SEYn j\u00e4rjest\u00e4miin koulutuksiin ja [&hellip;]","og_url":"https:\/\/sey.fi\/vaasa\/vaasan-elainsuojelu\/yhdistys\/liity-jaseneksi\/","og_site_name":"Vaasan seudun el\u00e4insuojeluyhdistys","article_modified_time":"2020-06-23T17:37:40+00:00","twitter_card":"summary_large_image","twitter_misc":{"Arvioitu lukuaika":"1 minuutti"},"schema":{"@context":"https:\/\/schema.org","@graph":[{"@type":"WebPage","@id":"https:\/\/sey.fi\/vaasa\/vaasan-elainsuojelu\/yhdistys\/liity-jaseneksi\/","url":"https:\/\/sey.fi\/vaasa\/vaasan-elainsuojelu\/yhdistys\/liity-jaseneksi\/","name":"Liity j\u00e4seneksi - Vaasan seudun el\u00e4insuojeluyhdistys","isPartOf":{"@id":"https:\/\/sey.fi\/vaasa\/#website"},"datePublished":"2019-11-22T15:29:25+00:00","dateModified":"2020-06-23T17:37:40+00:00","breadcrumb":{"@id":"https:\/\/sey.fi\/vaasa\/vaasan-elainsuojelu\/yhdistys\/liity-jaseneksi\/#breadcrumb"},"inLanguage":"fi","potentialAction":[{"@type":"ReadAction","target":["https:\/\/sey.fi\/vaasa\/vaasan-elainsuojelu\/yhdistys\/liity-jaseneksi\/"]}]},{"@type":"BreadcrumbList","@id":"https:\/\/sey.fi\/vaasa\/vaasan-elainsuojelu\/yhdistys\/liity-jaseneksi\/#breadcrumb","itemListElement":[{"@type":"ListItem","position":1,"name":"Home","item":"https:\/\/sey.fi\/vaasa\/"},{"@type":"ListItem","position":2,"name":"Vaasan seudun el\u00e4insuojeluyhdistys","item":"https:\/\/sey.fi\/vaasa\/"},{"@type":"ListItem","position":3,"name":"Yhdistys","item":"https:\/\/sey.fi\/vaasa\/vaasan-elainsuojelu\/yhdistys\/"},{"@type":"ListItem","position":4,"name":"Liity j\u00e4seneksi"}]},{"@type":"WebSite","@id":"https:\/\/sey.fi\/vaasa\/#website","url":"https:\/\/sey.fi\/vaasa\/","name":"Vaasan seudun el\u00e4insuojeluyhdistys","description":"Uusi SEY J\u00e4senyhdistykset -sivusto","potentialAction":[{"@type":"SearchAction","target":{"@type":"EntryPoint","urlTemplate":"https:\/\/sey.fi\/vaasa\/?s={search_term_string}"},"query-input":{"@type":"PropertyValueSpecification","valueRequired":true,"valueName":"search_term_string"}}],"inLanguage":"fi"}]}},"_links":{"self":[{"href":"https:\/\/sey.fi\/vaasa\/wp-json\/wp\/v2\/pages\/43","targetHints":{"allow":["GET"]}}],"collection":[{"href":"https:\/\/sey.fi\/vaasa\/wp-json\/wp\/v2\/pages"}],"about":[{"href":"https:\/\/sey.fi\/vaasa\/wp-json\/wp\/v2\/types\/page"}],"author":[{"embeddable":true,"href":"https:\/\/sey.fi\/vaasa\/wp-json\/wp\/v2\/users\/8"}],"replies":[{"embeddable":true,"href":"https:\/\/sey.fi\/vaasa\/wp-json\/wp\/v2\/comments?post=43"}],"version-history":[{"count":1,"href":"https:\/\/sey.fi\/vaasa\/wp-json\/wp\/v2\/pages\/43\/revisions"}],"predecessor-version":[{"id":44,"href":"https:\/\/sey.fi\/vaasa\/wp-json\/wp\/v2\/pages\/43\/revisions\/44"}],"up":[{"embeddable":true,"href":"https:\/\/sey.fi\/vaasa\/wp-json\/wp\/v2\/pages\/37"}],"wp:attachment":[{"href":"https:\/\/sey.fi\/vaasa\/wp-json\/wp\/v2\/media?parent=43"}],"curies":[{"name":"wp","href":"https:\/\/api.w.org\/{rel}","templated":true}]}}