{"id":49,"date":"2019-11-22T17:30:52","date_gmt":"2019-11-22T15:30:52","guid":{"rendered":"http:\/\/srvr10.xetpoint.com\/~seyfi\/vaasa\/?page_id=49"},"modified":"2020-06-23T20:25:02","modified_gmt":"2020-06-23T17:25:02","slug":"elainsuojelu","status":"publish","type":"page","link":"https:\/\/sey.fi\/vaasa\/vaasan-elainsuojelu\/elainsuojelu\/","title":{"rendered":"Huoli el\u00e4imen voinnista?"},"content":{"rendered":"\n<p><strong><a href=\"http:\/\/www.sey.fi\/yhteystiedot\/sahkoinen-elainsuojeluilmoitus\" target=\"_blank\" rel=\"noreferrer noopener\">T\u00e4ll\u00e4 lomakkeella<\/a><\/strong>&nbsp;voit tehd\u00e4 ilmoituksen ep\u00e4illess\u00e4si el\u00e4inten huonoa kohtelua.&nbsp;Kiireellisiss\u00e4 tapauksissa \u00e4l\u00e4 j\u00e4t\u00e4 palautetta lomakkeen&nbsp;kautta, vaan ota yhteytt\u00e4 suoraan alueen el\u00e4insuojeluneuvojaan, oman kunnan el\u00e4insuojeluviranomaiseen (yleens\u00e4 valvontael\u00e4inl\u00e4\u00e4k\u00e4ri tai kunnan el\u00e4inl\u00e4\u00e4k\u00e4ri), terveystarkastajaan tai akuuteissa tapauksissa poliisiin numeroon 112. Teeth\u00e4n el\u00e4insuojeluilmoituksen, vaikka huoli el\u00e4imen hyvinvoinnista olisi pieni. El\u00e4insuojeluilmoitukset k\u00e4sitell\u00e4\u00e4n luottamuksellisesti eik\u00e4 ilmoittajan tietoja luovuteta&nbsp;kolmansille osapuolille.<\/p>\n\n\n\n<p>Virka-ajan ulkopuolella kiireellisiss\u00e4 asioissa ota yhteys <a href=\"https:\/\/www.mustasaari.fi\/rakentaminen-ja-ymparisto\/lansirannikon-ymparistoyksikko\/elainlaakintahuolto\/elainlaakaripaivystys\/\" target=\"_blank\" rel=\"noreferrer noopener\" aria-label=\" (avautuu uudessa v\u00e4lilehdess\u00e4)\">Vaasan seudun p\u00e4ivyst\u00e4v\u00e4\u00e4n el\u00e4inl\u00e4\u00e4k\u00e4riin<\/a> tai poliisiin.<\/p>\n\n\n\n<p><strong>EL\u00c4INSUOJELULAKI<\/strong><\/p>\n\n\n\n<p>T\u00e4ss\u00e4 joitakin keskeisi\u00e4 pyk\u00e4li\u00e4 voimassaolevasta el\u00e4insuojelulaista 1996\/247. <a href=\"https:\/\/www.finlex.fi\/fi\/laki\/ajantasa\/1996\/19960247#L2P6\" target=\"_blank\" rel=\"noreferrer noopener\" aria-label=\"Laki l\u00f6ytyy kokonaisuudessaan t\u00e4st\u00e4.  (avautuu uudessa v\u00e4lilehdess\u00e4)\">Laki l\u00f6ytyy kokonaisuudessaan t\u00e4st\u00e4. <\/a><\/p>\n\n\n\n<p><strong>3 \u00a7 Yleiset periaatteet<\/strong><br>El\u00e4imi\u00e4 on kohdeltava hyvin eik\u00e4 niille saa aiheuttaa tarpeetonta k\u00e4rsimyst\u00e4. Tarpeettoman kivun ja tuskan tuottaminen el\u00e4imille on kielletty. Lis\u00e4ksi el\u00e4intenpidossa on edistett\u00e4v\u00e4 el\u00e4inten terveyden yll\u00e4pit\u00e4mist\u00e4 sek\u00e4 otettava huomioon el\u00e4inten fysiologiset tarpeet ja k\u00e4ytt\u00e4ytymistarpeet. Asetuksella voidaan antaa tarkempia s\u00e4\u00e4nn\u00f6ksi\u00e4 siit\u00e4, mit\u00e4 on pidett\u00e4v\u00e4 tarpeettoman k\u00e4rsimyksen, kivun ja tuskan tuottamisena el\u00e4imille.<\/p>\n\n\n\n<p><strong>6 \u00a7 El\u00e4inten kohtelu<\/strong><br>El\u00e4imen liiallinen rasittaminen ja kohtuuttoman ankara kurissa pit\u00e4minen ja kouluttaminen sek\u00e4 liian kovakourainen k\u00e4sittely on kielletty. El\u00e4imen sitominen tarpeetonta k\u00e4rsimyst\u00e4 tuottavalla tavalla on kielletty. El\u00e4imen on annettava lev\u00e4t\u00e4 kunnolla ja lis\u00e4ksi sen on saatava liikkua. Asetuksella voidaan antaa tarkempia s\u00e4\u00e4nn\u00f6ksi\u00e4 el\u00e4imen kohtelulle asetettavista vaatimuksista. Asetuksella voidaan my\u00f6s s\u00e4\u00e4t\u00e4\u00e4, ett\u00e4 maa- ja mets\u00e4talousministeri\u00f6 voi antaa niist\u00e4 tarkempia m\u00e4\u00e4r\u00e4yksi\u00e4.<\/p>\n\n\n\n<p><strong>15 \u00a7 Talteenotetut el\u00e4imet<\/strong><br>Kunnan on huolehdittava alueellaan irrallaan tavattujen ja talteenotettujen koirien ja kissojen sek\u00e4 muiden vastaavien pienikokoisten seura- ja harrastusel\u00e4inten tilap\u00e4isen hoidon j\u00e4rjest\u00e4misest\u00e4. Talteenotettua el\u00e4int\u00e4 on s\u00e4ilytett\u00e4v\u00e4 v\u00e4hint\u00e4\u00e4n 15 p\u00e4iv\u00e4n ajan, mink\u00e4 j\u00e4lkeen kunnan on oikeus myyd\u00e4, muutoin luovuttaa tai lopettaa el\u00e4in. Kunnalla on oikeus peri\u00e4 el\u00e4imen omistajalta tai haltijalta korvaus el\u00e4imen talteenotosta, hoidosta ja mahdollisesta lopettamisesta aiheutuneista kustannuksista.<\/p>\n\n\n\n<p><\/p>\n\n\n\n<p><\/p>\n","protected":false},"excerpt":{"rendered":"<p>T\u00e4ll\u00e4 lomakkeella&nbsp;voit tehd\u00e4 ilmoituksen ep\u00e4illess\u00e4si el\u00e4inten huonoa kohtelua.&nbsp;Kiireellisiss\u00e4 tapauksissa \u00e4l\u00e4 j\u00e4t\u00e4 palautetta lomakkeen&nbsp;kautta, vaan ota yhteytt\u00e4 suoraan alueen el\u00e4insuojeluneuvojaan, oman kunnan el\u00e4insuojeluviranomaiseen (yleens\u00e4 valvontael\u00e4inl\u00e4\u00e4k\u00e4ri tai kunnan el\u00e4inl\u00e4\u00e4k\u00e4ri), terveystarkastajaan tai akuuteissa tapauksissa poliisiin numeroon 112. Teeth\u00e4n el\u00e4insuojeluilmoituksen, vaikka huoli el\u00e4imen hyvinvoinnista olisi pieni. El\u00e4insuojeluilmoitukset k\u00e4sitell\u00e4\u00e4n luottamuksellisesti eik\u00e4 ilmoittajan tietoja luovuteta&nbsp;kolmansille osapuolille. Virka-ajan ulkopuolella kiireellisiss\u00e4 asioissa ota [&hellip;]<\/p>\n","protected":false},"author":8,"featured_media":0,"parent":2,"menu_order":0,"comment_status":"closed","ping_status":"closed","template":"","meta":{"_acf_changed":false,"footnotes":""},"class_list":["post-49","page","type-page","status-publish","hentry"],"acf":[],"yoast_head":"<!-- This site is optimized with the Yoast SEO plugin v27.1.1 - https:\/\/yoast.com\/product\/yoast-seo-wordpress\/ -->\n<title>Huoli el\u00e4imen voinnista? - Vaasan seudun el\u00e4insuojeluyhdistys<\/title>\n<meta name=\"robots\" content=\"index, follow, max-snippet:-1, max-image-preview:large, max-video-preview:-1\" \/>\n<link rel=\"canonical\" href=\"https:\/\/sey.fi\/vaasa\/vaasan-elainsuojelu\/elainsuojelu\/\" \/>\n<meta property=\"og:locale\" content=\"fi_FI\" \/>\n<meta property=\"og:type\" content=\"article\" \/>\n<meta property=\"og:title\" content=\"Huoli el\u00e4imen voinnista? - Vaasan seudun el\u00e4insuojeluyhdistys\" \/>\n<meta property=\"og:description\" content=\"T\u00e4ll\u00e4 lomakkeella&nbsp;voit tehd\u00e4 ilmoituksen ep\u00e4illess\u00e4si el\u00e4inten huonoa kohtelua.&nbsp;Kiireellisiss\u00e4 tapauksissa \u00e4l\u00e4 j\u00e4t\u00e4 palautetta lomakkeen&nbsp;kautta, vaan ota yhteytt\u00e4 suoraan alueen el\u00e4insuojeluneuvojaan, oman kunnan el\u00e4insuojeluviranomaiseen (yleens\u00e4 valvontael\u00e4inl\u00e4\u00e4k\u00e4ri tai kunnan el\u00e4inl\u00e4\u00e4k\u00e4ri), terveystarkastajaan tai akuuteissa tapauksissa poliisiin numeroon 112. Teeth\u00e4n el\u00e4insuojeluilmoituksen, vaikka huoli el\u00e4imen hyvinvoinnista olisi pieni. El\u00e4insuojeluilmoitukset k\u00e4sitell\u00e4\u00e4n luottamuksellisesti eik\u00e4 ilmoittajan tietoja luovuteta&nbsp;kolmansille osapuolille. Virka-ajan ulkopuolella kiireellisiss\u00e4 asioissa ota [&hellip;]\" \/>\n<meta property=\"og:url\" content=\"https:\/\/sey.fi\/vaasa\/vaasan-elainsuojelu\/elainsuojelu\/\" \/>\n<meta property=\"og:site_name\" content=\"Vaasan seudun el\u00e4insuojeluyhdistys\" \/>\n<meta property=\"article:modified_time\" content=\"2020-06-23T17:25:02+00:00\" \/>\n<meta name=\"twitter:card\" content=\"summary_large_image\" \/>\n<meta name=\"twitter:label1\" content=\"Arvioitu lukuaika\" \/>\n\t<meta name=\"twitter:data1\" content=\"2 minuuttia\" \/>\n<script type=\"application\/ld+json\" class=\"yoast-schema-graph\">{\"@context\":\"https:\/\/schema.org\",\"@graph\":[{\"@type\":\"WebPage\",\"@id\":\"https:\/\/sey.fi\/vaasa\/vaasan-elainsuojelu\/elainsuojelu\/\",\"url\":\"https:\/\/sey.fi\/vaasa\/vaasan-elainsuojelu\/elainsuojelu\/\",\"name\":\"Huoli el\u00e4imen voinnista? - Vaasan seudun el\u00e4insuojeluyhdistys\",\"isPartOf\":{\"@id\":\"https:\/\/sey.fi\/vaasa\/#website\"},\"datePublished\":\"2019-11-22T15:30:52+00:00\",\"dateModified\":\"2020-06-23T17:25:02+00:00\",\"breadcrumb\":{\"@id\":\"https:\/\/sey.fi\/vaasa\/vaasan-elainsuojelu\/elainsuojelu\/#breadcrumb\"},\"inLanguage\":\"fi\",\"potentialAction\":[{\"@type\":\"ReadAction\",\"target\":[\"https:\/\/sey.fi\/vaasa\/vaasan-elainsuojelu\/elainsuojelu\/\"]}]},{\"@type\":\"BreadcrumbList\",\"@id\":\"https:\/\/sey.fi\/vaasa\/vaasan-elainsuojelu\/elainsuojelu\/#breadcrumb\",\"itemListElement\":[{\"@type\":\"ListItem\",\"position\":1,\"name\":\"Home\",\"item\":\"https:\/\/sey.fi\/vaasa\/\"},{\"@type\":\"ListItem\",\"position\":2,\"name\":\"Vaasan seudun el\u00e4insuojeluyhdistys\",\"item\":\"https:\/\/sey.fi\/vaasa\/\"},{\"@type\":\"ListItem\",\"position\":3,\"name\":\"Huoli el\u00e4imen voinnista?\"}]},{\"@type\":\"WebSite\",\"@id\":\"https:\/\/sey.fi\/vaasa\/#website\",\"url\":\"https:\/\/sey.fi\/vaasa\/\",\"name\":\"Vaasan seudun el\u00e4insuojeluyhdistys\",\"description\":\"Uusi SEY J\u00e4senyhdistykset -sivusto\",\"potentialAction\":[{\"@type\":\"SearchAction\",\"target\":{\"@type\":\"EntryPoint\",\"urlTemplate\":\"https:\/\/sey.fi\/vaasa\/?s={search_term_string}\"},\"query-input\":{\"@type\":\"PropertyValueSpecification\",\"valueRequired\":true,\"valueName\":\"search_term_string\"}}],\"inLanguage\":\"fi\"}]}<\/script>\n<!-- \/ Yoast SEO plugin. -->","yoast_head_json":{"title":"Huoli el\u00e4imen voinnista? - Vaasan seudun el\u00e4insuojeluyhdistys","robots":{"index":"index","follow":"follow","max-snippet":"max-snippet:-1","max-image-preview":"max-image-preview:large","max-video-preview":"max-video-preview:-1"},"canonical":"https:\/\/sey.fi\/vaasa\/vaasan-elainsuojelu\/elainsuojelu\/","og_locale":"fi_FI","og_type":"article","og_title":"Huoli el\u00e4imen voinnista? - Vaasan seudun el\u00e4insuojeluyhdistys","og_description":"T\u00e4ll\u00e4 lomakkeella&nbsp;voit tehd\u00e4 ilmoituksen ep\u00e4illess\u00e4si el\u00e4inten huonoa kohtelua.&nbsp;Kiireellisiss\u00e4 tapauksissa \u00e4l\u00e4 j\u00e4t\u00e4 palautetta lomakkeen&nbsp;kautta, vaan ota yhteytt\u00e4 suoraan alueen el\u00e4insuojeluneuvojaan, oman kunnan el\u00e4insuojeluviranomaiseen (yleens\u00e4 valvontael\u00e4inl\u00e4\u00e4k\u00e4ri tai kunnan el\u00e4inl\u00e4\u00e4k\u00e4ri), terveystarkastajaan tai akuuteissa tapauksissa poliisiin numeroon 112. Teeth\u00e4n el\u00e4insuojeluilmoituksen, vaikka huoli el\u00e4imen hyvinvoinnista olisi pieni. El\u00e4insuojeluilmoitukset k\u00e4sitell\u00e4\u00e4n luottamuksellisesti eik\u00e4 ilmoittajan tietoja luovuteta&nbsp;kolmansille osapuolille. Virka-ajan ulkopuolella kiireellisiss\u00e4 asioissa ota [&hellip;]","og_url":"https:\/\/sey.fi\/vaasa\/vaasan-elainsuojelu\/elainsuojelu\/","og_site_name":"Vaasan seudun el\u00e4insuojeluyhdistys","article_modified_time":"2020-06-23T17:25:02+00:00","twitter_card":"summary_large_image","twitter_misc":{"Arvioitu lukuaika":"2 minuuttia"},"schema":{"@context":"https:\/\/schema.org","@graph":[{"@type":"WebPage","@id":"https:\/\/sey.fi\/vaasa\/vaasan-elainsuojelu\/elainsuojelu\/","url":"https:\/\/sey.fi\/vaasa\/vaasan-elainsuojelu\/elainsuojelu\/","name":"Huoli el\u00e4imen voinnista? - Vaasan seudun el\u00e4insuojeluyhdistys","isPartOf":{"@id":"https:\/\/sey.fi\/vaasa\/#website"},"datePublished":"2019-11-22T15:30:52+00:00","dateModified":"2020-06-23T17:25:02+00:00","breadcrumb":{"@id":"https:\/\/sey.fi\/vaasa\/vaasan-elainsuojelu\/elainsuojelu\/#breadcrumb"},"inLanguage":"fi","potentialAction":[{"@type":"ReadAction","target":["https:\/\/sey.fi\/vaasa\/vaasan-elainsuojelu\/elainsuojelu\/"]}]},{"@type":"BreadcrumbList","@id":"https:\/\/sey.fi\/vaasa\/vaasan-elainsuojelu\/elainsuojelu\/#breadcrumb","itemListElement":[{"@type":"ListItem","position":1,"name":"Home","item":"https:\/\/sey.fi\/vaasa\/"},{"@type":"ListItem","position":2,"name":"Vaasan seudun el\u00e4insuojeluyhdistys","item":"https:\/\/sey.fi\/vaasa\/"},{"@type":"ListItem","position":3,"name":"Huoli el\u00e4imen voinnista?"}]},{"@type":"WebSite","@id":"https:\/\/sey.fi\/vaasa\/#website","url":"https:\/\/sey.fi\/vaasa\/","name":"Vaasan seudun el\u00e4insuojeluyhdistys","description":"Uusi SEY J\u00e4senyhdistykset -sivusto","potentialAction":[{"@type":"SearchAction","target":{"@type":"EntryPoint","urlTemplate":"https:\/\/sey.fi\/vaasa\/?s={search_term_string}"},"query-input":{"@type":"PropertyValueSpecification","valueRequired":true,"valueName":"search_term_string"}}],"inLanguage":"fi"}]}},"_links":{"self":[{"href":"https:\/\/sey.fi\/vaasa\/wp-json\/wp\/v2\/pages\/49","targetHints":{"allow":["GET"]}}],"collection":[{"href":"https:\/\/sey.fi\/vaasa\/wp-json\/wp\/v2\/pages"}],"about":[{"href":"https:\/\/sey.fi\/vaasa\/wp-json\/wp\/v2\/types\/page"}],"author":[{"embeddable":true,"href":"https:\/\/sey.fi\/vaasa\/wp-json\/wp\/v2\/users\/8"}],"replies":[{"embeddable":true,"href":"https:\/\/sey.fi\/vaasa\/wp-json\/wp\/v2\/comments?post=49"}],"version-history":[{"count":4,"href":"https:\/\/sey.fi\/vaasa\/wp-json\/wp\/v2\/pages\/49\/revisions"}],"predecessor-version":[{"id":123,"href":"https:\/\/sey.fi\/vaasa\/wp-json\/wp\/v2\/pages\/49\/revisions\/123"}],"up":[{"embeddable":true,"href":"https:\/\/sey.fi\/vaasa\/wp-json\/wp\/v2\/pages\/2"}],"wp:attachment":[{"href":"https:\/\/sey.fi\/vaasa\/wp-json\/wp\/v2\/media?parent=49"}],"curies":[{"name":"wp","href":"https:\/\/api.w.org\/{rel}","templated":true}]}}