{"id":51,"date":"2019-11-22T17:31:15","date_gmt":"2019-11-22T15:31:15","guid":{"rendered":"http:\/\/srvr10.xetpoint.com\/~seyfi\/vaasa\/?page_id=51"},"modified":"2026-04-21T20:30:24","modified_gmt":"2026-04-21T17:30:24","slug":"loytoelaintahot","status":"publish","type":"page","link":"https:\/\/sey.fi\/vaasa\/vaasan-elainsuojelu\/loytoelaintahot\/","title":{"rendered":"L\u00f6yt\u00f6el\u00e4intahot"},"content":{"rendered":"\n<p><strong>Kaikki l\u00f6yt\u00f6el\u00e4imet<\/strong> &#8211; Koiratarha Kulkuri&nbsp; ( (l\u00f6yt\u00f6el\u00e4inten virallinen talteenottopaikka Vaasa, Mustasaari, V\u00f6yri ja Maalahti) <br>Myllykatu 1, 65100 Vaasa<br>puh. 040 834 2222<br>Facebook:&nbsp;<a href=\"http:\/\/www.facebook.com\/KoiratarhaKulkuri\/\">www.facebook.com\/KoiratarhaKulkuri\/<\/a><\/p>\n\n\n\n<p><\/p>\n","protected":false},"excerpt":{"rendered":"<p>Kaikki l\u00f6yt\u00f6el\u00e4imet &#8211; Koiratarha Kulkuri&nbsp; ( (l\u00f6yt\u00f6el\u00e4inten virallinen talteenottopaikka Vaasa, Mustasaari, V\u00f6yri ja Maalahti) Myllykatu 1, 65100 Vaasapuh. 040 834 2222Facebook:&nbsp;www.facebook.com\/KoiratarhaKulkuri\/<\/p>\n","protected":false},"author":8,"featured_media":0,"parent":2,"menu_order":0,"comment_status":"closed","ping_status":"closed","template":"","meta":{"_acf_changed":false,"footnotes":""},"class_list":["post-51","page","type-page","status-publish","hentry"],"acf":[],"yoast_head":"<!-- This site is optimized with the Yoast SEO plugin v27.1.1 - https:\/\/yoast.com\/product\/yoast-seo-wordpress\/ -->\n<title>L\u00f6yt\u00f6el\u00e4intahot - Vaasan seudun el\u00e4insuojeluyhdistys<\/title>\n<meta name=\"robots\" content=\"index, follow, max-snippet:-1, max-image-preview:large, max-video-preview:-1\" \/>\n<link rel=\"canonical\" href=\"https:\/\/sey.fi\/vaasa\/vaasan-elainsuojelu\/loytoelaintahot\/\" \/>\n<meta property=\"og:locale\" content=\"fi_FI\" \/>\n<meta property=\"og:type\" content=\"article\" \/>\n<meta property=\"og:title\" content=\"L\u00f6yt\u00f6el\u00e4intahot - Vaasan seudun el\u00e4insuojeluyhdistys\" \/>\n<meta property=\"og:description\" content=\"Kaikki l\u00f6yt\u00f6el\u00e4imet &#8211; Koiratarha Kulkuri&nbsp; ( (l\u00f6yt\u00f6el\u00e4inten virallinen talteenottopaikka Vaasa, Mustasaari, V\u00f6yri ja Maalahti) Myllykatu 1, 65100 Vaasapuh. 040 834 2222Facebook:&nbsp;www.facebook.com\/KoiratarhaKulkuri\/\" \/>\n<meta property=\"og:url\" content=\"https:\/\/sey.fi\/vaasa\/vaasan-elainsuojelu\/loytoelaintahot\/\" \/>\n<meta property=\"og:site_name\" content=\"Vaasan seudun el\u00e4insuojeluyhdistys\" \/>\n<meta property=\"article:modified_time\" content=\"2026-04-21T17:30:24+00:00\" \/>\n<meta name=\"twitter:card\" content=\"summary_large_image\" \/>\n<meta name=\"twitter:label1\" content=\"Arvioitu lukuaika\" \/>\n\t<meta name=\"twitter:data1\" content=\"1 minuutti\" \/>\n<script type=\"application\/ld+json\" class=\"yoast-schema-graph\">{\"@context\":\"https:\/\/schema.org\",\"@graph\":[{\"@type\":\"WebPage\",\"@id\":\"https:\/\/sey.fi\/vaasa\/vaasan-elainsuojelu\/loytoelaintahot\/\",\"url\":\"https:\/\/sey.fi\/vaasa\/vaasan-elainsuojelu\/loytoelaintahot\/\",\"name\":\"L\u00f6yt\u00f6el\u00e4intahot - Vaasan seudun el\u00e4insuojeluyhdistys\",\"isPartOf\":{\"@id\":\"https:\/\/sey.fi\/vaasa\/#website\"},\"datePublished\":\"2019-11-22T15:31:15+00:00\",\"dateModified\":\"2026-04-21T17:30:24+00:00\",\"breadcrumb\":{\"@id\":\"https:\/\/sey.fi\/vaasa\/vaasan-elainsuojelu\/loytoelaintahot\/#breadcrumb\"},\"inLanguage\":\"fi\",\"potentialAction\":[{\"@type\":\"ReadAction\",\"target\":[\"https:\/\/sey.fi\/vaasa\/vaasan-elainsuojelu\/loytoelaintahot\/\"]}]},{\"@type\":\"BreadcrumbList\",\"@id\":\"https:\/\/sey.fi\/vaasa\/vaasan-elainsuojelu\/loytoelaintahot\/#breadcrumb\",\"itemListElement\":[{\"@type\":\"ListItem\",\"position\":1,\"name\":\"Home\",\"item\":\"https:\/\/sey.fi\/vaasa\/\"},{\"@type\":\"ListItem\",\"position\":2,\"name\":\"Vaasan seudun el\u00e4insuojeluyhdistys\",\"item\":\"https:\/\/sey.fi\/vaasa\/\"},{\"@type\":\"ListItem\",\"position\":3,\"name\":\"L\u00f6yt\u00f6el\u00e4intahot\"}]},{\"@type\":\"WebSite\",\"@id\":\"https:\/\/sey.fi\/vaasa\/#website\",\"url\":\"https:\/\/sey.fi\/vaasa\/\",\"name\":\"Vaasan seudun el\u00e4insuojeluyhdistys\",\"description\":\"Uusi SEY J\u00e4senyhdistykset -sivusto\",\"potentialAction\":[{\"@type\":\"SearchAction\",\"target\":{\"@type\":\"EntryPoint\",\"urlTemplate\":\"https:\/\/sey.fi\/vaasa\/?s={search_term_string}\"},\"query-input\":{\"@type\":\"PropertyValueSpecification\",\"valueRequired\":true,\"valueName\":\"search_term_string\"}}],\"inLanguage\":\"fi\"}]}<\/script>\n<!-- \/ Yoast SEO plugin. -->","yoast_head_json":{"title":"L\u00f6yt\u00f6el\u00e4intahot - Vaasan seudun el\u00e4insuojeluyhdistys","robots":{"index":"index","follow":"follow","max-snippet":"max-snippet:-1","max-image-preview":"max-image-preview:large","max-video-preview":"max-video-preview:-1"},"canonical":"https:\/\/sey.fi\/vaasa\/vaasan-elainsuojelu\/loytoelaintahot\/","og_locale":"fi_FI","og_type":"article","og_title":"L\u00f6yt\u00f6el\u00e4intahot - Vaasan seudun el\u00e4insuojeluyhdistys","og_description":"Kaikki l\u00f6yt\u00f6el\u00e4imet &#8211; Koiratarha Kulkuri&nbsp; ( (l\u00f6yt\u00f6el\u00e4inten virallinen talteenottopaikka Vaasa, Mustasaari, V\u00f6yri ja Maalahti) Myllykatu 1, 65100 Vaasapuh. 040 834 2222Facebook:&nbsp;www.facebook.com\/KoiratarhaKulkuri\/","og_url":"https:\/\/sey.fi\/vaasa\/vaasan-elainsuojelu\/loytoelaintahot\/","og_site_name":"Vaasan seudun el\u00e4insuojeluyhdistys","article_modified_time":"2026-04-21T17:30:24+00:00","twitter_card":"summary_large_image","twitter_misc":{"Arvioitu lukuaika":"1 minuutti"},"schema":{"@context":"https:\/\/schema.org","@graph":[{"@type":"WebPage","@id":"https:\/\/sey.fi\/vaasa\/vaasan-elainsuojelu\/loytoelaintahot\/","url":"https:\/\/sey.fi\/vaasa\/vaasan-elainsuojelu\/loytoelaintahot\/","name":"L\u00f6yt\u00f6el\u00e4intahot - Vaasan seudun el\u00e4insuojeluyhdistys","isPartOf":{"@id":"https:\/\/sey.fi\/vaasa\/#website"},"datePublished":"2019-11-22T15:31:15+00:00","dateModified":"2026-04-21T17:30:24+00:00","breadcrumb":{"@id":"https:\/\/sey.fi\/vaasa\/vaasan-elainsuojelu\/loytoelaintahot\/#breadcrumb"},"inLanguage":"fi","potentialAction":[{"@type":"ReadAction","target":["https:\/\/sey.fi\/vaasa\/vaasan-elainsuojelu\/loytoelaintahot\/"]}]},{"@type":"BreadcrumbList","@id":"https:\/\/sey.fi\/vaasa\/vaasan-elainsuojelu\/loytoelaintahot\/#breadcrumb","itemListElement":[{"@type":"ListItem","position":1,"name":"Home","item":"https:\/\/sey.fi\/vaasa\/"},{"@type":"ListItem","position":2,"name":"Vaasan seudun el\u00e4insuojeluyhdistys","item":"https:\/\/sey.fi\/vaasa\/"},{"@type":"ListItem","position":3,"name":"L\u00f6yt\u00f6el\u00e4intahot"}]},{"@type":"WebSite","@id":"https:\/\/sey.fi\/vaasa\/#website","url":"https:\/\/sey.fi\/vaasa\/","name":"Vaasan seudun el\u00e4insuojeluyhdistys","description":"Uusi SEY J\u00e4senyhdistykset -sivusto","potentialAction":[{"@type":"SearchAction","target":{"@type":"EntryPoint","urlTemplate":"https:\/\/sey.fi\/vaasa\/?s={search_term_string}"},"query-input":{"@type":"PropertyValueSpecification","valueRequired":true,"valueName":"search_term_string"}}],"inLanguage":"fi"}]}},"_links":{"self":[{"href":"https:\/\/sey.fi\/vaasa\/wp-json\/wp\/v2\/pages\/51","targetHints":{"allow":["GET"]}}],"collection":[{"href":"https:\/\/sey.fi\/vaasa\/wp-json\/wp\/v2\/pages"}],"about":[{"href":"https:\/\/sey.fi\/vaasa\/wp-json\/wp\/v2\/types\/page"}],"author":[{"embeddable":true,"href":"https:\/\/sey.fi\/vaasa\/wp-json\/wp\/v2\/users\/8"}],"replies":[{"embeddable":true,"href":"https:\/\/sey.fi\/vaasa\/wp-json\/wp\/v2\/comments?post=51"}],"version-history":[{"count":4,"href":"https:\/\/sey.fi\/vaasa\/wp-json\/wp\/v2\/pages\/51\/revisions"}],"predecessor-version":[{"id":231,"href":"https:\/\/sey.fi\/vaasa\/wp-json\/wp\/v2\/pages\/51\/revisions\/231"}],"up":[{"embeddable":true,"href":"https:\/\/sey.fi\/vaasa\/wp-json\/wp\/v2\/pages\/2"}],"wp:attachment":[{"href":"https:\/\/sey.fi\/vaasa\/wp-json\/wp\/v2\/media?parent=51"}],"curies":[{"name":"wp","href":"https:\/\/api.w.org\/{rel}","templated":true}]}}