{"id":57,"date":"2019-11-22T17:33:59","date_gmt":"2019-11-22T15:33:59","guid":{"rendered":"http:\/\/srvr10.xetpoint.com\/~seyfi\/vaasa\/?page_id=57"},"modified":"2019-11-22T17:34:00","modified_gmt":"2019-11-22T15:34:00","slug":"siilinpoikaset","status":"publish","type":"page","link":"https:\/\/sey.fi\/vaasa\/vaasan-elainsuojelu\/luonnonvaraiset-elaimet\/siilinpoikaset\/","title":{"rendered":"Siilinpoikaset"},"content":{"rendered":"\n<p><br>Siilinpoikaselle paras ravinto olisi vuohenmaito ja vuohen ternimaito. Jos vuohenmaitoa ei saada, voidaan tehd\u00e4 seuraavanlainen sekoitus: 1 dl lactol, 3 \u00bd dl vett\u00e4, 2 munankeltuaista, 1 rkl \u00f6ljy\u00e4, noin 10 tippaa monivim, vitamiiniliuosta. Jos monivimia ei ole saatavilla, voi sen tilap\u00e4isesti korvata esim. hunajalla. Poikasia sy\u00f6tet\u00e4\u00e4n 1-2 tunnin v\u00e4lein. Poikaset t\u00e4ytyy pissauttaa joka kerta sy\u00f6ton j\u00e4lkeen! Siilit imett\u00e4v\u00e4t noin 35 vuorokautta. My\u00f6hemmin siilinpoikaset oppivat sy\u00f6m\u00e4\u00e4n lautaselta kiinte\u00e4\u00e4 ruokaa.<\/p>\n\n\n\n<p>Kiinte\u00e4ksi ruoaksi siilille voi antaa keitetty\u00e4 silakkaa, jauhelihaa, koiran-tai kissanmakkaraa, jauho- ja kastematoja ja hiiri\u00e4.<\/p>\n\n\n\n<p>Siilille on annettava matol\u00e4\u00e4kett\u00e4! Siililaatikossa tulee olla pes\u00e4koppi\/piilopaikka. Muistathan, ett\u00e4 30% siileist\u00e4 kantaa salmonellaa, joten pid\u00e4 ruokakupit ja tarvikkeet puhtaina ja pese aina huolellisesti k\u00e4det ruokinnan ja h\u00e4kin siivouksen j\u00e4lkeen. Ennen talviunille menoa siilin tulee painaa yli 600g.<\/p>\n","protected":false},"excerpt":{"rendered":"<p>Siilinpoikaselle paras ravinto olisi vuohenmaito ja vuohen ternimaito. Jos vuohenmaitoa ei saada, voidaan tehd\u00e4 seuraavanlainen sekoitus: 1 dl lactol, 3 \u00bd dl vett\u00e4, 2 munankeltuaista, 1 rkl \u00f6ljy\u00e4, noin 10 tippaa monivim, vitamiiniliuosta. Jos monivimia ei ole saatavilla, voi sen tilap\u00e4isesti korvata esim. hunajalla. Poikasia sy\u00f6tet\u00e4\u00e4n 1-2 tunnin v\u00e4lein. Poikaset t\u00e4ytyy pissauttaa joka kerta sy\u00f6ton [&hellip;]<\/p>\n","protected":false},"author":8,"featured_media":0,"parent":53,"menu_order":0,"comment_status":"closed","ping_status":"closed","template":"","meta":{"_acf_changed":false,"footnotes":""},"class_list":["post-57","page","type-page","status-publish","hentry"],"acf":[],"yoast_head":"<!-- This site is optimized with the Yoast SEO plugin v27.1.1 - https:\/\/yoast.com\/product\/yoast-seo-wordpress\/ -->\n<title>Siilinpoikaset - Vaasan seudun el\u00e4insuojeluyhdistys<\/title>\n<meta name=\"robots\" content=\"index, follow, max-snippet:-1, max-image-preview:large, max-video-preview:-1\" \/>\n<link rel=\"canonical\" href=\"https:\/\/sey.fi\/vaasa\/vaasan-elainsuojelu\/luonnonvaraiset-elaimet\/siilinpoikaset\/\" \/>\n<meta property=\"og:locale\" content=\"fi_FI\" \/>\n<meta property=\"og:type\" content=\"article\" \/>\n<meta property=\"og:title\" content=\"Siilinpoikaset - Vaasan seudun el\u00e4insuojeluyhdistys\" \/>\n<meta property=\"og:description\" content=\"Siilinpoikaselle paras ravinto olisi vuohenmaito ja vuohen ternimaito. Jos vuohenmaitoa ei saada, voidaan tehd\u00e4 seuraavanlainen sekoitus: 1 dl lactol, 3 \u00bd dl vett\u00e4, 2 munankeltuaista, 1 rkl \u00f6ljy\u00e4, noin 10 tippaa monivim, vitamiiniliuosta. Jos monivimia ei ole saatavilla, voi sen tilap\u00e4isesti korvata esim. hunajalla. Poikasia sy\u00f6tet\u00e4\u00e4n 1-2 tunnin v\u00e4lein. Poikaset t\u00e4ytyy pissauttaa joka kerta sy\u00f6ton [&hellip;]\" \/>\n<meta property=\"og:url\" content=\"https:\/\/sey.fi\/vaasa\/vaasan-elainsuojelu\/luonnonvaraiset-elaimet\/siilinpoikaset\/\" \/>\n<meta property=\"og:site_name\" content=\"Vaasan seudun el\u00e4insuojeluyhdistys\" \/>\n<meta property=\"article:modified_time\" content=\"2019-11-22T15:34:00+00:00\" \/>\n<meta name=\"twitter:card\" content=\"summary_large_image\" \/>\n<meta name=\"twitter:label1\" content=\"Arvioitu lukuaika\" \/>\n\t<meta name=\"twitter:data1\" content=\"1 minuutti\" \/>\n<script type=\"application\/ld+json\" class=\"yoast-schema-graph\">{\"@context\":\"https:\/\/schema.org\",\"@graph\":[{\"@type\":\"WebPage\",\"@id\":\"https:\/\/sey.fi\/vaasa\/vaasan-elainsuojelu\/luonnonvaraiset-elaimet\/siilinpoikaset\/\",\"url\":\"https:\/\/sey.fi\/vaasa\/vaasan-elainsuojelu\/luonnonvaraiset-elaimet\/siilinpoikaset\/\",\"name\":\"Siilinpoikaset - Vaasan seudun el\u00e4insuojeluyhdistys\",\"isPartOf\":{\"@id\":\"https:\/\/sey.fi\/vaasa\/#website\"},\"datePublished\":\"2019-11-22T15:33:59+00:00\",\"dateModified\":\"2019-11-22T15:34:00+00:00\",\"breadcrumb\":{\"@id\":\"https:\/\/sey.fi\/vaasa\/vaasan-elainsuojelu\/luonnonvaraiset-elaimet\/siilinpoikaset\/#breadcrumb\"},\"inLanguage\":\"fi\",\"potentialAction\":[{\"@type\":\"ReadAction\",\"target\":[\"https:\/\/sey.fi\/vaasa\/vaasan-elainsuojelu\/luonnonvaraiset-elaimet\/siilinpoikaset\/\"]}]},{\"@type\":\"BreadcrumbList\",\"@id\":\"https:\/\/sey.fi\/vaasa\/vaasan-elainsuojelu\/luonnonvaraiset-elaimet\/siilinpoikaset\/#breadcrumb\",\"itemListElement\":[{\"@type\":\"ListItem\",\"position\":1,\"name\":\"Home\",\"item\":\"https:\/\/sey.fi\/vaasa\/\"},{\"@type\":\"ListItem\",\"position\":2,\"name\":\"Vaasan seudun el\u00e4insuojeluyhdistys\",\"item\":\"https:\/\/sey.fi\/vaasa\/\"},{\"@type\":\"ListItem\",\"position\":3,\"name\":\"Luonnonvaraiset el\u00e4imet\",\"item\":\"https:\/\/sey.fi\/vaasa\/vaasan-elainsuojelu\/luonnonvaraiset-elaimet\/\"},{\"@type\":\"ListItem\",\"position\":4,\"name\":\"Siilinpoikaset\"}]},{\"@type\":\"WebSite\",\"@id\":\"https:\/\/sey.fi\/vaasa\/#website\",\"url\":\"https:\/\/sey.fi\/vaasa\/\",\"name\":\"Vaasan seudun el\u00e4insuojeluyhdistys\",\"description\":\"Uusi SEY J\u00e4senyhdistykset -sivusto\",\"potentialAction\":[{\"@type\":\"SearchAction\",\"target\":{\"@type\":\"EntryPoint\",\"urlTemplate\":\"https:\/\/sey.fi\/vaasa\/?s={search_term_string}\"},\"query-input\":{\"@type\":\"PropertyValueSpecification\",\"valueRequired\":true,\"valueName\":\"search_term_string\"}}],\"inLanguage\":\"fi\"}]}<\/script>\n<!-- \/ Yoast SEO plugin. -->","yoast_head_json":{"title":"Siilinpoikaset - Vaasan seudun el\u00e4insuojeluyhdistys","robots":{"index":"index","follow":"follow","max-snippet":"max-snippet:-1","max-image-preview":"max-image-preview:large","max-video-preview":"max-video-preview:-1"},"canonical":"https:\/\/sey.fi\/vaasa\/vaasan-elainsuojelu\/luonnonvaraiset-elaimet\/siilinpoikaset\/","og_locale":"fi_FI","og_type":"article","og_title":"Siilinpoikaset - Vaasan seudun el\u00e4insuojeluyhdistys","og_description":"Siilinpoikaselle paras ravinto olisi vuohenmaito ja vuohen ternimaito. Jos vuohenmaitoa ei saada, voidaan tehd\u00e4 seuraavanlainen sekoitus: 1 dl lactol, 3 \u00bd dl vett\u00e4, 2 munankeltuaista, 1 rkl \u00f6ljy\u00e4, noin 10 tippaa monivim, vitamiiniliuosta. Jos monivimia ei ole saatavilla, voi sen tilap\u00e4isesti korvata esim. hunajalla. Poikasia sy\u00f6tet\u00e4\u00e4n 1-2 tunnin v\u00e4lein. Poikaset t\u00e4ytyy pissauttaa joka kerta sy\u00f6ton [&hellip;]","og_url":"https:\/\/sey.fi\/vaasa\/vaasan-elainsuojelu\/luonnonvaraiset-elaimet\/siilinpoikaset\/","og_site_name":"Vaasan seudun el\u00e4insuojeluyhdistys","article_modified_time":"2019-11-22T15:34:00+00:00","twitter_card":"summary_large_image","twitter_misc":{"Arvioitu lukuaika":"1 minuutti"},"schema":{"@context":"https:\/\/schema.org","@graph":[{"@type":"WebPage","@id":"https:\/\/sey.fi\/vaasa\/vaasan-elainsuojelu\/luonnonvaraiset-elaimet\/siilinpoikaset\/","url":"https:\/\/sey.fi\/vaasa\/vaasan-elainsuojelu\/luonnonvaraiset-elaimet\/siilinpoikaset\/","name":"Siilinpoikaset - Vaasan seudun el\u00e4insuojeluyhdistys","isPartOf":{"@id":"https:\/\/sey.fi\/vaasa\/#website"},"datePublished":"2019-11-22T15:33:59+00:00","dateModified":"2019-11-22T15:34:00+00:00","breadcrumb":{"@id":"https:\/\/sey.fi\/vaasa\/vaasan-elainsuojelu\/luonnonvaraiset-elaimet\/siilinpoikaset\/#breadcrumb"},"inLanguage":"fi","potentialAction":[{"@type":"ReadAction","target":["https:\/\/sey.fi\/vaasa\/vaasan-elainsuojelu\/luonnonvaraiset-elaimet\/siilinpoikaset\/"]}]},{"@type":"BreadcrumbList","@id":"https:\/\/sey.fi\/vaasa\/vaasan-elainsuojelu\/luonnonvaraiset-elaimet\/siilinpoikaset\/#breadcrumb","itemListElement":[{"@type":"ListItem","position":1,"name":"Home","item":"https:\/\/sey.fi\/vaasa\/"},{"@type":"ListItem","position":2,"name":"Vaasan seudun el\u00e4insuojeluyhdistys","item":"https:\/\/sey.fi\/vaasa\/"},{"@type":"ListItem","position":3,"name":"Luonnonvaraiset el\u00e4imet","item":"https:\/\/sey.fi\/vaasa\/vaasan-elainsuojelu\/luonnonvaraiset-elaimet\/"},{"@type":"ListItem","position":4,"name":"Siilinpoikaset"}]},{"@type":"WebSite","@id":"https:\/\/sey.fi\/vaasa\/#website","url":"https:\/\/sey.fi\/vaasa\/","name":"Vaasan seudun el\u00e4insuojeluyhdistys","description":"Uusi SEY J\u00e4senyhdistykset -sivusto","potentialAction":[{"@type":"SearchAction","target":{"@type":"EntryPoint","urlTemplate":"https:\/\/sey.fi\/vaasa\/?s={search_term_string}"},"query-input":{"@type":"PropertyValueSpecification","valueRequired":true,"valueName":"search_term_string"}}],"inLanguage":"fi"}]}},"_links":{"self":[{"href":"https:\/\/sey.fi\/vaasa\/wp-json\/wp\/v2\/pages\/57","targetHints":{"allow":["GET"]}}],"collection":[{"href":"https:\/\/sey.fi\/vaasa\/wp-json\/wp\/v2\/pages"}],"about":[{"href":"https:\/\/sey.fi\/vaasa\/wp-json\/wp\/v2\/types\/page"}],"author":[{"embeddable":true,"href":"https:\/\/sey.fi\/vaasa\/wp-json\/wp\/v2\/users\/8"}],"replies":[{"embeddable":true,"href":"https:\/\/sey.fi\/vaasa\/wp-json\/wp\/v2\/comments?post=57"}],"version-history":[{"count":1,"href":"https:\/\/sey.fi\/vaasa\/wp-json\/wp\/v2\/pages\/57\/revisions"}],"predecessor-version":[{"id":58,"href":"https:\/\/sey.fi\/vaasa\/wp-json\/wp\/v2\/pages\/57\/revisions\/58"}],"up":[{"embeddable":true,"href":"https:\/\/sey.fi\/vaasa\/wp-json\/wp\/v2\/pages\/53"}],"wp:attachment":[{"href":"https:\/\/sey.fi\/vaasa\/wp-json\/wp\/v2\/media?parent=57"}],"curies":[{"name":"wp","href":"https:\/\/api.w.org\/{rel}","templated":true}]}}