{"id":59,"date":"2019-11-22T17:34:37","date_gmt":"2019-11-22T15:34:37","guid":{"rendered":"http:\/\/srvr10.xetpoint.com\/~seyfi\/vaasa\/?page_id=59"},"modified":"2019-11-22T17:34:38","modified_gmt":"2019-11-22T15:34:38","slug":"oravanpoikaset","status":"publish","type":"page","link":"https:\/\/sey.fi\/vaasa\/vaasan-elainsuojelu\/luonnonvaraiset-elaimet\/oravanpoikaset\/","title":{"rendered":"Oravanpoikaset"},"content":{"rendered":"\n<p>Poikasilla korvat aukeavat noin kolmen viikon ik\u00e4isin\u00e4 ja silm\u00e4t noin nelj\u00e4n viikon ik\u00e4isin\u00e4! Poikasille annetaan noin 1-3 tunnin v\u00e4lein (koosta riippuen) maitoseosta: 1 dl lactoljauhetta sekoitettuna 3 dl kuumaan veteen, 60 ml \u00f6ljy\u00e4, 3 munankeltuaista ja 45 tippaa monivimi\u00e4. Koosta riippuen maitoa annetaan \u00bd-5ml kerrallaan. Ripuliin tepsii 0,20-0,25 ml Kaomycini, 2-3 kertaa p\u00e4iv\u00e4ss\u00e4.<\/p>\n\n\n\n<p>Isommalle poikaselle voidaan antaa p\u00e4hkin\u00e4\u00e4, auringonkukansiemeni\u00e4, kauraa, n\u00e4kkileip\u00e4\u00e4, hiiri-rottanappuloita, p\u00e4\u00e4ryn\u00e4\u00e4, porkkanaa ja ituja. Lis\u00e4ksi voi antaa tuoreista oksista norkkoja ja silmuja. Aikuinen orava sy\u00f6 kuusen- ja m\u00e4nnynsiemeni\u00e4, p\u00e4hkin\u00f6it\u00e4, sieni\u00e4, marjoja, kuusensilmuja, kaarnaa, hy\u00f6nteisi\u00e4, lintuja ja munia. Aikuinen orava painaa 200-390g.<\/p>\n\n\n\n<figure class=\"wp-block-image\"><img decoding=\"async\" src=\"http:\/\/vaasa.sey.fi\/images\/oravat.jpg\" alt=\"\" \/><\/figure>\n","protected":false},"excerpt":{"rendered":"<p>Poikasilla korvat aukeavat noin kolmen viikon ik\u00e4isin\u00e4 ja silm\u00e4t noin nelj\u00e4n viikon ik\u00e4isin\u00e4! Poikasille annetaan noin 1-3 tunnin v\u00e4lein (koosta riippuen) maitoseosta: 1 dl lactoljauhetta sekoitettuna 3 dl kuumaan veteen, 60 ml \u00f6ljy\u00e4, 3 munankeltuaista ja 45 tippaa monivimi\u00e4. Koosta riippuen maitoa annetaan \u00bd-5ml kerrallaan. Ripuliin tepsii 0,20-0,25 ml Kaomycini, 2-3 kertaa p\u00e4iv\u00e4ss\u00e4. Isommalle poikaselle [&hellip;]<\/p>\n","protected":false},"author":8,"featured_media":0,"parent":53,"menu_order":0,"comment_status":"closed","ping_status":"closed","template":"","meta":{"_acf_changed":false,"footnotes":""},"class_list":["post-59","page","type-page","status-publish","hentry"],"acf":[],"yoast_head":"<!-- This site is optimized with the Yoast SEO plugin v27.1.1 - https:\/\/yoast.com\/product\/yoast-seo-wordpress\/ -->\n<title>Oravanpoikaset - Vaasan seudun el\u00e4insuojeluyhdistys<\/title>\n<meta name=\"robots\" content=\"index, follow, max-snippet:-1, max-image-preview:large, max-video-preview:-1\" \/>\n<link rel=\"canonical\" href=\"https:\/\/sey.fi\/vaasa\/vaasan-elainsuojelu\/luonnonvaraiset-elaimet\/oravanpoikaset\/\" \/>\n<meta property=\"og:locale\" content=\"fi_FI\" \/>\n<meta property=\"og:type\" content=\"article\" \/>\n<meta property=\"og:title\" content=\"Oravanpoikaset - Vaasan seudun el\u00e4insuojeluyhdistys\" \/>\n<meta property=\"og:description\" content=\"Poikasilla korvat aukeavat noin kolmen viikon ik\u00e4isin\u00e4 ja silm\u00e4t noin nelj\u00e4n viikon ik\u00e4isin\u00e4! Poikasille annetaan noin 1-3 tunnin v\u00e4lein (koosta riippuen) maitoseosta: 1 dl lactoljauhetta sekoitettuna 3 dl kuumaan veteen, 60 ml \u00f6ljy\u00e4, 3 munankeltuaista ja 45 tippaa monivimi\u00e4. Koosta riippuen maitoa annetaan \u00bd-5ml kerrallaan. Ripuliin tepsii 0,20-0,25 ml Kaomycini, 2-3 kertaa p\u00e4iv\u00e4ss\u00e4. Isommalle poikaselle [&hellip;]\" \/>\n<meta property=\"og:url\" content=\"https:\/\/sey.fi\/vaasa\/vaasan-elainsuojelu\/luonnonvaraiset-elaimet\/oravanpoikaset\/\" \/>\n<meta property=\"og:site_name\" content=\"Vaasan seudun el\u00e4insuojeluyhdistys\" \/>\n<meta property=\"article:modified_time\" content=\"2019-11-22T15:34:38+00:00\" \/>\n<meta property=\"og:image\" content=\"http:\/\/vaasa.sey.fi\/images\/oravat.jpg\" \/>\n<meta name=\"twitter:card\" content=\"summary_large_image\" \/>\n<meta name=\"twitter:label1\" content=\"Arvioitu lukuaika\" \/>\n\t<meta name=\"twitter:data1\" content=\"1 minuutti\" \/>\n<script type=\"application\/ld+json\" class=\"yoast-schema-graph\">{\"@context\":\"https:\/\/schema.org\",\"@graph\":[{\"@type\":\"WebPage\",\"@id\":\"https:\/\/sey.fi\/vaasa\/vaasan-elainsuojelu\/luonnonvaraiset-elaimet\/oravanpoikaset\/\",\"url\":\"https:\/\/sey.fi\/vaasa\/vaasan-elainsuojelu\/luonnonvaraiset-elaimet\/oravanpoikaset\/\",\"name\":\"Oravanpoikaset - Vaasan seudun el\u00e4insuojeluyhdistys\",\"isPartOf\":{\"@id\":\"https:\/\/sey.fi\/vaasa\/#website\"},\"primaryImageOfPage\":{\"@id\":\"https:\/\/sey.fi\/vaasa\/vaasan-elainsuojelu\/luonnonvaraiset-elaimet\/oravanpoikaset\/#primaryimage\"},\"image\":{\"@id\":\"https:\/\/sey.fi\/vaasa\/vaasan-elainsuojelu\/luonnonvaraiset-elaimet\/oravanpoikaset\/#primaryimage\"},\"thumbnailUrl\":\"http:\/\/vaasa.sey.fi\/images\/oravat.jpg\",\"datePublished\":\"2019-11-22T15:34:37+00:00\",\"dateModified\":\"2019-11-22T15:34:38+00:00\",\"breadcrumb\":{\"@id\":\"https:\/\/sey.fi\/vaasa\/vaasan-elainsuojelu\/luonnonvaraiset-elaimet\/oravanpoikaset\/#breadcrumb\"},\"inLanguage\":\"fi\",\"potentialAction\":[{\"@type\":\"ReadAction\",\"target\":[\"https:\/\/sey.fi\/vaasa\/vaasan-elainsuojelu\/luonnonvaraiset-elaimet\/oravanpoikaset\/\"]}]},{\"@type\":\"ImageObject\",\"inLanguage\":\"fi\",\"@id\":\"https:\/\/sey.fi\/vaasa\/vaasan-elainsuojelu\/luonnonvaraiset-elaimet\/oravanpoikaset\/#primaryimage\",\"url\":\"http:\/\/vaasa.sey.fi\/images\/oravat.jpg\",\"contentUrl\":\"http:\/\/vaasa.sey.fi\/images\/oravat.jpg\"},{\"@type\":\"BreadcrumbList\",\"@id\":\"https:\/\/sey.fi\/vaasa\/vaasan-elainsuojelu\/luonnonvaraiset-elaimet\/oravanpoikaset\/#breadcrumb\",\"itemListElement\":[{\"@type\":\"ListItem\",\"position\":1,\"name\":\"Home\",\"item\":\"https:\/\/sey.fi\/vaasa\/\"},{\"@type\":\"ListItem\",\"position\":2,\"name\":\"Vaasan seudun el\u00e4insuojeluyhdistys\",\"item\":\"https:\/\/sey.fi\/vaasa\/\"},{\"@type\":\"ListItem\",\"position\":3,\"name\":\"Luonnonvaraiset el\u00e4imet\",\"item\":\"https:\/\/sey.fi\/vaasa\/vaasan-elainsuojelu\/luonnonvaraiset-elaimet\/\"},{\"@type\":\"ListItem\",\"position\":4,\"name\":\"Oravanpoikaset\"}]},{\"@type\":\"WebSite\",\"@id\":\"https:\/\/sey.fi\/vaasa\/#website\",\"url\":\"https:\/\/sey.fi\/vaasa\/\",\"name\":\"Vaasan seudun el\u00e4insuojeluyhdistys\",\"description\":\"Uusi SEY J\u00e4senyhdistykset -sivusto\",\"potentialAction\":[{\"@type\":\"SearchAction\",\"target\":{\"@type\":\"EntryPoint\",\"urlTemplate\":\"https:\/\/sey.fi\/vaasa\/?s={search_term_string}\"},\"query-input\":{\"@type\":\"PropertyValueSpecification\",\"valueRequired\":true,\"valueName\":\"search_term_string\"}}],\"inLanguage\":\"fi\"}]}<\/script>\n<!-- \/ Yoast SEO plugin. -->","yoast_head_json":{"title":"Oravanpoikaset - Vaasan seudun el\u00e4insuojeluyhdistys","robots":{"index":"index","follow":"follow","max-snippet":"max-snippet:-1","max-image-preview":"max-image-preview:large","max-video-preview":"max-video-preview:-1"},"canonical":"https:\/\/sey.fi\/vaasa\/vaasan-elainsuojelu\/luonnonvaraiset-elaimet\/oravanpoikaset\/","og_locale":"fi_FI","og_type":"article","og_title":"Oravanpoikaset - Vaasan seudun el\u00e4insuojeluyhdistys","og_description":"Poikasilla korvat aukeavat noin kolmen viikon ik\u00e4isin\u00e4 ja silm\u00e4t noin nelj\u00e4n viikon ik\u00e4isin\u00e4! Poikasille annetaan noin 1-3 tunnin v\u00e4lein (koosta riippuen) maitoseosta: 1 dl lactoljauhetta sekoitettuna 3 dl kuumaan veteen, 60 ml \u00f6ljy\u00e4, 3 munankeltuaista ja 45 tippaa monivimi\u00e4. Koosta riippuen maitoa annetaan \u00bd-5ml kerrallaan. Ripuliin tepsii 0,20-0,25 ml Kaomycini, 2-3 kertaa p\u00e4iv\u00e4ss\u00e4. Isommalle poikaselle [&hellip;]","og_url":"https:\/\/sey.fi\/vaasa\/vaasan-elainsuojelu\/luonnonvaraiset-elaimet\/oravanpoikaset\/","og_site_name":"Vaasan seudun el\u00e4insuojeluyhdistys","article_modified_time":"2019-11-22T15:34:38+00:00","og_image":[{"url":"http:\/\/vaasa.sey.fi\/images\/oravat.jpg","type":"","width":"","height":""}],"twitter_card":"summary_large_image","twitter_misc":{"Arvioitu lukuaika":"1 minuutti"},"schema":{"@context":"https:\/\/schema.org","@graph":[{"@type":"WebPage","@id":"https:\/\/sey.fi\/vaasa\/vaasan-elainsuojelu\/luonnonvaraiset-elaimet\/oravanpoikaset\/","url":"https:\/\/sey.fi\/vaasa\/vaasan-elainsuojelu\/luonnonvaraiset-elaimet\/oravanpoikaset\/","name":"Oravanpoikaset - Vaasan seudun el\u00e4insuojeluyhdistys","isPartOf":{"@id":"https:\/\/sey.fi\/vaasa\/#website"},"primaryImageOfPage":{"@id":"https:\/\/sey.fi\/vaasa\/vaasan-elainsuojelu\/luonnonvaraiset-elaimet\/oravanpoikaset\/#primaryimage"},"image":{"@id":"https:\/\/sey.fi\/vaasa\/vaasan-elainsuojelu\/luonnonvaraiset-elaimet\/oravanpoikaset\/#primaryimage"},"thumbnailUrl":"http:\/\/vaasa.sey.fi\/images\/oravat.jpg","datePublished":"2019-11-22T15:34:37+00:00","dateModified":"2019-11-22T15:34:38+00:00","breadcrumb":{"@id":"https:\/\/sey.fi\/vaasa\/vaasan-elainsuojelu\/luonnonvaraiset-elaimet\/oravanpoikaset\/#breadcrumb"},"inLanguage":"fi","potentialAction":[{"@type":"ReadAction","target":["https:\/\/sey.fi\/vaasa\/vaasan-elainsuojelu\/luonnonvaraiset-elaimet\/oravanpoikaset\/"]}]},{"@type":"ImageObject","inLanguage":"fi","@id":"https:\/\/sey.fi\/vaasa\/vaasan-elainsuojelu\/luonnonvaraiset-elaimet\/oravanpoikaset\/#primaryimage","url":"http:\/\/vaasa.sey.fi\/images\/oravat.jpg","contentUrl":"http:\/\/vaasa.sey.fi\/images\/oravat.jpg"},{"@type":"BreadcrumbList","@id":"https:\/\/sey.fi\/vaasa\/vaasan-elainsuojelu\/luonnonvaraiset-elaimet\/oravanpoikaset\/#breadcrumb","itemListElement":[{"@type":"ListItem","position":1,"name":"Home","item":"https:\/\/sey.fi\/vaasa\/"},{"@type":"ListItem","position":2,"name":"Vaasan seudun el\u00e4insuojeluyhdistys","item":"https:\/\/sey.fi\/vaasa\/"},{"@type":"ListItem","position":3,"name":"Luonnonvaraiset el\u00e4imet","item":"https:\/\/sey.fi\/vaasa\/vaasan-elainsuojelu\/luonnonvaraiset-elaimet\/"},{"@type":"ListItem","position":4,"name":"Oravanpoikaset"}]},{"@type":"WebSite","@id":"https:\/\/sey.fi\/vaasa\/#website","url":"https:\/\/sey.fi\/vaasa\/","name":"Vaasan seudun el\u00e4insuojeluyhdistys","description":"Uusi SEY J\u00e4senyhdistykset -sivusto","potentialAction":[{"@type":"SearchAction","target":{"@type":"EntryPoint","urlTemplate":"https:\/\/sey.fi\/vaasa\/?s={search_term_string}"},"query-input":{"@type":"PropertyValueSpecification","valueRequired":true,"valueName":"search_term_string"}}],"inLanguage":"fi"}]}},"_links":{"self":[{"href":"https:\/\/sey.fi\/vaasa\/wp-json\/wp\/v2\/pages\/59","targetHints":{"allow":["GET"]}}],"collection":[{"href":"https:\/\/sey.fi\/vaasa\/wp-json\/wp\/v2\/pages"}],"about":[{"href":"https:\/\/sey.fi\/vaasa\/wp-json\/wp\/v2\/types\/page"}],"author":[{"embeddable":true,"href":"https:\/\/sey.fi\/vaasa\/wp-json\/wp\/v2\/users\/8"}],"replies":[{"embeddable":true,"href":"https:\/\/sey.fi\/vaasa\/wp-json\/wp\/v2\/comments?post=59"}],"version-history":[{"count":1,"href":"https:\/\/sey.fi\/vaasa\/wp-json\/wp\/v2\/pages\/59\/revisions"}],"predecessor-version":[{"id":60,"href":"https:\/\/sey.fi\/vaasa\/wp-json\/wp\/v2\/pages\/59\/revisions\/60"}],"up":[{"embeddable":true,"href":"https:\/\/sey.fi\/vaasa\/wp-json\/wp\/v2\/pages\/53"}],"wp:attachment":[{"href":"https:\/\/sey.fi\/vaasa\/wp-json\/wp\/v2\/media?parent=59"}],"curies":[{"name":"wp","href":"https:\/\/api.w.org\/{rel}","templated":true}]}}