{"id":61,"date":"2019-11-22T17:36:13","date_gmt":"2019-11-22T15:36:13","guid":{"rendered":"http:\/\/srvr10.xetpoint.com\/~seyfi\/vaasa\/?page_id=61"},"modified":"2026-02-20T11:21:25","modified_gmt":"2026-02-20T09:21:25","slug":"yhteystiedot","status":"publish","type":"page","link":"https:\/\/sey.fi\/vaasa\/vaasan-elainsuojelu\/yhteystiedot\/","title":{"rendered":"Yhteystiedot"},"content":{"rendered":"\n<h2 class=\"wp-block-heading\">VAASANSEUDUN EL\u00c4INSUOJELUYHDISTYS RY.<\/h2>\n\n\n\n<p><strong>Vaasanseudun el\u00e4insuojeluyhdistys<br><\/strong>vesyvaasa@hotmail.com<\/p>\n\n\n\n<p><strong>Puheenjohtaja<br><\/strong>Maija Raatikainen<br><br><strong>Varapuheenjohtaja<\/strong><br>Milla Kauppi<\/p>\n\n\n\n<h2 class=\"wp-block-heading\"><strong>VAASANSEUDUN SEY:N&nbsp;EL\u00c4INSUOJELUNEUVOJAT&nbsp;<\/strong><\/h2>\n\n\n\n<p><strong>Maija Raatikainen, El\u00e4insuojeluneuvoja<\/strong><br><em>Neuvontaa<\/em><\/p>\n\n\n\n<p><strong>Milla Kauppi, El\u00e4insuojeluneuvoja<\/strong><br>Vastuualueet: Isokyr\u00f6, Laihia, Vaasa<\/p>\n","protected":false},"excerpt":{"rendered":"<p>VAASANSEUDUN EL\u00c4INSUOJELUYHDISTYS RY. Vaasanseudun el\u00e4insuojeluyhdistysvesyvaasa@hotmail.com PuheenjohtajaMaija Raatikainen VarapuheenjohtajaMilla Kauppi VAASANSEUDUN SEY:N&nbsp;EL\u00c4INSUOJELUNEUVOJAT&nbsp; Maija Raatikainen, El\u00e4insuojeluneuvojaNeuvontaa Milla Kauppi, El\u00e4insuojeluneuvojaVastuualueet: Isokyr\u00f6, Laihia, Vaasa<\/p>\n","protected":false},"author":8,"featured_media":0,"parent":2,"menu_order":0,"comment_status":"closed","ping_status":"closed","template":"","meta":{"_acf_changed":false,"footnotes":""},"class_list":["post-61","page","type-page","status-publish","hentry"],"acf":[],"yoast_head":"<!-- This site is optimized with the Yoast SEO plugin v27.1.1 - https:\/\/yoast.com\/product\/yoast-seo-wordpress\/ -->\n<title>Yhteystiedot - Vaasan seudun el\u00e4insuojeluyhdistys<\/title>\n<meta name=\"robots\" content=\"index, follow, max-snippet:-1, max-image-preview:large, max-video-preview:-1\" \/>\n<link rel=\"canonical\" href=\"https:\/\/sey.fi\/vaasa\/vaasan-elainsuojelu\/yhteystiedot\/\" \/>\n<meta property=\"og:locale\" content=\"fi_FI\" \/>\n<meta property=\"og:type\" content=\"article\" \/>\n<meta property=\"og:title\" content=\"Yhteystiedot - Vaasan seudun el\u00e4insuojeluyhdistys\" \/>\n<meta property=\"og:description\" content=\"VAASANSEUDUN EL\u00c4INSUOJELUYHDISTYS RY. Vaasanseudun el\u00e4insuojeluyhdistysvesyvaasa@hotmail.com PuheenjohtajaMaija Raatikainen VarapuheenjohtajaMilla Kauppi VAASANSEUDUN SEY:N&nbsp;EL\u00c4INSUOJELUNEUVOJAT&nbsp; Maija Raatikainen, El\u00e4insuojeluneuvojaNeuvontaa Milla Kauppi, El\u00e4insuojeluneuvojaVastuualueet: Isokyr\u00f6, Laihia, Vaasa\" \/>\n<meta property=\"og:url\" content=\"https:\/\/sey.fi\/vaasa\/vaasan-elainsuojelu\/yhteystiedot\/\" \/>\n<meta property=\"og:site_name\" content=\"Vaasan seudun el\u00e4insuojeluyhdistys\" \/>\n<meta property=\"article:modified_time\" content=\"2026-02-20T09:21:25+00:00\" \/>\n<meta name=\"twitter:card\" content=\"summary_large_image\" \/>\n<meta name=\"twitter:label1\" content=\"Arvioitu lukuaika\" \/>\n\t<meta name=\"twitter:data1\" content=\"1 minuutti\" \/>\n<script type=\"application\/ld+json\" class=\"yoast-schema-graph\">{\"@context\":\"https:\/\/schema.org\",\"@graph\":[{\"@type\":\"WebPage\",\"@id\":\"https:\/\/sey.fi\/vaasa\/vaasan-elainsuojelu\/yhteystiedot\/\",\"url\":\"https:\/\/sey.fi\/vaasa\/vaasan-elainsuojelu\/yhteystiedot\/\",\"name\":\"Yhteystiedot - Vaasan seudun el\u00e4insuojeluyhdistys\",\"isPartOf\":{\"@id\":\"https:\/\/sey.fi\/vaasa\/#website\"},\"datePublished\":\"2019-11-22T15:36:13+00:00\",\"dateModified\":\"2026-02-20T09:21:25+00:00\",\"breadcrumb\":{\"@id\":\"https:\/\/sey.fi\/vaasa\/vaasan-elainsuojelu\/yhteystiedot\/#breadcrumb\"},\"inLanguage\":\"fi\",\"potentialAction\":[{\"@type\":\"ReadAction\",\"target\":[\"https:\/\/sey.fi\/vaasa\/vaasan-elainsuojelu\/yhteystiedot\/\"]}]},{\"@type\":\"BreadcrumbList\",\"@id\":\"https:\/\/sey.fi\/vaasa\/vaasan-elainsuojelu\/yhteystiedot\/#breadcrumb\",\"itemListElement\":[{\"@type\":\"ListItem\",\"position\":1,\"name\":\"Home\",\"item\":\"https:\/\/sey.fi\/vaasa\/\"},{\"@type\":\"ListItem\",\"position\":2,\"name\":\"Vaasan seudun el\u00e4insuojeluyhdistys\",\"item\":\"https:\/\/sey.fi\/vaasa\/\"},{\"@type\":\"ListItem\",\"position\":3,\"name\":\"Yhteystiedot\"}]},{\"@type\":\"WebSite\",\"@id\":\"https:\/\/sey.fi\/vaasa\/#website\",\"url\":\"https:\/\/sey.fi\/vaasa\/\",\"name\":\"Vaasan seudun el\u00e4insuojeluyhdistys\",\"description\":\"Uusi SEY J\u00e4senyhdistykset -sivusto\",\"potentialAction\":[{\"@type\":\"SearchAction\",\"target\":{\"@type\":\"EntryPoint\",\"urlTemplate\":\"https:\/\/sey.fi\/vaasa\/?s={search_term_string}\"},\"query-input\":{\"@type\":\"PropertyValueSpecification\",\"valueRequired\":true,\"valueName\":\"search_term_string\"}}],\"inLanguage\":\"fi\"}]}<\/script>\n<!-- \/ Yoast SEO plugin. -->","yoast_head_json":{"title":"Yhteystiedot - Vaasan seudun el\u00e4insuojeluyhdistys","robots":{"index":"index","follow":"follow","max-snippet":"max-snippet:-1","max-image-preview":"max-image-preview:large","max-video-preview":"max-video-preview:-1"},"canonical":"https:\/\/sey.fi\/vaasa\/vaasan-elainsuojelu\/yhteystiedot\/","og_locale":"fi_FI","og_type":"article","og_title":"Yhteystiedot - Vaasan seudun el\u00e4insuojeluyhdistys","og_description":"VAASANSEUDUN EL\u00c4INSUOJELUYHDISTYS RY. Vaasanseudun el\u00e4insuojeluyhdistysvesyvaasa@hotmail.com PuheenjohtajaMaija Raatikainen VarapuheenjohtajaMilla Kauppi VAASANSEUDUN SEY:N&nbsp;EL\u00c4INSUOJELUNEUVOJAT&nbsp; Maija Raatikainen, El\u00e4insuojeluneuvojaNeuvontaa Milla Kauppi, El\u00e4insuojeluneuvojaVastuualueet: Isokyr\u00f6, Laihia, Vaasa","og_url":"https:\/\/sey.fi\/vaasa\/vaasan-elainsuojelu\/yhteystiedot\/","og_site_name":"Vaasan seudun el\u00e4insuojeluyhdistys","article_modified_time":"2026-02-20T09:21:25+00:00","twitter_card":"summary_large_image","twitter_misc":{"Arvioitu lukuaika":"1 minuutti"},"schema":{"@context":"https:\/\/schema.org","@graph":[{"@type":"WebPage","@id":"https:\/\/sey.fi\/vaasa\/vaasan-elainsuojelu\/yhteystiedot\/","url":"https:\/\/sey.fi\/vaasa\/vaasan-elainsuojelu\/yhteystiedot\/","name":"Yhteystiedot - Vaasan seudun el\u00e4insuojeluyhdistys","isPartOf":{"@id":"https:\/\/sey.fi\/vaasa\/#website"},"datePublished":"2019-11-22T15:36:13+00:00","dateModified":"2026-02-20T09:21:25+00:00","breadcrumb":{"@id":"https:\/\/sey.fi\/vaasa\/vaasan-elainsuojelu\/yhteystiedot\/#breadcrumb"},"inLanguage":"fi","potentialAction":[{"@type":"ReadAction","target":["https:\/\/sey.fi\/vaasa\/vaasan-elainsuojelu\/yhteystiedot\/"]}]},{"@type":"BreadcrumbList","@id":"https:\/\/sey.fi\/vaasa\/vaasan-elainsuojelu\/yhteystiedot\/#breadcrumb","itemListElement":[{"@type":"ListItem","position":1,"name":"Home","item":"https:\/\/sey.fi\/vaasa\/"},{"@type":"ListItem","position":2,"name":"Vaasan seudun el\u00e4insuojeluyhdistys","item":"https:\/\/sey.fi\/vaasa\/"},{"@type":"ListItem","position":3,"name":"Yhteystiedot"}]},{"@type":"WebSite","@id":"https:\/\/sey.fi\/vaasa\/#website","url":"https:\/\/sey.fi\/vaasa\/","name":"Vaasan seudun el\u00e4insuojeluyhdistys","description":"Uusi SEY J\u00e4senyhdistykset -sivusto","potentialAction":[{"@type":"SearchAction","target":{"@type":"EntryPoint","urlTemplate":"https:\/\/sey.fi\/vaasa\/?s={search_term_string}"},"query-input":{"@type":"PropertyValueSpecification","valueRequired":true,"valueName":"search_term_string"}}],"inLanguage":"fi"}]}},"_links":{"self":[{"href":"https:\/\/sey.fi\/vaasa\/wp-json\/wp\/v2\/pages\/61","targetHints":{"allow":["GET"]}}],"collection":[{"href":"https:\/\/sey.fi\/vaasa\/wp-json\/wp\/v2\/pages"}],"about":[{"href":"https:\/\/sey.fi\/vaasa\/wp-json\/wp\/v2\/types\/page"}],"author":[{"embeddable":true,"href":"https:\/\/sey.fi\/vaasa\/wp-json\/wp\/v2\/users\/8"}],"replies":[{"embeddable":true,"href":"https:\/\/sey.fi\/vaasa\/wp-json\/wp\/v2\/comments?post=61"}],"version-history":[{"count":12,"href":"https:\/\/sey.fi\/vaasa\/wp-json\/wp\/v2\/pages\/61\/revisions"}],"predecessor-version":[{"id":213,"href":"https:\/\/sey.fi\/vaasa\/wp-json\/wp\/v2\/pages\/61\/revisions\/213"}],"up":[{"embeddable":true,"href":"https:\/\/sey.fi\/vaasa\/wp-json\/wp\/v2\/pages\/2"}],"wp:attachment":[{"href":"https:\/\/sey.fi\/vaasa\/wp-json\/wp\/v2\/media?parent=61"}],"curies":[{"name":"wp","href":"https:\/\/api.w.org\/{rel}","templated":true}]}}