{"id":63,"date":"2019-11-22T17:37:00","date_gmt":"2019-11-22T15:37:00","guid":{"rendered":"http:\/\/srvr10.xetpoint.com\/~seyfi\/vaasa\/?page_id=63"},"modified":"2019-11-22T17:37:01","modified_gmt":"2019-11-22T15:37:01","slug":"tee-elainsuojeluilmoitus","status":"publish","type":"page","link":"https:\/\/sey.fi\/vaasa\/vaasan-elainsuojelu\/yhteystiedot\/tee-elainsuojeluilmoitus\/","title":{"rendered":"Tee el\u00e4insuojeluilmoitus"},"content":{"rendered":"\n<p><strong><a href=\"http:\/\/www.sey.fi\/yhteystiedot\/sahkoinen-elainsuojeluilmoitus\" target=\"_blank\" rel=\"noreferrer noopener\">T\u00e4ll\u00e4 lomakkeella<\/a>&nbsp;<\/strong>voit tehd\u00e4 ilmoituksen ep\u00e4illess\u00e4si el\u00e4inten huonoa kohtelua.&nbsp;Kiireellisiss\u00e4 tapauksissa \u00e4l\u00e4 j\u00e4t\u00e4 palautetta lomakkeen&nbsp;kautta, vaan ota yhteytt\u00e4 suoraan&nbsp;<strong><a href=\"https:\/\/www.sey.fi\/seytoimii\/elainsuojeluneuvonta\" target=\"_blank\" rel=\"noreferrer noopener\">alueen el\u00e4insuojeluneuvojaan<\/a><\/strong>&nbsp;tai oman kunnan el\u00e4inl\u00e4\u00e4k\u00e4riin, terveystarkastajaan tai aivan akuuteissa tapauksissa poliisiin.<\/p>\n","protected":false},"excerpt":{"rendered":"<p>T\u00e4ll\u00e4 lomakkeella&nbsp;voit tehd\u00e4 ilmoituksen ep\u00e4illess\u00e4si el\u00e4inten huonoa kohtelua.&nbsp;Kiireellisiss\u00e4 tapauksissa \u00e4l\u00e4 j\u00e4t\u00e4 palautetta lomakkeen&nbsp;kautta, vaan ota yhteytt\u00e4 suoraan&nbsp;alueen el\u00e4insuojeluneuvojaan&nbsp;tai oman kunnan el\u00e4inl\u00e4\u00e4k\u00e4riin, terveystarkastajaan tai aivan akuuteissa tapauksissa poliisiin.<\/p>\n","protected":false},"author":8,"featured_media":0,"parent":61,"menu_order":0,"comment_status":"closed","ping_status":"closed","template":"","meta":{"_acf_changed":false,"footnotes":""},"class_list":["post-63","page","type-page","status-publish","hentry"],"acf":[],"yoast_head":"<!-- This site is optimized with the Yoast SEO plugin v27.1.1 - https:\/\/yoast.com\/product\/yoast-seo-wordpress\/ -->\n<title>Tee el\u00e4insuojeluilmoitus - Vaasan seudun el\u00e4insuojeluyhdistys<\/title>\n<meta name=\"robots\" content=\"index, follow, max-snippet:-1, max-image-preview:large, max-video-preview:-1\" \/>\n<link rel=\"canonical\" href=\"https:\/\/sey.fi\/vaasa\/vaasan-elainsuojelu\/yhteystiedot\/tee-elainsuojeluilmoitus\/\" \/>\n<meta property=\"og:locale\" content=\"fi_FI\" \/>\n<meta property=\"og:type\" content=\"article\" \/>\n<meta property=\"og:title\" content=\"Tee el\u00e4insuojeluilmoitus - Vaasan seudun el\u00e4insuojeluyhdistys\" \/>\n<meta property=\"og:description\" content=\"T\u00e4ll\u00e4 lomakkeella&nbsp;voit tehd\u00e4 ilmoituksen ep\u00e4illess\u00e4si el\u00e4inten huonoa kohtelua.&nbsp;Kiireellisiss\u00e4 tapauksissa \u00e4l\u00e4 j\u00e4t\u00e4 palautetta lomakkeen&nbsp;kautta, vaan ota yhteytt\u00e4 suoraan&nbsp;alueen el\u00e4insuojeluneuvojaan&nbsp;tai oman kunnan el\u00e4inl\u00e4\u00e4k\u00e4riin, terveystarkastajaan tai aivan akuuteissa tapauksissa poliisiin.\" \/>\n<meta property=\"og:url\" content=\"https:\/\/sey.fi\/vaasa\/vaasan-elainsuojelu\/yhteystiedot\/tee-elainsuojeluilmoitus\/\" \/>\n<meta property=\"og:site_name\" content=\"Vaasan seudun el\u00e4insuojeluyhdistys\" \/>\n<meta property=\"article:modified_time\" content=\"2019-11-22T15:37:01+00:00\" \/>\n<meta name=\"twitter:card\" content=\"summary_large_image\" \/>\n<script type=\"application\/ld+json\" class=\"yoast-schema-graph\">{\"@context\":\"https:\/\/schema.org\",\"@graph\":[{\"@type\":\"WebPage\",\"@id\":\"https:\/\/sey.fi\/vaasa\/vaasan-elainsuojelu\/yhteystiedot\/tee-elainsuojeluilmoitus\/\",\"url\":\"https:\/\/sey.fi\/vaasa\/vaasan-elainsuojelu\/yhteystiedot\/tee-elainsuojeluilmoitus\/\",\"name\":\"Tee el\u00e4insuojeluilmoitus - Vaasan seudun el\u00e4insuojeluyhdistys\",\"isPartOf\":{\"@id\":\"https:\/\/sey.fi\/vaasa\/#website\"},\"datePublished\":\"2019-11-22T15:37:00+00:00\",\"dateModified\":\"2019-11-22T15:37:01+00:00\",\"breadcrumb\":{\"@id\":\"https:\/\/sey.fi\/vaasa\/vaasan-elainsuojelu\/yhteystiedot\/tee-elainsuojeluilmoitus\/#breadcrumb\"},\"inLanguage\":\"fi\",\"potentialAction\":[{\"@type\":\"ReadAction\",\"target\":[\"https:\/\/sey.fi\/vaasa\/vaasan-elainsuojelu\/yhteystiedot\/tee-elainsuojeluilmoitus\/\"]}]},{\"@type\":\"BreadcrumbList\",\"@id\":\"https:\/\/sey.fi\/vaasa\/vaasan-elainsuojelu\/yhteystiedot\/tee-elainsuojeluilmoitus\/#breadcrumb\",\"itemListElement\":[{\"@type\":\"ListItem\",\"position\":1,\"name\":\"Home\",\"item\":\"https:\/\/sey.fi\/vaasa\/\"},{\"@type\":\"ListItem\",\"position\":2,\"name\":\"Vaasan seudun el\u00e4insuojeluyhdistys\",\"item\":\"https:\/\/sey.fi\/vaasa\/\"},{\"@type\":\"ListItem\",\"position\":3,\"name\":\"Yhteystiedot\",\"item\":\"https:\/\/sey.fi\/vaasa\/vaasan-elainsuojelu\/yhteystiedot\/\"},{\"@type\":\"ListItem\",\"position\":4,\"name\":\"Tee el\u00e4insuojeluilmoitus\"}]},{\"@type\":\"WebSite\",\"@id\":\"https:\/\/sey.fi\/vaasa\/#website\",\"url\":\"https:\/\/sey.fi\/vaasa\/\",\"name\":\"Vaasan seudun el\u00e4insuojeluyhdistys\",\"description\":\"Uusi SEY J\u00e4senyhdistykset -sivusto\",\"potentialAction\":[{\"@type\":\"SearchAction\",\"target\":{\"@type\":\"EntryPoint\",\"urlTemplate\":\"https:\/\/sey.fi\/vaasa\/?s={search_term_string}\"},\"query-input\":{\"@type\":\"PropertyValueSpecification\",\"valueRequired\":true,\"valueName\":\"search_term_string\"}}],\"inLanguage\":\"fi\"}]}<\/script>\n<!-- \/ Yoast SEO plugin. -->","yoast_head_json":{"title":"Tee el\u00e4insuojeluilmoitus - Vaasan seudun el\u00e4insuojeluyhdistys","robots":{"index":"index","follow":"follow","max-snippet":"max-snippet:-1","max-image-preview":"max-image-preview:large","max-video-preview":"max-video-preview:-1"},"canonical":"https:\/\/sey.fi\/vaasa\/vaasan-elainsuojelu\/yhteystiedot\/tee-elainsuojeluilmoitus\/","og_locale":"fi_FI","og_type":"article","og_title":"Tee el\u00e4insuojeluilmoitus - Vaasan seudun el\u00e4insuojeluyhdistys","og_description":"T\u00e4ll\u00e4 lomakkeella&nbsp;voit tehd\u00e4 ilmoituksen ep\u00e4illess\u00e4si el\u00e4inten huonoa kohtelua.&nbsp;Kiireellisiss\u00e4 tapauksissa \u00e4l\u00e4 j\u00e4t\u00e4 palautetta lomakkeen&nbsp;kautta, vaan ota yhteytt\u00e4 suoraan&nbsp;alueen el\u00e4insuojeluneuvojaan&nbsp;tai oman kunnan el\u00e4inl\u00e4\u00e4k\u00e4riin, terveystarkastajaan tai aivan akuuteissa tapauksissa poliisiin.","og_url":"https:\/\/sey.fi\/vaasa\/vaasan-elainsuojelu\/yhteystiedot\/tee-elainsuojeluilmoitus\/","og_site_name":"Vaasan seudun el\u00e4insuojeluyhdistys","article_modified_time":"2019-11-22T15:37:01+00:00","twitter_card":"summary_large_image","schema":{"@context":"https:\/\/schema.org","@graph":[{"@type":"WebPage","@id":"https:\/\/sey.fi\/vaasa\/vaasan-elainsuojelu\/yhteystiedot\/tee-elainsuojeluilmoitus\/","url":"https:\/\/sey.fi\/vaasa\/vaasan-elainsuojelu\/yhteystiedot\/tee-elainsuojeluilmoitus\/","name":"Tee el\u00e4insuojeluilmoitus - Vaasan seudun el\u00e4insuojeluyhdistys","isPartOf":{"@id":"https:\/\/sey.fi\/vaasa\/#website"},"datePublished":"2019-11-22T15:37:00+00:00","dateModified":"2019-11-22T15:37:01+00:00","breadcrumb":{"@id":"https:\/\/sey.fi\/vaasa\/vaasan-elainsuojelu\/yhteystiedot\/tee-elainsuojeluilmoitus\/#breadcrumb"},"inLanguage":"fi","potentialAction":[{"@type":"ReadAction","target":["https:\/\/sey.fi\/vaasa\/vaasan-elainsuojelu\/yhteystiedot\/tee-elainsuojeluilmoitus\/"]}]},{"@type":"BreadcrumbList","@id":"https:\/\/sey.fi\/vaasa\/vaasan-elainsuojelu\/yhteystiedot\/tee-elainsuojeluilmoitus\/#breadcrumb","itemListElement":[{"@type":"ListItem","position":1,"name":"Home","item":"https:\/\/sey.fi\/vaasa\/"},{"@type":"ListItem","position":2,"name":"Vaasan seudun el\u00e4insuojeluyhdistys","item":"https:\/\/sey.fi\/vaasa\/"},{"@type":"ListItem","position":3,"name":"Yhteystiedot","item":"https:\/\/sey.fi\/vaasa\/vaasan-elainsuojelu\/yhteystiedot\/"},{"@type":"ListItem","position":4,"name":"Tee el\u00e4insuojeluilmoitus"}]},{"@type":"WebSite","@id":"https:\/\/sey.fi\/vaasa\/#website","url":"https:\/\/sey.fi\/vaasa\/","name":"Vaasan seudun el\u00e4insuojeluyhdistys","description":"Uusi SEY J\u00e4senyhdistykset -sivusto","potentialAction":[{"@type":"SearchAction","target":{"@type":"EntryPoint","urlTemplate":"https:\/\/sey.fi\/vaasa\/?s={search_term_string}"},"query-input":{"@type":"PropertyValueSpecification","valueRequired":true,"valueName":"search_term_string"}}],"inLanguage":"fi"}]}},"_links":{"self":[{"href":"https:\/\/sey.fi\/vaasa\/wp-json\/wp\/v2\/pages\/63","targetHints":{"allow":["GET"]}}],"collection":[{"href":"https:\/\/sey.fi\/vaasa\/wp-json\/wp\/v2\/pages"}],"about":[{"href":"https:\/\/sey.fi\/vaasa\/wp-json\/wp\/v2\/types\/page"}],"author":[{"embeddable":true,"href":"https:\/\/sey.fi\/vaasa\/wp-json\/wp\/v2\/users\/8"}],"replies":[{"embeddable":true,"href":"https:\/\/sey.fi\/vaasa\/wp-json\/wp\/v2\/comments?post=63"}],"version-history":[{"count":1,"href":"https:\/\/sey.fi\/vaasa\/wp-json\/wp\/v2\/pages\/63\/revisions"}],"predecessor-version":[{"id":64,"href":"https:\/\/sey.fi\/vaasa\/wp-json\/wp\/v2\/pages\/63\/revisions\/64"}],"up":[{"embeddable":true,"href":"https:\/\/sey.fi\/vaasa\/wp-json\/wp\/v2\/pages\/61"}],"wp:attachment":[{"href":"https:\/\/sey.fi\/vaasa\/wp-json\/wp\/v2\/media?parent=63"}],"curies":[{"name":"wp","href":"https:\/\/api.w.org\/{rel}","templated":true}]}}