{"id":11,"date":"2019-11-22T18:03:43","date_gmt":"2019-11-22T16:03:43","guid":{"rendered":"http:\/\/srvr10.xetpoint.com\/~seyfi\/valkeakoski\/?page_id=11"},"modified":"2019-11-22T18:03:44","modified_gmt":"2019-11-22T16:03:44","slug":"yhdistys","status":"publish","type":"page","link":"https:\/\/sey.fi\/valkeakoski\/valkeakosken-elainsuojelu\/yhdistys\/","title":{"rendered":"Yhdistys"},"content":{"rendered":"\n<figure class=\"wp-block-image\"><img decoding=\"async\" src=\"http:\/\/valkeakoski.sey.fi\/images\/etusivu\/kissa.jpg\" alt=\"\" \/><\/figure>\n\n\n\n<h1 class=\"wp-block-heading\">SEY Valkeakosken seudun el\u00e4insuojeluyhdistys ry<\/h1>\n\n\n\n<p>El\u00e4imet kuuluvat Valkeakoskella niin maaseudun kuin kaupunkialueen ihmisten el\u00e4m\u00e4\u00e4n. Koska Valkeakosken luonto on monimuotoinen, alueella el\u00e4\u00e4 runsaasti luonnonvaraisia el\u00e4imi\u00e4. Valkeakosken el\u00e4insuojeluyhdistyksen toiminta-ajatuksena on edist\u00e4\u00e4 kaikkien el\u00e4inten hyvinvointia ja hyv\u00e4\u00e4 ja kohtelua.<\/p>\n\n\n\n<p>Yhdistyksemme hoitaa apua tarvitsevia lemmikki- ja luonnonvaraisia el\u00e4imi\u00e4. Yhdistyksemme toiminta-alueella toimii luonnonvaraisten el\u00e4inten hoitoloita, sek\u00e4 hoitoloita, jotka ottavat vastaan kodittomia kissoja, koiria ja muita lemmikkiel\u00e4imi\u00e4.<\/p>\n\n\n\n<p>Lis\u00e4ksi yhdistys keskittyy tiedottamiseen ja el\u00e4inmy\u00f6nteisen ilmapiirin luomiseen. J\u00e4rjest\u00e4mme vuosittain tapahtumia, joissa mm. jaamme el\u00e4inaiheista informaatiota. Perinteisi\u00e4 tapahtumia ovat esimerkiksi Valkeakosken markkinoilla esitt\u00e4ytyminen, el\u00e4inten viikolla informaation jakaminen sek\u00e4 joulunajan tapahtumat. Lis\u00e4ksi j\u00e4rjest\u00e4mme vuosittain vaihtelevia muita, el\u00e4inaiheisia tapahtumia.<\/p>\n","protected":false},"excerpt":{"rendered":"<p>SEY Valkeakosken seudun el\u00e4insuojeluyhdistys ry El\u00e4imet kuuluvat Valkeakoskella niin maaseudun kuin kaupunkialueen ihmisten el\u00e4m\u00e4\u00e4n. Koska Valkeakosken luonto on monimuotoinen, alueella el\u00e4\u00e4 runsaasti luonnonvaraisia el\u00e4imi\u00e4. Valkeakosken el\u00e4insuojeluyhdistyksen toiminta-ajatuksena on edist\u00e4\u00e4 kaikkien el\u00e4inten hyvinvointia ja hyv\u00e4\u00e4 ja kohtelua. Yhdistyksemme hoitaa apua tarvitsevia lemmikki- ja luonnonvaraisia el\u00e4imi\u00e4. Yhdistyksemme toiminta-alueella toimii luonnonvaraisten el\u00e4inten hoitoloita, sek\u00e4 hoitoloita, jotka ottavat vastaan [&hellip;]<\/p>\n","protected":false},"author":8,"featured_media":0,"parent":2,"menu_order":0,"comment_status":"closed","ping_status":"closed","template":"","meta":{"_acf_changed":false,"footnotes":""},"class_list":["post-11","page","type-page","status-publish","hentry"],"acf":[],"yoast_head":"<!-- This site is optimized with the Yoast SEO plugin v27.1.1 - https:\/\/yoast.com\/product\/yoast-seo-wordpress\/ -->\n<title>Yhdistys - Valkeakosken seudun el\u00e4insuojeluyhdistys<\/title>\n<meta name=\"robots\" content=\"index, follow, max-snippet:-1, max-image-preview:large, max-video-preview:-1\" \/>\n<link rel=\"canonical\" href=\"https:\/\/sey.fi\/valkeakoski\/valkeakosken-elainsuojelu\/yhdistys\/\" \/>\n<meta property=\"og:locale\" content=\"fi_FI\" \/>\n<meta property=\"og:type\" content=\"article\" \/>\n<meta property=\"og:title\" content=\"Yhdistys - Valkeakosken seudun el\u00e4insuojeluyhdistys\" \/>\n<meta property=\"og:description\" content=\"SEY Valkeakosken seudun el\u00e4insuojeluyhdistys ry El\u00e4imet kuuluvat Valkeakoskella niin maaseudun kuin kaupunkialueen ihmisten el\u00e4m\u00e4\u00e4n. Koska Valkeakosken luonto on monimuotoinen, alueella el\u00e4\u00e4 runsaasti luonnonvaraisia el\u00e4imi\u00e4. Valkeakosken el\u00e4insuojeluyhdistyksen toiminta-ajatuksena on edist\u00e4\u00e4 kaikkien el\u00e4inten hyvinvointia ja hyv\u00e4\u00e4 ja kohtelua. Yhdistyksemme hoitaa apua tarvitsevia lemmikki- ja luonnonvaraisia el\u00e4imi\u00e4. Yhdistyksemme toiminta-alueella toimii luonnonvaraisten el\u00e4inten hoitoloita, sek\u00e4 hoitoloita, jotka ottavat vastaan [&hellip;]\" \/>\n<meta property=\"og:url\" content=\"https:\/\/sey.fi\/valkeakoski\/valkeakosken-elainsuojelu\/yhdistys\/\" \/>\n<meta property=\"og:site_name\" content=\"Valkeakosken seudun el\u00e4insuojeluyhdistys\" \/>\n<meta property=\"article:modified_time\" content=\"2019-11-22T16:03:44+00:00\" \/>\n<meta property=\"og:image\" content=\"http:\/\/valkeakoski.sey.fi\/images\/etusivu\/kissa.jpg\" \/>\n<meta name=\"twitter:card\" content=\"summary_large_image\" \/>\n<meta name=\"twitter:label1\" content=\"Arvioitu lukuaika\" \/>\n\t<meta name=\"twitter:data1\" content=\"1 minuutti\" \/>\n<script type=\"application\/ld+json\" class=\"yoast-schema-graph\">{\"@context\":\"https:\/\/schema.org\",\"@graph\":[{\"@type\":\"WebPage\",\"@id\":\"https:\/\/sey.fi\/valkeakoski\/valkeakosken-elainsuojelu\/yhdistys\/\",\"url\":\"https:\/\/sey.fi\/valkeakoski\/valkeakosken-elainsuojelu\/yhdistys\/\",\"name\":\"Yhdistys - Valkeakosken seudun el\u00e4insuojeluyhdistys\",\"isPartOf\":{\"@id\":\"https:\/\/sey.fi\/valkeakoski\/#website\"},\"primaryImageOfPage\":{\"@id\":\"https:\/\/sey.fi\/valkeakoski\/valkeakosken-elainsuojelu\/yhdistys\/#primaryimage\"},\"image\":{\"@id\":\"https:\/\/sey.fi\/valkeakoski\/valkeakosken-elainsuojelu\/yhdistys\/#primaryimage\"},\"thumbnailUrl\":\"http:\/\/valkeakoski.sey.fi\/images\/etusivu\/kissa.jpg\",\"datePublished\":\"2019-11-22T16:03:43+00:00\",\"dateModified\":\"2019-11-22T16:03:44+00:00\",\"breadcrumb\":{\"@id\":\"https:\/\/sey.fi\/valkeakoski\/valkeakosken-elainsuojelu\/yhdistys\/#breadcrumb\"},\"inLanguage\":\"fi\",\"potentialAction\":[{\"@type\":\"ReadAction\",\"target\":[\"https:\/\/sey.fi\/valkeakoski\/valkeakosken-elainsuojelu\/yhdistys\/\"]}]},{\"@type\":\"ImageObject\",\"inLanguage\":\"fi\",\"@id\":\"https:\/\/sey.fi\/valkeakoski\/valkeakosken-elainsuojelu\/yhdistys\/#primaryimage\",\"url\":\"http:\/\/valkeakoski.sey.fi\/images\/etusivu\/kissa.jpg\",\"contentUrl\":\"http:\/\/valkeakoski.sey.fi\/images\/etusivu\/kissa.jpg\"},{\"@type\":\"BreadcrumbList\",\"@id\":\"https:\/\/sey.fi\/valkeakoski\/valkeakosken-elainsuojelu\/yhdistys\/#breadcrumb\",\"itemListElement\":[{\"@type\":\"ListItem\",\"position\":1,\"name\":\"Home\",\"item\":\"https:\/\/sey.fi\/valkeakoski\/\"},{\"@type\":\"ListItem\",\"position\":2,\"name\":\"Valkeakosken seudun el\u00e4insuojeluyhdistys\",\"item\":\"https:\/\/sey.fi\/valkeakoski\/\"},{\"@type\":\"ListItem\",\"position\":3,\"name\":\"Yhdistys\"}]},{\"@type\":\"WebSite\",\"@id\":\"https:\/\/sey.fi\/valkeakoski\/#website\",\"url\":\"https:\/\/sey.fi\/valkeakoski\/\",\"name\":\"Valkeakosken seudun el\u00e4insuojeluyhdistys\",\"description\":\"Uusi SEY J\u00e4senyhdistykset -sivusto\",\"potentialAction\":[{\"@type\":\"SearchAction\",\"target\":{\"@type\":\"EntryPoint\",\"urlTemplate\":\"https:\/\/sey.fi\/valkeakoski\/?s={search_term_string}\"},\"query-input\":{\"@type\":\"PropertyValueSpecification\",\"valueRequired\":true,\"valueName\":\"search_term_string\"}}],\"inLanguage\":\"fi\"}]}<\/script>\n<!-- \/ Yoast SEO plugin. -->","yoast_head_json":{"title":"Yhdistys - Valkeakosken seudun el\u00e4insuojeluyhdistys","robots":{"index":"index","follow":"follow","max-snippet":"max-snippet:-1","max-image-preview":"max-image-preview:large","max-video-preview":"max-video-preview:-1"},"canonical":"https:\/\/sey.fi\/valkeakoski\/valkeakosken-elainsuojelu\/yhdistys\/","og_locale":"fi_FI","og_type":"article","og_title":"Yhdistys - Valkeakosken seudun el\u00e4insuojeluyhdistys","og_description":"SEY Valkeakosken seudun el\u00e4insuojeluyhdistys ry El\u00e4imet kuuluvat Valkeakoskella niin maaseudun kuin kaupunkialueen ihmisten el\u00e4m\u00e4\u00e4n. Koska Valkeakosken luonto on monimuotoinen, alueella el\u00e4\u00e4 runsaasti luonnonvaraisia el\u00e4imi\u00e4. Valkeakosken el\u00e4insuojeluyhdistyksen toiminta-ajatuksena on edist\u00e4\u00e4 kaikkien el\u00e4inten hyvinvointia ja hyv\u00e4\u00e4 ja kohtelua. Yhdistyksemme hoitaa apua tarvitsevia lemmikki- ja luonnonvaraisia el\u00e4imi\u00e4. Yhdistyksemme toiminta-alueella toimii luonnonvaraisten el\u00e4inten hoitoloita, sek\u00e4 hoitoloita, jotka ottavat vastaan [&hellip;]","og_url":"https:\/\/sey.fi\/valkeakoski\/valkeakosken-elainsuojelu\/yhdistys\/","og_site_name":"Valkeakosken seudun el\u00e4insuojeluyhdistys","article_modified_time":"2019-11-22T16:03:44+00:00","og_image":[{"url":"http:\/\/valkeakoski.sey.fi\/images\/etusivu\/kissa.jpg","type":"","width":"","height":""}],"twitter_card":"summary_large_image","twitter_misc":{"Arvioitu lukuaika":"1 minuutti"},"schema":{"@context":"https:\/\/schema.org","@graph":[{"@type":"WebPage","@id":"https:\/\/sey.fi\/valkeakoski\/valkeakosken-elainsuojelu\/yhdistys\/","url":"https:\/\/sey.fi\/valkeakoski\/valkeakosken-elainsuojelu\/yhdistys\/","name":"Yhdistys - Valkeakosken seudun el\u00e4insuojeluyhdistys","isPartOf":{"@id":"https:\/\/sey.fi\/valkeakoski\/#website"},"primaryImageOfPage":{"@id":"https:\/\/sey.fi\/valkeakoski\/valkeakosken-elainsuojelu\/yhdistys\/#primaryimage"},"image":{"@id":"https:\/\/sey.fi\/valkeakoski\/valkeakosken-elainsuojelu\/yhdistys\/#primaryimage"},"thumbnailUrl":"http:\/\/valkeakoski.sey.fi\/images\/etusivu\/kissa.jpg","datePublished":"2019-11-22T16:03:43+00:00","dateModified":"2019-11-22T16:03:44+00:00","breadcrumb":{"@id":"https:\/\/sey.fi\/valkeakoski\/valkeakosken-elainsuojelu\/yhdistys\/#breadcrumb"},"inLanguage":"fi","potentialAction":[{"@type":"ReadAction","target":["https:\/\/sey.fi\/valkeakoski\/valkeakosken-elainsuojelu\/yhdistys\/"]}]},{"@type":"ImageObject","inLanguage":"fi","@id":"https:\/\/sey.fi\/valkeakoski\/valkeakosken-elainsuojelu\/yhdistys\/#primaryimage","url":"http:\/\/valkeakoski.sey.fi\/images\/etusivu\/kissa.jpg","contentUrl":"http:\/\/valkeakoski.sey.fi\/images\/etusivu\/kissa.jpg"},{"@type":"BreadcrumbList","@id":"https:\/\/sey.fi\/valkeakoski\/valkeakosken-elainsuojelu\/yhdistys\/#breadcrumb","itemListElement":[{"@type":"ListItem","position":1,"name":"Home","item":"https:\/\/sey.fi\/valkeakoski\/"},{"@type":"ListItem","position":2,"name":"Valkeakosken seudun el\u00e4insuojeluyhdistys","item":"https:\/\/sey.fi\/valkeakoski\/"},{"@type":"ListItem","position":3,"name":"Yhdistys"}]},{"@type":"WebSite","@id":"https:\/\/sey.fi\/valkeakoski\/#website","url":"https:\/\/sey.fi\/valkeakoski\/","name":"Valkeakosken seudun el\u00e4insuojeluyhdistys","description":"Uusi SEY J\u00e4senyhdistykset -sivusto","potentialAction":[{"@type":"SearchAction","target":{"@type":"EntryPoint","urlTemplate":"https:\/\/sey.fi\/valkeakoski\/?s={search_term_string}"},"query-input":{"@type":"PropertyValueSpecification","valueRequired":true,"valueName":"search_term_string"}}],"inLanguage":"fi"}]}},"_links":{"self":[{"href":"https:\/\/sey.fi\/valkeakoski\/wp-json\/wp\/v2\/pages\/11","targetHints":{"allow":["GET"]}}],"collection":[{"href":"https:\/\/sey.fi\/valkeakoski\/wp-json\/wp\/v2\/pages"}],"about":[{"href":"https:\/\/sey.fi\/valkeakoski\/wp-json\/wp\/v2\/types\/page"}],"author":[{"embeddable":true,"href":"https:\/\/sey.fi\/valkeakoski\/wp-json\/wp\/v2\/users\/8"}],"replies":[{"embeddable":true,"href":"https:\/\/sey.fi\/valkeakoski\/wp-json\/wp\/v2\/comments?post=11"}],"version-history":[{"count":1,"href":"https:\/\/sey.fi\/valkeakoski\/wp-json\/wp\/v2\/pages\/11\/revisions"}],"predecessor-version":[{"id":12,"href":"https:\/\/sey.fi\/valkeakoski\/wp-json\/wp\/v2\/pages\/11\/revisions\/12"}],"up":[{"embeddable":true,"href":"https:\/\/sey.fi\/valkeakoski\/wp-json\/wp\/v2\/pages\/2"}],"wp:attachment":[{"href":"https:\/\/sey.fi\/valkeakoski\/wp-json\/wp\/v2\/media?parent=11"}],"curies":[{"name":"wp","href":"https:\/\/api.w.org\/{rel}","templated":true}]}}