{"id":17,"date":"2019-11-22T18:06:22","date_gmt":"2019-11-22T16:06:22","guid":{"rendered":"http:\/\/srvr10.xetpoint.com\/~seyfi\/valkeakoski\/?page_id=17"},"modified":"2023-05-02T21:38:45","modified_gmt":"2023-05-02T18:38:45","slug":"liit-jaseneksi","status":"publish","type":"page","link":"https:\/\/sey.fi\/valkeakoski\/valkeakosken-elainsuojelu\/liit-jaseneksi\/","title":{"rendered":"Liity j\u00e4seneksi ja auta paikallista el\u00e4insuojeluty\u00f6t\u00e4"},"content":{"rendered":"\n<p>Vesyn toiminta tapahtuu t\u00e4ysin vapaaehtoisvoimin ja lahjoitusten varassa. J\u00e4rjest\u00e4mme&nbsp;erilaisia hyv\u00e4ntekev\u00e4isyystapahtumia tukeaksemme&nbsp;sek\u00e4 paikallista el\u00e4insuojelutoimintaa ett\u00e4 avuntarpeessa olevien yksityishenkil\u00f6iden lemmikkej\u00e4.<\/p>\n\n\n\n<p>Vesy&nbsp;k\u00e4sittelee ja hyv\u00e4ksyy j\u00e4senet hallituksen kokouksissa, jonka j\u00e4lkeen j\u00e4seneksi hyv\u00e4ksytyille tulee postissa mm. tilisiirto j\u00e4senmaksua varten. Liittym\u00e4ll\u00e4 Vesyn&nbsp;j\u00e4seneksi olet my\u00f6s kattoj\u00e4rjest\u00f6mme&nbsp;<strong><a href=\"http:\/\/www.sey.fi\/\" target=\"_blank\" rel=\"noreferrer noopener\">SEY<\/a><\/strong>:n j\u00e4sen. Kaikki SEY:n j\u00e4senet saavat&nbsp;<strong>El\u00e4inten yst\u00e4v\u00e4 -lehden<\/strong>&nbsp;nelj\u00e4 kertaa vuodessa sek\u00e4 voivat osallistua SEYn j\u00e4rjest\u00e4miin koulutuksiin ja tilaisuuksiin. J\u00e4senlaskut postitetaan SEY:n toimesta kerran vuodessa kev\u00e4isin, eli saat usein lehden ja muuta ennen j\u00e4senmaksulaskun saapumista.<\/p>\n\n\n\n<p><strong>J\u00e4seneksi liittyminen on arvokas el\u00e4insuojeluteko<\/strong>. Liittym\u00e4ll\u00e4 VESYn&nbsp;j\u00e4seneksi tuet yhdistyksemme toiminnan jatkuvuutta sek\u00e4 tuet kattoj\u00e4rjest\u00f6mme SEY:n el\u00e4insuojeluty\u00f6t\u00e4.&nbsp;<\/p>\n\n\n\n<p>Voit liitty\u00e4 yhdistyksemme j\u00e4seneksi t\u00e4st\u00e4 linkist\u00e4:&nbsp;<a href=\"http:\/\/www.sey.fi\/tue-toimintaa\/jasenyys\" target=\"_blank\" rel=\"noreferrer noopener\">Liity j\u00e4seneksi!<\/a>&nbsp;                                                                                Valitse yhdistysluettelosta Valkeakosken seudun el\u00e4insuojeluyhdistys ja t\u00e4yt\u00e4 s\u00e4hk\u00f6inen lomake.<\/p>\n\n\n\n<p>Tarvitsemme joukkoomme uusia el\u00e4inten yst\u00e4vi\u00e4. Tule rohkeasti mukaan toimintaan. Uudet ajatukset ja ideat ovat aina tervetulleita. Voit ottaa yhteytt\u00e4\u00e4 hallituksen j\u00e4seniin, niin kuulet lis\u00e4\u00e4 yhdistyksemme tapahtumista. Tapahtumista l\u00f6yd\u00e4t tietoa my\u00f6s mm. kotisivujemme AJANKOHTAISTA -osioista sek\u00e4 Facebook-sivuiltamme (SEY Valkeakosken seudun el\u00e4insuojeluyhdistys ry).<\/p>\n\n\n\n<p><\/p>\n\n\n\n<p>Vuonna 2023 j\u00e4senmaksut:<\/p>\n\n\n\n<p>Varsinainen j\u00e4sen (ik\u00e4 15v. tai yli), j\u00e4senmaksu 33\u20ac\/v<\/p>\n\n\n\n<p>Nuorisoj\u00e4sen (alle 15-v), j\u00e4senmaksun 23\u20ac\/v<\/p>\n\n\n\n<p>Perhej\u00e4sen (ei lehte\u00e4, lehden saa joku muu samassa taloudessa asuva j\u00e4sen), j\u00e4senmaksu 23\u20ac\/v<\/p>\n\n\n\n<p>Ainaisj\u00e4sen, kertamaksu 330\u20ac<\/p>\n\n\n\n<p>Kannatusj\u00e4sen tai yhteis\u00f6j\u00e4sen, j\u00e4senmaksu 230 \u20ac<\/p>\n\n\n\n<p><\/p>\n\n\n\n<p>SEY:n j\u00e4senlehdess\u00e4 El\u00e4inten yst\u00e4v\u00e4ss\u00e4 on monipuolista tietoa el\u00e4imist\u00e4 ja el\u00e4insuojelusta Suomessa ja ulkomailla. Lehdess\u00e4 on my\u00f6s asiantuntevia ohjeita lemmikkiel\u00e4inten hoidosta ja j\u00e4senyhdistysten toiminnasta.  Lehti ilmestyy nelj\u00e4 kertaa vuodessa ja se postitetaan kaikille SEY:n j\u00e4senille. Aiemmat lehden numerot ovat luettavissa SEY:n kotisivuilta. Sielt\u00e4 l\u00f6yd\u00e4t monipuolisia artikkeleita el\u00e4inasioista <\/p>\n","protected":false},"excerpt":{"rendered":"<p>Vesyn toiminta tapahtuu t\u00e4ysin vapaaehtoisvoimin ja lahjoitusten varassa. J\u00e4rjest\u00e4mme&nbsp;erilaisia hyv\u00e4ntekev\u00e4isyystapahtumia tukeaksemme&nbsp;sek\u00e4 paikallista el\u00e4insuojelutoimintaa ett\u00e4 avuntarpeessa olevien yksityishenkil\u00f6iden lemmikkej\u00e4. Vesy&nbsp;k\u00e4sittelee ja hyv\u00e4ksyy j\u00e4senet hallituksen kokouksissa, jonka j\u00e4lkeen j\u00e4seneksi hyv\u00e4ksytyille tulee postissa mm. tilisiirto j\u00e4senmaksua varten. Liittym\u00e4ll\u00e4 Vesyn&nbsp;j\u00e4seneksi olet my\u00f6s kattoj\u00e4rjest\u00f6mme&nbsp;SEY:n j\u00e4sen. Kaikki SEY:n j\u00e4senet saavat&nbsp;El\u00e4inten yst\u00e4v\u00e4 -lehden&nbsp;nelj\u00e4 kertaa vuodessa sek\u00e4 voivat osallistua SEYn j\u00e4rjest\u00e4miin koulutuksiin ja [&hellip;]<\/p>\n","protected":false},"author":8,"featured_media":0,"parent":2,"menu_order":0,"comment_status":"closed","ping_status":"closed","template":"","meta":{"_acf_changed":false,"footnotes":""},"class_list":["post-17","page","type-page","status-publish","hentry"],"acf":[],"yoast_head":"<!-- This site is optimized with the Yoast SEO plugin v27.1.1 - https:\/\/yoast.com\/product\/yoast-seo-wordpress\/ -->\n<title>Liity j\u00e4seneksi ja auta paikallista el\u00e4insuojeluty\u00f6t\u00e4 - Valkeakosken seudun el\u00e4insuojeluyhdistys<\/title>\n<meta name=\"robots\" content=\"index, follow, max-snippet:-1, max-image-preview:large, max-video-preview:-1\" \/>\n<link rel=\"canonical\" href=\"https:\/\/sey.fi\/valkeakoski\/valkeakosken-elainsuojelu\/liit-jaseneksi\/\" \/>\n<meta property=\"og:locale\" content=\"fi_FI\" \/>\n<meta property=\"og:type\" content=\"article\" \/>\n<meta property=\"og:title\" content=\"Liity j\u00e4seneksi ja auta paikallista el\u00e4insuojeluty\u00f6t\u00e4 - Valkeakosken seudun el\u00e4insuojeluyhdistys\" \/>\n<meta property=\"og:description\" content=\"Vesyn toiminta tapahtuu t\u00e4ysin vapaaehtoisvoimin ja lahjoitusten varassa. J\u00e4rjest\u00e4mme&nbsp;erilaisia hyv\u00e4ntekev\u00e4isyystapahtumia tukeaksemme&nbsp;sek\u00e4 paikallista el\u00e4insuojelutoimintaa ett\u00e4 avuntarpeessa olevien yksityishenkil\u00f6iden lemmikkej\u00e4. Vesy&nbsp;k\u00e4sittelee ja hyv\u00e4ksyy j\u00e4senet hallituksen kokouksissa, jonka j\u00e4lkeen j\u00e4seneksi hyv\u00e4ksytyille tulee postissa mm. tilisiirto j\u00e4senmaksua varten. Liittym\u00e4ll\u00e4 Vesyn&nbsp;j\u00e4seneksi olet my\u00f6s kattoj\u00e4rjest\u00f6mme&nbsp;SEY:n j\u00e4sen. Kaikki SEY:n j\u00e4senet saavat&nbsp;El\u00e4inten yst\u00e4v\u00e4 -lehden&nbsp;nelj\u00e4 kertaa vuodessa sek\u00e4 voivat osallistua SEYn j\u00e4rjest\u00e4miin koulutuksiin ja [&hellip;]\" \/>\n<meta property=\"og:url\" content=\"https:\/\/sey.fi\/valkeakoski\/valkeakosken-elainsuojelu\/liit-jaseneksi\/\" \/>\n<meta property=\"og:site_name\" content=\"Valkeakosken seudun el\u00e4insuojeluyhdistys\" \/>\n<meta property=\"article:modified_time\" content=\"2023-05-02T18:38:45+00:00\" \/>\n<meta name=\"twitter:card\" content=\"summary_large_image\" \/>\n<meta name=\"twitter:label1\" content=\"Arvioitu lukuaika\" \/>\n\t<meta name=\"twitter:data1\" content=\"2 minuuttia\" \/>\n<script type=\"application\/ld+json\" class=\"yoast-schema-graph\">{\"@context\":\"https:\/\/schema.org\",\"@graph\":[{\"@type\":\"WebPage\",\"@id\":\"https:\/\/sey.fi\/valkeakoski\/valkeakosken-elainsuojelu\/liit-jaseneksi\/\",\"url\":\"https:\/\/sey.fi\/valkeakoski\/valkeakosken-elainsuojelu\/liit-jaseneksi\/\",\"name\":\"Liity j\u00e4seneksi ja auta paikallista el\u00e4insuojeluty\u00f6t\u00e4 - Valkeakosken seudun el\u00e4insuojeluyhdistys\",\"isPartOf\":{\"@id\":\"https:\/\/sey.fi\/valkeakoski\/#website\"},\"datePublished\":\"2019-11-22T16:06:22+00:00\",\"dateModified\":\"2023-05-02T18:38:45+00:00\",\"breadcrumb\":{\"@id\":\"https:\/\/sey.fi\/valkeakoski\/valkeakosken-elainsuojelu\/liit-jaseneksi\/#breadcrumb\"},\"inLanguage\":\"fi\",\"potentialAction\":[{\"@type\":\"ReadAction\",\"target\":[\"https:\/\/sey.fi\/valkeakoski\/valkeakosken-elainsuojelu\/liit-jaseneksi\/\"]}]},{\"@type\":\"BreadcrumbList\",\"@id\":\"https:\/\/sey.fi\/valkeakoski\/valkeakosken-elainsuojelu\/liit-jaseneksi\/#breadcrumb\",\"itemListElement\":[{\"@type\":\"ListItem\",\"position\":1,\"name\":\"Home\",\"item\":\"https:\/\/sey.fi\/valkeakoski\/\"},{\"@type\":\"ListItem\",\"position\":2,\"name\":\"Valkeakosken seudun el\u00e4insuojeluyhdistys\",\"item\":\"https:\/\/sey.fi\/valkeakoski\/\"},{\"@type\":\"ListItem\",\"position\":3,\"name\":\"Liity j\u00e4seneksi ja auta paikallista el\u00e4insuojeluty\u00f6t\u00e4\"}]},{\"@type\":\"WebSite\",\"@id\":\"https:\/\/sey.fi\/valkeakoski\/#website\",\"url\":\"https:\/\/sey.fi\/valkeakoski\/\",\"name\":\"Valkeakosken seudun el\u00e4insuojeluyhdistys\",\"description\":\"Uusi SEY J\u00e4senyhdistykset -sivusto\",\"potentialAction\":[{\"@type\":\"SearchAction\",\"target\":{\"@type\":\"EntryPoint\",\"urlTemplate\":\"https:\/\/sey.fi\/valkeakoski\/?s={search_term_string}\"},\"query-input\":{\"@type\":\"PropertyValueSpecification\",\"valueRequired\":true,\"valueName\":\"search_term_string\"}}],\"inLanguage\":\"fi\"}]}<\/script>\n<!-- \/ Yoast SEO plugin. -->","yoast_head_json":{"title":"Liity j\u00e4seneksi ja auta paikallista el\u00e4insuojeluty\u00f6t\u00e4 - Valkeakosken seudun el\u00e4insuojeluyhdistys","robots":{"index":"index","follow":"follow","max-snippet":"max-snippet:-1","max-image-preview":"max-image-preview:large","max-video-preview":"max-video-preview:-1"},"canonical":"https:\/\/sey.fi\/valkeakoski\/valkeakosken-elainsuojelu\/liit-jaseneksi\/","og_locale":"fi_FI","og_type":"article","og_title":"Liity j\u00e4seneksi ja auta paikallista el\u00e4insuojeluty\u00f6t\u00e4 - Valkeakosken seudun el\u00e4insuojeluyhdistys","og_description":"Vesyn toiminta tapahtuu t\u00e4ysin vapaaehtoisvoimin ja lahjoitusten varassa. J\u00e4rjest\u00e4mme&nbsp;erilaisia hyv\u00e4ntekev\u00e4isyystapahtumia tukeaksemme&nbsp;sek\u00e4 paikallista el\u00e4insuojelutoimintaa ett\u00e4 avuntarpeessa olevien yksityishenkil\u00f6iden lemmikkej\u00e4. Vesy&nbsp;k\u00e4sittelee ja hyv\u00e4ksyy j\u00e4senet hallituksen kokouksissa, jonka j\u00e4lkeen j\u00e4seneksi hyv\u00e4ksytyille tulee postissa mm. tilisiirto j\u00e4senmaksua varten. Liittym\u00e4ll\u00e4 Vesyn&nbsp;j\u00e4seneksi olet my\u00f6s kattoj\u00e4rjest\u00f6mme&nbsp;SEY:n j\u00e4sen. Kaikki SEY:n j\u00e4senet saavat&nbsp;El\u00e4inten yst\u00e4v\u00e4 -lehden&nbsp;nelj\u00e4 kertaa vuodessa sek\u00e4 voivat osallistua SEYn j\u00e4rjest\u00e4miin koulutuksiin ja [&hellip;]","og_url":"https:\/\/sey.fi\/valkeakoski\/valkeakosken-elainsuojelu\/liit-jaseneksi\/","og_site_name":"Valkeakosken seudun el\u00e4insuojeluyhdistys","article_modified_time":"2023-05-02T18:38:45+00:00","twitter_card":"summary_large_image","twitter_misc":{"Arvioitu lukuaika":"2 minuuttia"},"schema":{"@context":"https:\/\/schema.org","@graph":[{"@type":"WebPage","@id":"https:\/\/sey.fi\/valkeakoski\/valkeakosken-elainsuojelu\/liit-jaseneksi\/","url":"https:\/\/sey.fi\/valkeakoski\/valkeakosken-elainsuojelu\/liit-jaseneksi\/","name":"Liity j\u00e4seneksi ja auta paikallista el\u00e4insuojeluty\u00f6t\u00e4 - Valkeakosken seudun el\u00e4insuojeluyhdistys","isPartOf":{"@id":"https:\/\/sey.fi\/valkeakoski\/#website"},"datePublished":"2019-11-22T16:06:22+00:00","dateModified":"2023-05-02T18:38:45+00:00","breadcrumb":{"@id":"https:\/\/sey.fi\/valkeakoski\/valkeakosken-elainsuojelu\/liit-jaseneksi\/#breadcrumb"},"inLanguage":"fi","potentialAction":[{"@type":"ReadAction","target":["https:\/\/sey.fi\/valkeakoski\/valkeakosken-elainsuojelu\/liit-jaseneksi\/"]}]},{"@type":"BreadcrumbList","@id":"https:\/\/sey.fi\/valkeakoski\/valkeakosken-elainsuojelu\/liit-jaseneksi\/#breadcrumb","itemListElement":[{"@type":"ListItem","position":1,"name":"Home","item":"https:\/\/sey.fi\/valkeakoski\/"},{"@type":"ListItem","position":2,"name":"Valkeakosken seudun el\u00e4insuojeluyhdistys","item":"https:\/\/sey.fi\/valkeakoski\/"},{"@type":"ListItem","position":3,"name":"Liity j\u00e4seneksi ja auta paikallista el\u00e4insuojeluty\u00f6t\u00e4"}]},{"@type":"WebSite","@id":"https:\/\/sey.fi\/valkeakoski\/#website","url":"https:\/\/sey.fi\/valkeakoski\/","name":"Valkeakosken seudun el\u00e4insuojeluyhdistys","description":"Uusi SEY J\u00e4senyhdistykset -sivusto","potentialAction":[{"@type":"SearchAction","target":{"@type":"EntryPoint","urlTemplate":"https:\/\/sey.fi\/valkeakoski\/?s={search_term_string}"},"query-input":{"@type":"PropertyValueSpecification","valueRequired":true,"valueName":"search_term_string"}}],"inLanguage":"fi"}]}},"_links":{"self":[{"href":"https:\/\/sey.fi\/valkeakoski\/wp-json\/wp\/v2\/pages\/17","targetHints":{"allow":["GET"]}}],"collection":[{"href":"https:\/\/sey.fi\/valkeakoski\/wp-json\/wp\/v2\/pages"}],"about":[{"href":"https:\/\/sey.fi\/valkeakoski\/wp-json\/wp\/v2\/types\/page"}],"author":[{"embeddable":true,"href":"https:\/\/sey.fi\/valkeakoski\/wp-json\/wp\/v2\/users\/8"}],"replies":[{"embeddable":true,"href":"https:\/\/sey.fi\/valkeakoski\/wp-json\/wp\/v2\/comments?post=17"}],"version-history":[{"count":4,"href":"https:\/\/sey.fi\/valkeakoski\/wp-json\/wp\/v2\/pages\/17\/revisions"}],"predecessor-version":[{"id":252,"href":"https:\/\/sey.fi\/valkeakoski\/wp-json\/wp\/v2\/pages\/17\/revisions\/252"}],"up":[{"embeddable":true,"href":"https:\/\/sey.fi\/valkeakoski\/wp-json\/wp\/v2\/pages\/2"}],"wp:attachment":[{"href":"https:\/\/sey.fi\/valkeakoski\/wp-json\/wp\/v2\/media?parent=17"}],"curies":[{"name":"wp","href":"https:\/\/api.w.org\/{rel}","templated":true}]}}