{"id":22,"date":"2019-11-22T18:08:30","date_gmt":"2019-11-22T16:08:30","guid":{"rendered":"http:\/\/srvr10.xetpoint.com\/~seyfi\/valkeakoski\/?page_id=22"},"modified":"2025-04-02T09:43:09","modified_gmt":"2025-04-02T06:43:09","slug":"etsin-kotia","status":"publish","type":"page","link":"https:\/\/sey.fi\/valkeakoski\/valkeakosken-elainsuojelu\/etsin-kotia\/","title":{"rendered":"Etsin kotia"},"content":{"rendered":"\n<p><a href=\"http:\/\/kodittomat.info\/\">Kodittomat.fi &#8211;<\/a>palvelu kokoaa suomalaisten el\u00e4insuojeluyhdistysten ja l\u00f6yt\u00f6el\u00e4intalojen uutta kotia etsiv\u00e4t el\u00e4imet yhdelle sivustolle.<\/p>\n\n\n\n<p class=\"has-medium-font-size\"><strong>Valkeakoskella l\u00f6yt\u00f6el\u00e4imist\u00e4 voit tiedustella:<\/strong><\/p>\n\n\n\n<p><a href=\"https:\/\/www.sinna.fi\/\">Sinnan El\u00e4inhoitola ja L\u00f6yt\u00f6el\u00e4imet<\/a><\/p>\n\n\n\n<p>Sinna vastaa Akaan, Urjalan, Valkeakosken ja H\u00e4meenlinnan alueiden l\u00f6yt\u00f6el\u00e4imist\u00e4. H\u00e4meenlinnan alueen l\u00f6yt\u00f6kissoista vastaa\u00a0<a href=\"https:\/\/kissakotikattila.fi\/\">Kissakoti Kattila<\/a><\/p>\n\n\n\n<p>P\u00e4iv\u00e4niementie 5, Akaa<br>040 8617482<\/p>\n\n\n\n<p><\/p>\n","protected":false},"excerpt":{"rendered":"<p>Kodittomat.fi &#8211;palvelu kokoaa suomalaisten el\u00e4insuojeluyhdistysten ja l\u00f6yt\u00f6el\u00e4intalojen uutta kotia etsiv\u00e4t el\u00e4imet yhdelle sivustolle. Valkeakoskella l\u00f6yt\u00f6el\u00e4imist\u00e4 voit tiedustella: Sinnan El\u00e4inhoitola ja L\u00f6yt\u00f6el\u00e4imet Sinna vastaa Akaan, Urjalan, Valkeakosken ja H\u00e4meenlinnan alueiden l\u00f6yt\u00f6el\u00e4imist\u00e4. H\u00e4meenlinnan alueen l\u00f6yt\u00f6kissoista vastaa\u00a0Kissakoti Kattila P\u00e4iv\u00e4niementie 5, Akaa040 8617482<\/p>\n","protected":false},"author":8,"featured_media":0,"parent":2,"menu_order":0,"comment_status":"closed","ping_status":"closed","template":"","meta":{"_acf_changed":false,"footnotes":""},"class_list":["post-22","page","type-page","status-publish","hentry"],"acf":[],"yoast_head":"<!-- This site is optimized with the Yoast SEO plugin v27.1.1 - https:\/\/yoast.com\/product\/yoast-seo-wordpress\/ -->\n<title>Etsin kotia - Valkeakosken seudun el\u00e4insuojeluyhdistys<\/title>\n<meta name=\"robots\" content=\"index, follow, max-snippet:-1, max-image-preview:large, max-video-preview:-1\" \/>\n<link rel=\"canonical\" href=\"https:\/\/sey.fi\/valkeakoski\/valkeakosken-elainsuojelu\/etsin-kotia\/\" \/>\n<meta property=\"og:locale\" content=\"fi_FI\" \/>\n<meta property=\"og:type\" content=\"article\" \/>\n<meta property=\"og:title\" content=\"Etsin kotia - Valkeakosken seudun el\u00e4insuojeluyhdistys\" \/>\n<meta property=\"og:description\" content=\"Kodittomat.fi &#8211;palvelu kokoaa suomalaisten el\u00e4insuojeluyhdistysten ja l\u00f6yt\u00f6el\u00e4intalojen uutta kotia etsiv\u00e4t el\u00e4imet yhdelle sivustolle. Valkeakoskella l\u00f6yt\u00f6el\u00e4imist\u00e4 voit tiedustella: Sinnan El\u00e4inhoitola ja L\u00f6yt\u00f6el\u00e4imet Sinna vastaa Akaan, Urjalan, Valkeakosken ja H\u00e4meenlinnan alueiden l\u00f6yt\u00f6el\u00e4imist\u00e4. H\u00e4meenlinnan alueen l\u00f6yt\u00f6kissoista vastaa\u00a0Kissakoti Kattila P\u00e4iv\u00e4niementie 5, Akaa040 8617482\" \/>\n<meta property=\"og:url\" content=\"https:\/\/sey.fi\/valkeakoski\/valkeakosken-elainsuojelu\/etsin-kotia\/\" \/>\n<meta property=\"og:site_name\" content=\"Valkeakosken seudun el\u00e4insuojeluyhdistys\" \/>\n<meta property=\"article:modified_time\" content=\"2025-04-02T06:43:09+00:00\" \/>\n<meta name=\"twitter:card\" content=\"summary_large_image\" \/>\n<meta name=\"twitter:label1\" content=\"Arvioitu lukuaika\" \/>\n\t<meta name=\"twitter:data1\" content=\"1 minuutti\" \/>\n<script type=\"application\/ld+json\" class=\"yoast-schema-graph\">{\"@context\":\"https:\/\/schema.org\",\"@graph\":[{\"@type\":\"WebPage\",\"@id\":\"https:\/\/sey.fi\/valkeakoski\/valkeakosken-elainsuojelu\/etsin-kotia\/\",\"url\":\"https:\/\/sey.fi\/valkeakoski\/valkeakosken-elainsuojelu\/etsin-kotia\/\",\"name\":\"Etsin kotia - Valkeakosken seudun el\u00e4insuojeluyhdistys\",\"isPartOf\":{\"@id\":\"https:\/\/sey.fi\/valkeakoski\/#website\"},\"datePublished\":\"2019-11-22T16:08:30+00:00\",\"dateModified\":\"2025-04-02T06:43:09+00:00\",\"breadcrumb\":{\"@id\":\"https:\/\/sey.fi\/valkeakoski\/valkeakosken-elainsuojelu\/etsin-kotia\/#breadcrumb\"},\"inLanguage\":\"fi\",\"potentialAction\":[{\"@type\":\"ReadAction\",\"target\":[\"https:\/\/sey.fi\/valkeakoski\/valkeakosken-elainsuojelu\/etsin-kotia\/\"]}]},{\"@type\":\"BreadcrumbList\",\"@id\":\"https:\/\/sey.fi\/valkeakoski\/valkeakosken-elainsuojelu\/etsin-kotia\/#breadcrumb\",\"itemListElement\":[{\"@type\":\"ListItem\",\"position\":1,\"name\":\"Home\",\"item\":\"https:\/\/sey.fi\/valkeakoski\/\"},{\"@type\":\"ListItem\",\"position\":2,\"name\":\"Valkeakosken seudun el\u00e4insuojeluyhdistys\",\"item\":\"https:\/\/sey.fi\/valkeakoski\/\"},{\"@type\":\"ListItem\",\"position\":3,\"name\":\"Etsin kotia\"}]},{\"@type\":\"WebSite\",\"@id\":\"https:\/\/sey.fi\/valkeakoski\/#website\",\"url\":\"https:\/\/sey.fi\/valkeakoski\/\",\"name\":\"Valkeakosken seudun el\u00e4insuojeluyhdistys\",\"description\":\"Uusi SEY J\u00e4senyhdistykset -sivusto\",\"potentialAction\":[{\"@type\":\"SearchAction\",\"target\":{\"@type\":\"EntryPoint\",\"urlTemplate\":\"https:\/\/sey.fi\/valkeakoski\/?s={search_term_string}\"},\"query-input\":{\"@type\":\"PropertyValueSpecification\",\"valueRequired\":true,\"valueName\":\"search_term_string\"}}],\"inLanguage\":\"fi\"}]}<\/script>\n<!-- \/ Yoast SEO plugin. -->","yoast_head_json":{"title":"Etsin kotia - Valkeakosken seudun el\u00e4insuojeluyhdistys","robots":{"index":"index","follow":"follow","max-snippet":"max-snippet:-1","max-image-preview":"max-image-preview:large","max-video-preview":"max-video-preview:-1"},"canonical":"https:\/\/sey.fi\/valkeakoski\/valkeakosken-elainsuojelu\/etsin-kotia\/","og_locale":"fi_FI","og_type":"article","og_title":"Etsin kotia - Valkeakosken seudun el\u00e4insuojeluyhdistys","og_description":"Kodittomat.fi &#8211;palvelu kokoaa suomalaisten el\u00e4insuojeluyhdistysten ja l\u00f6yt\u00f6el\u00e4intalojen uutta kotia etsiv\u00e4t el\u00e4imet yhdelle sivustolle. Valkeakoskella l\u00f6yt\u00f6el\u00e4imist\u00e4 voit tiedustella: Sinnan El\u00e4inhoitola ja L\u00f6yt\u00f6el\u00e4imet Sinna vastaa Akaan, Urjalan, Valkeakosken ja H\u00e4meenlinnan alueiden l\u00f6yt\u00f6el\u00e4imist\u00e4. H\u00e4meenlinnan alueen l\u00f6yt\u00f6kissoista vastaa\u00a0Kissakoti Kattila P\u00e4iv\u00e4niementie 5, Akaa040 8617482","og_url":"https:\/\/sey.fi\/valkeakoski\/valkeakosken-elainsuojelu\/etsin-kotia\/","og_site_name":"Valkeakosken seudun el\u00e4insuojeluyhdistys","article_modified_time":"2025-04-02T06:43:09+00:00","twitter_card":"summary_large_image","twitter_misc":{"Arvioitu lukuaika":"1 minuutti"},"schema":{"@context":"https:\/\/schema.org","@graph":[{"@type":"WebPage","@id":"https:\/\/sey.fi\/valkeakoski\/valkeakosken-elainsuojelu\/etsin-kotia\/","url":"https:\/\/sey.fi\/valkeakoski\/valkeakosken-elainsuojelu\/etsin-kotia\/","name":"Etsin kotia - Valkeakosken seudun el\u00e4insuojeluyhdistys","isPartOf":{"@id":"https:\/\/sey.fi\/valkeakoski\/#website"},"datePublished":"2019-11-22T16:08:30+00:00","dateModified":"2025-04-02T06:43:09+00:00","breadcrumb":{"@id":"https:\/\/sey.fi\/valkeakoski\/valkeakosken-elainsuojelu\/etsin-kotia\/#breadcrumb"},"inLanguage":"fi","potentialAction":[{"@type":"ReadAction","target":["https:\/\/sey.fi\/valkeakoski\/valkeakosken-elainsuojelu\/etsin-kotia\/"]}]},{"@type":"BreadcrumbList","@id":"https:\/\/sey.fi\/valkeakoski\/valkeakosken-elainsuojelu\/etsin-kotia\/#breadcrumb","itemListElement":[{"@type":"ListItem","position":1,"name":"Home","item":"https:\/\/sey.fi\/valkeakoski\/"},{"@type":"ListItem","position":2,"name":"Valkeakosken seudun el\u00e4insuojeluyhdistys","item":"https:\/\/sey.fi\/valkeakoski\/"},{"@type":"ListItem","position":3,"name":"Etsin kotia"}]},{"@type":"WebSite","@id":"https:\/\/sey.fi\/valkeakoski\/#website","url":"https:\/\/sey.fi\/valkeakoski\/","name":"Valkeakosken seudun el\u00e4insuojeluyhdistys","description":"Uusi SEY J\u00e4senyhdistykset -sivusto","potentialAction":[{"@type":"SearchAction","target":{"@type":"EntryPoint","urlTemplate":"https:\/\/sey.fi\/valkeakoski\/?s={search_term_string}"},"query-input":{"@type":"PropertyValueSpecification","valueRequired":true,"valueName":"search_term_string"}}],"inLanguage":"fi"}]}},"_links":{"self":[{"href":"https:\/\/sey.fi\/valkeakoski\/wp-json\/wp\/v2\/pages\/22","targetHints":{"allow":["GET"]}}],"collection":[{"href":"https:\/\/sey.fi\/valkeakoski\/wp-json\/wp\/v2\/pages"}],"about":[{"href":"https:\/\/sey.fi\/valkeakoski\/wp-json\/wp\/v2\/types\/page"}],"author":[{"embeddable":true,"href":"https:\/\/sey.fi\/valkeakoski\/wp-json\/wp\/v2\/users\/8"}],"replies":[{"embeddable":true,"href":"https:\/\/sey.fi\/valkeakoski\/wp-json\/wp\/v2\/comments?post=22"}],"version-history":[{"count":3,"href":"https:\/\/sey.fi\/valkeakoski\/wp-json\/wp\/v2\/pages\/22\/revisions"}],"predecessor-version":[{"id":293,"href":"https:\/\/sey.fi\/valkeakoski\/wp-json\/wp\/v2\/pages\/22\/revisions\/293"}],"up":[{"embeddable":true,"href":"https:\/\/sey.fi\/valkeakoski\/wp-json\/wp\/v2\/pages\/2"}],"wp:attachment":[{"href":"https:\/\/sey.fi\/valkeakoski\/wp-json\/wp\/v2\/media?parent=22"}],"curies":[{"name":"wp","href":"https:\/\/api.w.org\/{rel}","templated":true}]}}