{"id":134,"date":"2021-10-07T19:18:06","date_gmt":"2021-10-07T16:18:06","guid":{"rendered":"https:\/\/sey.fi\/varkaus\/?page_id=134"},"modified":"2023-03-20T20:54:56","modified_gmt":"2023-03-20T18:54:56","slug":"esitieto-lomake-kotia-tarjoavalle","status":"publish","type":"page","link":"https:\/\/sey.fi\/varkaus\/esitieto-lomake-kotia-tarjoavalle\/","title":{"rendered":"Esitieto lomake kotia tarjoavalle"},"content":{"rendered":"\n<div class=\"wpcf7 no-js\" id=\"wpcf7-f140-o1\" lang=\"fi\" dir=\"ltr\" data-wpcf7-id=\"140\">\n<div class=\"screen-reader-response\"><p role=\"status\" aria-live=\"polite\" aria-atomic=\"true\"><\/p> <ul><\/ul><\/div>\n<form action=\"\/varkaus\/wp-json\/wp\/v2\/pages\/134#wpcf7-f140-o1\" method=\"post\" class=\"wpcf7-form init\" aria-label=\"Yhteydenottolomake\" novalidate=\"novalidate\" data-status=\"init\">\n<div style=\"display: none;\">\n<input type=\"hidden\" name=\"_wpcf7\" value=\"140\" \/>\n<input type=\"hidden\" name=\"_wpcf7_version\" value=\"6.0.6\" \/>\n<input type=\"hidden\" name=\"_wpcf7_locale\" value=\"fi\" \/>\n<input type=\"hidden\" name=\"_wpcf7_unit_tag\" value=\"wpcf7-f140-o1\" \/>\n<input type=\"hidden\" name=\"_wpcf7_container_post\" value=\"0\" \/>\n<input type=\"hidden\" name=\"_wpcf7_posted_data_hash\" value=\"\" \/>\n<\/div>\n<p><label> Nimi ja sukunimi<br \/>\n<span class=\"wpcf7-form-control-wrap\" data-name=\"sinun-nimi\"><input size=\"40\" maxlength=\"400\" class=\"wpcf7-form-control wpcf7-text wpcf7-validates-as-required\" aria-required=\"true\" aria-invalid=\"false\" value=\"\" type=\"text\" name=\"sinun-nimi\" \/><\/span> <\/label>\n<\/p>\n<p><label> Osoite<br \/>\n<span class=\"wpcf7-form-control-wrap\" data-name=\"Osoite\"><input size=\"40\" maxlength=\"400\" class=\"wpcf7-form-control wpcf7-text wpcf7-validates-as-required\" aria-required=\"true\" aria-invalid=\"false\" value=\"\" type=\"text\" name=\"Osoite\" \/><\/span> <\/label>\n<\/p>\n<p><label> Paikkakunta<br \/>\n<span class=\"wpcf7-form-control-wrap\" data-name=\"Paikkakunta\"><input size=\"40\" maxlength=\"400\" class=\"wpcf7-form-control wpcf7-text wpcf7-validates-as-required\" aria-required=\"true\" aria-invalid=\"false\" value=\"\" type=\"text\" name=\"Paikkakunta\" \/><\/span> <\/label>\n<\/p>\n<p><label> S\u00e4hk\u00f6posti<br \/>\n<span class=\"wpcf7-form-control-wrap\" data-name=\"s-posti\"><input size=\"40\" maxlength=\"400\" class=\"wpcf7-form-control wpcf7-text wpcf7-validates-as-required\" aria-required=\"true\" aria-invalid=\"false\" value=\"\" type=\"text\" name=\"s-posti\" \/><\/span> <\/label>\n<\/p>\n<p><label> Puhelinnumero josta sinut tavoittaa klo<br \/>\n<span class=\"wpcf7-form-control-wrap\" data-name=\"Puhelinnumero\"><input size=\"40\" maxlength=\"400\" class=\"wpcf7-form-control wpcf7-tel wpcf7-validates-as-required wpcf7-text wpcf7-validates-as-tel\" aria-required=\"true\" aria-invalid=\"false\" value=\"\" type=\"tel\" name=\"Puhelinnumero\" \/><\/span> <\/label>\n<\/p>\n<p><label> Miksi haluat lemmikin? Millaisen lemmikin haluat? (luonne,sukupuoli,ik\u00e4)<br \/>\n<span class=\"wpcf7-form-control-wrap\" data-name=\"miksi-haluat-lemmikin\"><textarea cols=\"40\" rows=\"10\" maxlength=\"2000\" class=\"wpcf7-form-control wpcf7-textarea wpcf7-validates-as-required\" aria-required=\"true\" aria-invalid=\"false\" name=\"miksi-haluat-lemmikin\"><\/textarea><\/span> <\/label>\n<\/p>\n<p><label> Miksi haluat juuri t\u00e4m\u00e4n el\u00e4imen? (mainitse mik\u00e4 esyn koditon on kyseess\u00e4)<br \/>\n<span class=\"wpcf7-form-control-wrap\" data-name=\"miksi-haluat-juuri-taman-elaimen\"><textarea cols=\"40\" rows=\"10\" maxlength=\"2000\" class=\"wpcf7-form-control wpcf7-textarea wpcf7-validates-as-required\" aria-required=\"true\" aria-invalid=\"false\" name=\"miksi-haluat-juuri-taman-elaimen\"><\/textarea><\/span> <\/label>\n<\/p>\n<p><label> Mit\u00e4 tietoa olet jo hankkinut kyseisest\u00e4 el\u00e4inlajista? Mist\u00e4?<br \/>\n<span class=\"wpcf7-form-control-wrap\" data-name=\"hankkinut-tietoja\"><textarea cols=\"40\" rows=\"10\" maxlength=\"2000\" class=\"wpcf7-form-control wpcf7-textarea wpcf7-validates-as-required\" aria-required=\"true\" aria-invalid=\"false\" name=\"hankkinut-tietoja\"><\/textarea><\/span> <\/label>\n<\/p>\n<p><label> Kerro omin sanoin, mit\u00e4 tietoja sinulla on kyseisen el\u00e4inlajin ruokinnasta, hoidosta ja terveydenhoidosta?<br \/>\n<span class=\"wpcf7-form-control-wrap\" data-name=\"kerro-omin-sanoin-mita-tietoja-sinulla-on-kyseisen-elainlajin-ruokinnasta-hoidosta-ja-terveydenhoidosta\"><textarea cols=\"40\" rows=\"10\" maxlength=\"2000\" class=\"wpcf7-form-control wpcf7-textarea wpcf7-validates-as-required\" aria-required=\"true\" aria-invalid=\"false\" name=\"kerro-omin-sanoin-mita-tietoja-sinulla-on-kyseisen-elainlajin-ruokinnasta-hoidosta-ja-terveydenhoidosta\"><\/textarea><\/span> <\/label>\n<\/p>\n<p><label> Kuka on vastuussa el\u00e4imen hoidosta?<br \/>\n<span class=\"wpcf7-form-control-wrap\" data-name=\"kuka-on-vastuussa\"><input size=\"40\" maxlength=\"400\" class=\"wpcf7-form-control wpcf7-text wpcf7-validates-as-required\" aria-required=\"true\" aria-invalid=\"false\" value=\"\" type=\"text\" name=\"kuka-on-vastuussa\" \/><\/span> <\/label>\n<\/p>\n<p><label> Onko perheess\u00e4 lapsia, jos on niin mink\u00e4 ik\u00e4isi\u00e4?<br \/>\n<span class=\"wpcf7-form-control-wrap\" data-name=\"onko-perheessa-lapsia\"><input size=\"40\" maxlength=\"400\" class=\"wpcf7-form-control wpcf7-text wpcf7-validates-as-required\" aria-required=\"true\" aria-invalid=\"false\" value=\"\" type=\"text\" name=\"onko-perheessa-lapsia\" \/><\/span> <\/label>\n<\/p>\n<p><label> Kerro omin sanoin, mit\u00e4 tied\u00e4t kyseisen el\u00e4inlajin kustannuksista ja oletko varautunut n\u00e4ihin mahdollisiin \u00e4killisiin kustannuksiin, joita saattaa el\u00e4imen kanssa tulla?<br \/>\n<span class=\"wpcf7-form-control-wrap\" data-name=\"oletko-varautunut-kustannuksiin\"><textarea cols=\"40\" rows=\"10\" maxlength=\"2000\" class=\"wpcf7-form-control wpcf7-textarea wpcf7-validates-as-required\" aria-required=\"true\" aria-invalid=\"false\" name=\"oletko-varautunut-kustannuksiin\"><\/textarea><\/span> <\/label>\n<\/p>\n<p><label> Oletko tietoinen siit\u00e4 mill\u00e4 tavalla t\u00e4ytet\u00e4\u00e4n el\u00e4imen vaatimukset? ( esim. virikkeist\u00e4minen, liikunta, harrastaminen el\u00e4imen kanssa) Mill\u00e4 tavoin t\u00e4m\u00e4 toteutetaan perheess\u00e4si?<br \/>\n<span class=\"wpcf7-form-control-wrap\" data-name=\"oletko-tietoinen-vaatimuksista\"><textarea cols=\"40\" rows=\"10\" maxlength=\"2000\" class=\"wpcf7-form-control wpcf7-textarea wpcf7-validates-as-required\" aria-required=\"true\" aria-invalid=\"false\" name=\"oletko-tietoinen-vaatimuksista\"><\/textarea><\/span> <\/label>\n<\/p>\n<p><label> Oletko pohtinut miten loma-ajat hoidetaan, kuka hoitaa lemmikki\u00e4 ja miss\u00e4? ( hoitaja omaan kotiin vai lemmikki hoitolaan)<br \/>\n<span class=\"wpcf7-form-control-wrap\" data-name=\"oletko-pohtinut-lomista\"><textarea cols=\"40\" rows=\"10\" maxlength=\"2000\" class=\"wpcf7-form-control wpcf7-textarea wpcf7-validates-as-required\" aria-required=\"true\" aria-invalid=\"false\" name=\"oletko-pohtinut-lomista\"><\/textarea><\/span> <\/label>\n<\/p>\n<p><label> Onko perheen allergiat kartoitettu etuk\u00e4teen?<br \/>\n<span class=\"wpcf7-form-control-wrap\" data-name=\"onko-allergiat-huomioitu\"><input size=\"40\" maxlength=\"400\" class=\"wpcf7-form-control wpcf7-text wpcf7-validates-as-required\" aria-required=\"true\" aria-invalid=\"false\" value=\"\" type=\"text\" name=\"onko-allergiat-huomioitu\" \/><\/span> <\/label>\n<\/p>\n<p><label> Onko perheess\u00e4si lemmikkej\u00e4, jos on niin mit\u00e4?<br \/>\n<span class=\"wpcf7-form-control-wrap\" data-name=\"onko-lemmikkeja\"><input size=\"40\" maxlength=\"400\" class=\"wpcf7-form-control wpcf7-text wpcf7-validates-as-required\" aria-required=\"true\" aria-invalid=\"false\" value=\"\" type=\"text\" name=\"onko-lemmikkeja\" \/><\/span> <\/label>\n<\/p>\n<p><label> Kuinka pitki\u00e4 aikoja el\u00e4in joutuu olemaan yksin kotona?<br \/>\n<span class=\"wpcf7-form-control-wrap\" data-name=\"kuinka-pitkaan-yksin\"><input size=\"40\" maxlength=\"400\" class=\"wpcf7-form-control wpcf7-text wpcf7-validates-as-required\" aria-required=\"true\" aria-invalid=\"false\" value=\"\" type=\"text\" name=\"kuinka-pitkaan-yksin\" \/><\/span> <\/label>\n<\/p>\n<p><label> Miten kissojen \/ koirien ulkoilu on j\u00e4rjestetty?<br \/>\n<span class=\"wpcf7-form-control-wrap\" data-name=\"miten-kissojen-ulkoilu-hoidettu\"><input size=\"40\" maxlength=\"400\" class=\"wpcf7-form-control wpcf7-text wpcf7-validates-as-required\" aria-required=\"true\" aria-invalid=\"false\" value=\"\" type=\"text\" name=\"miten-kissojen-ulkoilu-hoidettu\" \/><\/span> <\/label>\n<\/p>\n<p><label> Kerro omin sanoin kuinka vanhat ja uudet lemmikit tutustutetaan toisiinsa, miten toimitaan mik\u00e4li el\u00e4imet ovat eri lajia?<br \/>\n<span class=\"wpcf7-form-control-wrap\" data-name=\"kerro-omin-sanoin-kuinka-tutustutat\"><textarea cols=\"40\" rows=\"10\" maxlength=\"2000\" class=\"wpcf7-form-control wpcf7-textarea wpcf7-validates-as-required\" aria-required=\"true\" aria-invalid=\"false\" name=\"kerro-omin-sanoin-kuinka-tutustutat\"><\/textarea><\/span> <\/label>\n<\/p>\n<p><label> Kerro miten koti on ''el\u00e4insuojattu'' ennen el\u00e4imen ottamista. Eli tarvittaessa verkotettu parveke, rakennettu aitaus, tai muuten pidetty huoli ettei el\u00e4in p\u00e4\u00e4se tekem\u00e4\u00e4n tuhojaan tai satuttamaan itse\u00e4\u00e4n?<br \/>\n<span class=\"wpcf7-form-control-wrap\" data-name=\"kerro-suojattu-ymparisto\"><textarea cols=\"40\" rows=\"10\" maxlength=\"2000\" class=\"wpcf7-form-control wpcf7-textarea wpcf7-validates-as-required\" aria-required=\"true\" aria-invalid=\"false\" name=\"kerro-suojattu-ymparisto\"><\/textarea><\/span> <\/label>\n<\/p>\n<p><label> Oletko varautunut mahdollisiin ongelmiin? (kodinvaihtaja el\u00e4inten kohdalla ongelmia saattaa tulla pitk\u00e4nkin ajan kuluttua?) Kerro mit\u00e4 ongelmat voisivat esimerkiksi olla?<br \/>\n<span class=\"wpcf7-form-control-wrap\" data-name=\"oletko-varautunut-ongelmiin\"><textarea cols=\"40\" rows=\"10\" maxlength=\"2000\" class=\"wpcf7-form-control wpcf7-textarea wpcf7-validates-as-required\" aria-required=\"true\" aria-invalid=\"false\" name=\"oletko-varautunut-ongelmiin\"><\/textarea><\/span> <\/label>\n<\/p>\n<p><label> Miten toimit mahdollisissa el\u00e4m\u00e4nmuutoksissa? (esim. ero, muutto, sairastuminen, kuolema)<br \/>\n<span class=\"wpcf7-form-control-wrap\" data-name=\"miten-toimit-muutoksissa\"><textarea cols=\"40\" rows=\"10\" maxlength=\"2000\" class=\"wpcf7-form-control wpcf7-textarea wpcf7-validates-as-required\" aria-required=\"true\" aria-invalid=\"false\" name=\"miten-toimit-muutoksissa\"><\/textarea><\/span> <\/label>\n<\/p>\n<p><label> Miten toimit mik\u00e4li joudut luopumaan el\u00e4imest\u00e4? (esim. ero. muutto, sairastuminen, kuolema)<br \/>\n<span class=\"wpcf7-form-control-wrap\" data-name=\"miten-toimit-luovut-elaimesta\"><textarea cols=\"40\" rows=\"10\" maxlength=\"2000\" class=\"wpcf7-form-control wpcf7-textarea wpcf7-validates-as-required\" aria-required=\"true\" aria-invalid=\"false\" name=\"miten-toimit-luovut-elaimesta\"><\/textarea><\/span> <\/label>\n<\/p>\n<p><input class=\"wpcf7-form-control wpcf7-submit has-spinner\" type=\"submit\" value=\"L\u00e4het\u00e4\" \/>\n<\/p><div class=\"wpcf7-response-output\" aria-hidden=\"true\"><\/div>\n<\/form>\n<\/div>\n\n","protected":false},"excerpt":{"rendered":"","protected":false},"author":32,"featured_media":0,"parent":0,"menu_order":0,"comment_status":"closed","ping_status":"closed","template":"","meta":{"_acf_changed":false,"footnotes":""},"class_list":["post-134","page","type-page","status-publish","hentry"],"acf":[],"yoast_head":"<!-- This site is optimized with the Yoast SEO plugin v27.1.1 - https:\/\/yoast.com\/product\/yoast-seo-wordpress\/ -->\n<title>Esitieto lomake kotia tarjoavalle - Varkauden seudun el\u00e4insuojeluyhdistys<\/title>\n<meta name=\"robots\" content=\"index, follow, max-snippet:-1, max-image-preview:large, max-video-preview:-1\" \/>\n<link rel=\"canonical\" href=\"https:\/\/sey.fi\/varkaus\/esitieto-lomake-kotia-tarjoavalle\/\" \/>\n<meta property=\"og:locale\" content=\"fi_FI\" \/>\n<meta property=\"og:type\" content=\"article\" \/>\n<meta property=\"og:title\" content=\"Esitieto lomake kotia tarjoavalle - Varkauden seudun el\u00e4insuojeluyhdistys\" \/>\n<meta property=\"og:url\" content=\"https:\/\/sey.fi\/varkaus\/esitieto-lomake-kotia-tarjoavalle\/\" \/>\n<meta property=\"og:site_name\" content=\"Varkauden seudun el\u00e4insuojeluyhdistys\" \/>\n<meta property=\"article:modified_time\" content=\"2023-03-20T18:54:56+00:00\" \/>\n<meta name=\"twitter:card\" content=\"summary_large_image\" \/>\n<meta name=\"twitter:label1\" content=\"Arvioitu lukuaika\" \/>\n\t<meta name=\"twitter:data1\" content=\"1 minuutti\" \/>\n<script type=\"application\/ld+json\" class=\"yoast-schema-graph\">{\"@context\":\"https:\/\/schema.org\",\"@graph\":[{\"@type\":\"WebPage\",\"@id\":\"https:\/\/sey.fi\/varkaus\/esitieto-lomake-kotia-tarjoavalle\/\",\"url\":\"https:\/\/sey.fi\/varkaus\/esitieto-lomake-kotia-tarjoavalle\/\",\"name\":\"Esitieto lomake kotia tarjoavalle - Varkauden seudun el\u00e4insuojeluyhdistys\",\"isPartOf\":{\"@id\":\"https:\/\/sey.fi\/varkaus\/#website\"},\"datePublished\":\"2021-10-07T16:18:06+00:00\",\"dateModified\":\"2023-03-20T18:54:56+00:00\",\"breadcrumb\":{\"@id\":\"https:\/\/sey.fi\/varkaus\/esitieto-lomake-kotia-tarjoavalle\/#breadcrumb\"},\"inLanguage\":\"fi\",\"potentialAction\":[{\"@type\":\"ReadAction\",\"target\":[\"https:\/\/sey.fi\/varkaus\/esitieto-lomake-kotia-tarjoavalle\/\"]}]},{\"@type\":\"BreadcrumbList\",\"@id\":\"https:\/\/sey.fi\/varkaus\/esitieto-lomake-kotia-tarjoavalle\/#breadcrumb\",\"itemListElement\":[{\"@type\":\"ListItem\",\"position\":1,\"name\":\"Home\",\"item\":\"https:\/\/sey.fi\/varkaus\/\"},{\"@type\":\"ListItem\",\"position\":2,\"name\":\"Esitieto lomake kotia tarjoavalle\"}]},{\"@type\":\"WebSite\",\"@id\":\"https:\/\/sey.fi\/varkaus\/#website\",\"url\":\"https:\/\/sey.fi\/varkaus\/\",\"name\":\"Varkauden seudun el\u00e4insuojeluyhdistys\",\"description\":\"Uusi SEY J\u00e4senyhdistykset -sivusto\",\"potentialAction\":[{\"@type\":\"SearchAction\",\"target\":{\"@type\":\"EntryPoint\",\"urlTemplate\":\"https:\/\/sey.fi\/varkaus\/?s={search_term_string}\"},\"query-input\":{\"@type\":\"PropertyValueSpecification\",\"valueRequired\":true,\"valueName\":\"search_term_string\"}}],\"inLanguage\":\"fi\"}]}<\/script>\n<!-- \/ Yoast SEO plugin. -->","yoast_head_json":{"title":"Esitieto lomake kotia tarjoavalle - Varkauden seudun el\u00e4insuojeluyhdistys","robots":{"index":"index","follow":"follow","max-snippet":"max-snippet:-1","max-image-preview":"max-image-preview:large","max-video-preview":"max-video-preview:-1"},"canonical":"https:\/\/sey.fi\/varkaus\/esitieto-lomake-kotia-tarjoavalle\/","og_locale":"fi_FI","og_type":"article","og_title":"Esitieto lomake kotia tarjoavalle - Varkauden seudun el\u00e4insuojeluyhdistys","og_url":"https:\/\/sey.fi\/varkaus\/esitieto-lomake-kotia-tarjoavalle\/","og_site_name":"Varkauden seudun el\u00e4insuojeluyhdistys","article_modified_time":"2023-03-20T18:54:56+00:00","twitter_card":"summary_large_image","twitter_misc":{"Arvioitu lukuaika":"1 minuutti"},"schema":{"@context":"https:\/\/schema.org","@graph":[{"@type":"WebPage","@id":"https:\/\/sey.fi\/varkaus\/esitieto-lomake-kotia-tarjoavalle\/","url":"https:\/\/sey.fi\/varkaus\/esitieto-lomake-kotia-tarjoavalle\/","name":"Esitieto lomake kotia tarjoavalle - Varkauden seudun el\u00e4insuojeluyhdistys","isPartOf":{"@id":"https:\/\/sey.fi\/varkaus\/#website"},"datePublished":"2021-10-07T16:18:06+00:00","dateModified":"2023-03-20T18:54:56+00:00","breadcrumb":{"@id":"https:\/\/sey.fi\/varkaus\/esitieto-lomake-kotia-tarjoavalle\/#breadcrumb"},"inLanguage":"fi","potentialAction":[{"@type":"ReadAction","target":["https:\/\/sey.fi\/varkaus\/esitieto-lomake-kotia-tarjoavalle\/"]}]},{"@type":"BreadcrumbList","@id":"https:\/\/sey.fi\/varkaus\/esitieto-lomake-kotia-tarjoavalle\/#breadcrumb","itemListElement":[{"@type":"ListItem","position":1,"name":"Home","item":"https:\/\/sey.fi\/varkaus\/"},{"@type":"ListItem","position":2,"name":"Esitieto lomake kotia tarjoavalle"}]},{"@type":"WebSite","@id":"https:\/\/sey.fi\/varkaus\/#website","url":"https:\/\/sey.fi\/varkaus\/","name":"Varkauden seudun el\u00e4insuojeluyhdistys","description":"Uusi SEY J\u00e4senyhdistykset -sivusto","potentialAction":[{"@type":"SearchAction","target":{"@type":"EntryPoint","urlTemplate":"https:\/\/sey.fi\/varkaus\/?s={search_term_string}"},"query-input":{"@type":"PropertyValueSpecification","valueRequired":true,"valueName":"search_term_string"}}],"inLanguage":"fi"}]}},"_links":{"self":[{"href":"https:\/\/sey.fi\/varkaus\/wp-json\/wp\/v2\/pages\/134","targetHints":{"allow":["GET"]}}],"collection":[{"href":"https:\/\/sey.fi\/varkaus\/wp-json\/wp\/v2\/pages"}],"about":[{"href":"https:\/\/sey.fi\/varkaus\/wp-json\/wp\/v2\/types\/page"}],"author":[{"embeddable":true,"href":"https:\/\/sey.fi\/varkaus\/wp-json\/wp\/v2\/users\/32"}],"replies":[{"embeddable":true,"href":"https:\/\/sey.fi\/varkaus\/wp-json\/wp\/v2\/comments?post=134"}],"version-history":[{"count":4,"href":"https:\/\/sey.fi\/varkaus\/wp-json\/wp\/v2\/pages\/134\/revisions"}],"predecessor-version":[{"id":143,"href":"https:\/\/sey.fi\/varkaus\/wp-json\/wp\/v2\/pages\/134\/revisions\/143"}],"wp:attachment":[{"href":"https:\/\/sey.fi\/varkaus\/wp-json\/wp\/v2\/media?parent=134"}],"curies":[{"name":"wp","href":"https:\/\/api.w.org\/{rel}","templated":true}]}}