{"id":19,"date":"2019-11-25T13:13:05","date_gmt":"2019-11-25T11:13:05","guid":{"rendered":"http:\/\/srvr10.xetpoint.com\/~seyfi\/varkaus\/?page_id=19"},"modified":"2026-02-22T21:13:53","modified_gmt":"2026-02-22T19:13:53","slug":"elainsuojelu","status":"publish","type":"page","link":"https:\/\/sey.fi\/varkaus\/varkauden-elainsuojelu\/elainsuojelu\/","title":{"rendered":"El\u00e4insuojelu"},"content":{"rendered":"\n<h2 class=\"wp-block-heading\"><strong>Sey:n vapaaehtoinen el\u00e4insuojeluneuvoja<\/strong><\/h2>\n\n\n\n<p>Henna Simonen \/ 044 518 2506 (ark. klo 8 &#8211; 16) \/ henna.simonen@sey.fi<\/p>\n\n\n\n<hr class=\"wp-block-separator has-alpha-channel-opacity\" \/>\n\n\n\n<p>Alue Varkaus, Pieks\u00e4m\u00e4ki, Lepp\u00e4virta, Hein\u00e4vesi ja Joroinen<\/p>\n\n\n\n<p>&nbsp;<strong><em>HUOMIO: Kiireellisiss\u00e4 h\u00e4t\u00e4tapauksissa ota yhteys poliisiin, p\u00e4ivyst\u00e4v\u00e4\u00e4n el\u00e4inl\u00e4\u00e4k\u00e4riin tai h\u00e4t\u00e4keskukseen.<\/em><\/strong><\/p>\n\n\n\n<p>Ajantasaiset viranomaisten yhteystiedot l\u00f6ytyv\u00e4t Keski-Savon ymp\u00e4rist\u00f6toimen sivuilta kohdasta El\u00e4inl\u00e4\u00e4kint\u00e4huolto. <\/p>\n\n\n\n<figure class=\"wp-block-image\"><img decoding=\"async\" src=\"http:\/\/varkaus.sey.fi\/images\/miru.jpg\" alt=\"\" \/><\/figure>\n\n\n\n<p><\/p>\n","protected":false},"excerpt":{"rendered":"<p>Sey:n vapaaehtoinen el\u00e4insuojeluneuvoja Henna Simonen \/ 044 518 2506 (ark. klo 8 &#8211; 16) \/ henna.simonen@sey.fi Alue Varkaus, Pieks\u00e4m\u00e4ki, Lepp\u00e4virta, Hein\u00e4vesi ja Joroinen &nbsp;HUOMIO: Kiireellisiss\u00e4 h\u00e4t\u00e4tapauksissa ota yhteys poliisiin, p\u00e4ivyst\u00e4v\u00e4\u00e4n el\u00e4inl\u00e4\u00e4k\u00e4riin tai h\u00e4t\u00e4keskukseen. Ajantasaiset viranomaisten yhteystiedot l\u00f6ytyv\u00e4t Keski-Savon ymp\u00e4rist\u00f6toimen sivuilta kohdasta El\u00e4inl\u00e4\u00e4kint\u00e4huolto.<\/p>\n","protected":false},"author":8,"featured_media":0,"parent":2,"menu_order":0,"comment_status":"closed","ping_status":"closed","template":"","meta":{"_acf_changed":false,"footnotes":""},"class_list":["post-19","page","type-page","status-publish","hentry"],"acf":[],"yoast_head":"<!-- This site is optimized with the Yoast SEO plugin v27.1.1 - https:\/\/yoast.com\/product\/yoast-seo-wordpress\/ -->\n<title>El\u00e4insuojelu - Varkauden seudun el\u00e4insuojeluyhdistys<\/title>\n<meta name=\"robots\" content=\"index, follow, max-snippet:-1, max-image-preview:large, max-video-preview:-1\" \/>\n<link rel=\"canonical\" href=\"https:\/\/sey.fi\/varkaus\/varkauden-elainsuojelu\/elainsuojelu\/\" \/>\n<meta property=\"og:locale\" content=\"fi_FI\" \/>\n<meta property=\"og:type\" content=\"article\" \/>\n<meta property=\"og:title\" content=\"El\u00e4insuojelu - Varkauden seudun el\u00e4insuojeluyhdistys\" \/>\n<meta property=\"og:description\" content=\"Sey:n vapaaehtoinen el\u00e4insuojeluneuvoja Henna Simonen \/ 044 518 2506 (ark. klo 8 &#8211; 16) \/ henna.simonen@sey.fi Alue Varkaus, Pieks\u00e4m\u00e4ki, Lepp\u00e4virta, Hein\u00e4vesi ja Joroinen &nbsp;HUOMIO: Kiireellisiss\u00e4 h\u00e4t\u00e4tapauksissa ota yhteys poliisiin, p\u00e4ivyst\u00e4v\u00e4\u00e4n el\u00e4inl\u00e4\u00e4k\u00e4riin tai h\u00e4t\u00e4keskukseen. Ajantasaiset viranomaisten yhteystiedot l\u00f6ytyv\u00e4t Keski-Savon ymp\u00e4rist\u00f6toimen sivuilta kohdasta El\u00e4inl\u00e4\u00e4kint\u00e4huolto.\" \/>\n<meta property=\"og:url\" content=\"https:\/\/sey.fi\/varkaus\/varkauden-elainsuojelu\/elainsuojelu\/\" \/>\n<meta property=\"og:site_name\" content=\"Varkauden seudun el\u00e4insuojeluyhdistys\" \/>\n<meta property=\"article:modified_time\" content=\"2026-02-22T19:13:53+00:00\" \/>\n<meta property=\"og:image\" content=\"http:\/\/varkaus.sey.fi\/images\/miru.jpg\" \/>\n<meta name=\"twitter:card\" content=\"summary_large_image\" \/>\n<meta name=\"twitter:label1\" content=\"Arvioitu lukuaika\" \/>\n\t<meta name=\"twitter:data1\" content=\"1 minuutti\" \/>\n<script type=\"application\/ld+json\" class=\"yoast-schema-graph\">{\"@context\":\"https:\/\/schema.org\",\"@graph\":[{\"@type\":\"WebPage\",\"@id\":\"https:\/\/sey.fi\/varkaus\/varkauden-elainsuojelu\/elainsuojelu\/\",\"url\":\"https:\/\/sey.fi\/varkaus\/varkauden-elainsuojelu\/elainsuojelu\/\",\"name\":\"El\u00e4insuojelu - Varkauden seudun el\u00e4insuojeluyhdistys\",\"isPartOf\":{\"@id\":\"https:\/\/sey.fi\/varkaus\/#website\"},\"primaryImageOfPage\":{\"@id\":\"https:\/\/sey.fi\/varkaus\/varkauden-elainsuojelu\/elainsuojelu\/#primaryimage\"},\"image\":{\"@id\":\"https:\/\/sey.fi\/varkaus\/varkauden-elainsuojelu\/elainsuojelu\/#primaryimage\"},\"thumbnailUrl\":\"http:\/\/varkaus.sey.fi\/images\/miru.jpg\",\"datePublished\":\"2019-11-25T11:13:05+00:00\",\"dateModified\":\"2026-02-22T19:13:53+00:00\",\"breadcrumb\":{\"@id\":\"https:\/\/sey.fi\/varkaus\/varkauden-elainsuojelu\/elainsuojelu\/#breadcrumb\"},\"inLanguage\":\"fi\",\"potentialAction\":[{\"@type\":\"ReadAction\",\"target\":[\"https:\/\/sey.fi\/varkaus\/varkauden-elainsuojelu\/elainsuojelu\/\"]}]},{\"@type\":\"ImageObject\",\"inLanguage\":\"fi\",\"@id\":\"https:\/\/sey.fi\/varkaus\/varkauden-elainsuojelu\/elainsuojelu\/#primaryimage\",\"url\":\"http:\/\/varkaus.sey.fi\/images\/miru.jpg\",\"contentUrl\":\"http:\/\/varkaus.sey.fi\/images\/miru.jpg\"},{\"@type\":\"BreadcrumbList\",\"@id\":\"https:\/\/sey.fi\/varkaus\/varkauden-elainsuojelu\/elainsuojelu\/#breadcrumb\",\"itemListElement\":[{\"@type\":\"ListItem\",\"position\":1,\"name\":\"Home\",\"item\":\"https:\/\/sey.fi\/varkaus\/\"},{\"@type\":\"ListItem\",\"position\":2,\"name\":\"Varkauden seudun el\u00e4insuojeluyhdistys\",\"item\":\"https:\/\/sey.fi\/varkaus\/\"},{\"@type\":\"ListItem\",\"position\":3,\"name\":\"El\u00e4insuojelu\"}]},{\"@type\":\"WebSite\",\"@id\":\"https:\/\/sey.fi\/varkaus\/#website\",\"url\":\"https:\/\/sey.fi\/varkaus\/\",\"name\":\"Varkauden seudun el\u00e4insuojeluyhdistys\",\"description\":\"Uusi SEY J\u00e4senyhdistykset -sivusto\",\"potentialAction\":[{\"@type\":\"SearchAction\",\"target\":{\"@type\":\"EntryPoint\",\"urlTemplate\":\"https:\/\/sey.fi\/varkaus\/?s={search_term_string}\"},\"query-input\":{\"@type\":\"PropertyValueSpecification\",\"valueRequired\":true,\"valueName\":\"search_term_string\"}}],\"inLanguage\":\"fi\"}]}<\/script>\n<!-- \/ Yoast SEO plugin. -->","yoast_head_json":{"title":"El\u00e4insuojelu - Varkauden seudun el\u00e4insuojeluyhdistys","robots":{"index":"index","follow":"follow","max-snippet":"max-snippet:-1","max-image-preview":"max-image-preview:large","max-video-preview":"max-video-preview:-1"},"canonical":"https:\/\/sey.fi\/varkaus\/varkauden-elainsuojelu\/elainsuojelu\/","og_locale":"fi_FI","og_type":"article","og_title":"El\u00e4insuojelu - Varkauden seudun el\u00e4insuojeluyhdistys","og_description":"Sey:n vapaaehtoinen el\u00e4insuojeluneuvoja Henna Simonen \/ 044 518 2506 (ark. klo 8 &#8211; 16) \/ henna.simonen@sey.fi Alue Varkaus, Pieks\u00e4m\u00e4ki, Lepp\u00e4virta, Hein\u00e4vesi ja Joroinen &nbsp;HUOMIO: Kiireellisiss\u00e4 h\u00e4t\u00e4tapauksissa ota yhteys poliisiin, p\u00e4ivyst\u00e4v\u00e4\u00e4n el\u00e4inl\u00e4\u00e4k\u00e4riin tai h\u00e4t\u00e4keskukseen. Ajantasaiset viranomaisten yhteystiedot l\u00f6ytyv\u00e4t Keski-Savon ymp\u00e4rist\u00f6toimen sivuilta kohdasta El\u00e4inl\u00e4\u00e4kint\u00e4huolto.","og_url":"https:\/\/sey.fi\/varkaus\/varkauden-elainsuojelu\/elainsuojelu\/","og_site_name":"Varkauden seudun el\u00e4insuojeluyhdistys","article_modified_time":"2026-02-22T19:13:53+00:00","og_image":[{"url":"http:\/\/varkaus.sey.fi\/images\/miru.jpg","type":"","width":"","height":""}],"twitter_card":"summary_large_image","twitter_misc":{"Arvioitu lukuaika":"1 minuutti"},"schema":{"@context":"https:\/\/schema.org","@graph":[{"@type":"WebPage","@id":"https:\/\/sey.fi\/varkaus\/varkauden-elainsuojelu\/elainsuojelu\/","url":"https:\/\/sey.fi\/varkaus\/varkauden-elainsuojelu\/elainsuojelu\/","name":"El\u00e4insuojelu - Varkauden seudun el\u00e4insuojeluyhdistys","isPartOf":{"@id":"https:\/\/sey.fi\/varkaus\/#website"},"primaryImageOfPage":{"@id":"https:\/\/sey.fi\/varkaus\/varkauden-elainsuojelu\/elainsuojelu\/#primaryimage"},"image":{"@id":"https:\/\/sey.fi\/varkaus\/varkauden-elainsuojelu\/elainsuojelu\/#primaryimage"},"thumbnailUrl":"http:\/\/varkaus.sey.fi\/images\/miru.jpg","datePublished":"2019-11-25T11:13:05+00:00","dateModified":"2026-02-22T19:13:53+00:00","breadcrumb":{"@id":"https:\/\/sey.fi\/varkaus\/varkauden-elainsuojelu\/elainsuojelu\/#breadcrumb"},"inLanguage":"fi","potentialAction":[{"@type":"ReadAction","target":["https:\/\/sey.fi\/varkaus\/varkauden-elainsuojelu\/elainsuojelu\/"]}]},{"@type":"ImageObject","inLanguage":"fi","@id":"https:\/\/sey.fi\/varkaus\/varkauden-elainsuojelu\/elainsuojelu\/#primaryimage","url":"http:\/\/varkaus.sey.fi\/images\/miru.jpg","contentUrl":"http:\/\/varkaus.sey.fi\/images\/miru.jpg"},{"@type":"BreadcrumbList","@id":"https:\/\/sey.fi\/varkaus\/varkauden-elainsuojelu\/elainsuojelu\/#breadcrumb","itemListElement":[{"@type":"ListItem","position":1,"name":"Home","item":"https:\/\/sey.fi\/varkaus\/"},{"@type":"ListItem","position":2,"name":"Varkauden seudun el\u00e4insuojeluyhdistys","item":"https:\/\/sey.fi\/varkaus\/"},{"@type":"ListItem","position":3,"name":"El\u00e4insuojelu"}]},{"@type":"WebSite","@id":"https:\/\/sey.fi\/varkaus\/#website","url":"https:\/\/sey.fi\/varkaus\/","name":"Varkauden seudun el\u00e4insuojeluyhdistys","description":"Uusi SEY J\u00e4senyhdistykset -sivusto","potentialAction":[{"@type":"SearchAction","target":{"@type":"EntryPoint","urlTemplate":"https:\/\/sey.fi\/varkaus\/?s={search_term_string}"},"query-input":{"@type":"PropertyValueSpecification","valueRequired":true,"valueName":"search_term_string"}}],"inLanguage":"fi"}]}},"_links":{"self":[{"href":"https:\/\/sey.fi\/varkaus\/wp-json\/wp\/v2\/pages\/19","targetHints":{"allow":["GET"]}}],"collection":[{"href":"https:\/\/sey.fi\/varkaus\/wp-json\/wp\/v2\/pages"}],"about":[{"href":"https:\/\/sey.fi\/varkaus\/wp-json\/wp\/v2\/types\/page"}],"author":[{"embeddable":true,"href":"https:\/\/sey.fi\/varkaus\/wp-json\/wp\/v2\/users\/8"}],"replies":[{"embeddable":true,"href":"https:\/\/sey.fi\/varkaus\/wp-json\/wp\/v2\/comments?post=19"}],"version-history":[{"count":14,"href":"https:\/\/sey.fi\/varkaus\/wp-json\/wp\/v2\/pages\/19\/revisions"}],"predecessor-version":[{"id":845,"href":"https:\/\/sey.fi\/varkaus\/wp-json\/wp\/v2\/pages\/19\/revisions\/845"}],"up":[{"embeddable":true,"href":"https:\/\/sey.fi\/varkaus\/wp-json\/wp\/v2\/pages\/2"}],"wp:attachment":[{"href":"https:\/\/sey.fi\/varkaus\/wp-json\/wp\/v2\/media?parent=19"}],"curies":[{"name":"wp","href":"https:\/\/api.w.org\/{rel}","templated":true}]}}