{"id":21,"date":"2019-11-25T13:14:58","date_gmt":"2019-11-25T11:14:58","guid":{"rendered":"http:\/\/srvr10.xetpoint.com\/~seyfi\/varkaus\/?page_id=21"},"modified":"2025-08-31T17:49:45","modified_gmt":"2025-08-31T14:49:45","slug":"kodittomat-elaimet","status":"publish","type":"page","link":"https:\/\/sey.fi\/varkaus\/varkauden-elainsuojelu\/kodittomat-elaimet\/","title":{"rendered":"Kodittomat el\u00e4imet"},"content":{"rendered":"\n<p>Varkauden seudun el\u00e4insuojeluyhdistyksell\u00e4 on el\u00e4insuojeluneuvojien ja viranomaisten kautta tulevia el\u00e4imi\u00e4. Yhdistys hoitaa el\u00e4imi\u00e4 sijaiskodeissa ja etsii niille uudet kodit.<br><\/p>\n\n\n\n<p>Luovutamme kaikki el\u00e4imet vain valvottuun ja turvalliseen ulkoiluun.&nbsp;<\/p>\n\n\n\n<p>RUVI asiakastunnus 24896216<\/p>\n\n\n\n<p><strong>&nbsp;Kaikki el\u00e4imet ovat:<\/strong><\/p>\n\n\n\n<ul class=\"wp-block-list\">\n<li>kastroituja \/ steriloituja<\/li>\n\n\n\n<li>turvasirutettuja<\/li>\n\n\n\n<li>rokotettuja<\/li>\n\n\n\n<li>madotettuja<\/li>\n<\/ul>\n\n\n\n<p>&nbsp;<strong>Uudelta kodilta perit\u00e4\u00e4n kulukorvaus:<\/strong><\/p>\n\n\n\n<p><em>(Kulukorvaus koostuu kuluista mit\u00e4 el\u00e4imen hoitoihin on mennyt.)<\/em><\/p>\n\n\n\n<p><strong>Kissat<\/strong><\/p>\n\n\n\n<ul class=\"wp-block-list\">\n<li>Aikuiset 200\u20ac<\/li>\n\n\n\n<li>Pennut 250\u20ac + pantti 50\u20ac, jonka saa takaisin, kun pentu on k\u00e4yty leikkauttamassa esyn osoittamassa paikassa.<\/li>\n<\/ul>\n\n\n\n<p><strong>Koirat<\/strong><\/p>\n\n\n\n<ul class=\"wp-block-list\">\n<li>400-500\u20ac<\/li>\n<\/ul>\n\n\n\n<p><strong>Muut el\u00e4imet<\/strong><\/p>\n\n\n\n<ul class=\"wp-block-list\">\n<li>Hinnoitellaan yksil\u00f6llisesti<\/li>\n<\/ul>\n\n\n\n<figure class=\"wp-block-image\"><img decoding=\"async\" src=\"http:\/\/varkaus.sey.fi\/images\/Kodinsaaneet\/esy_1.jpg\" alt=\"\" \/><\/figure>\n\n\n\n<ul class=\"wp-block-list\">\n<li><\/li>\n<\/ul>\n\n\n\n<p><\/p>\n","protected":false},"excerpt":{"rendered":"<p>Varkauden seudun el\u00e4insuojeluyhdistyksell\u00e4 on el\u00e4insuojeluneuvojien ja viranomaisten kautta tulevia el\u00e4imi\u00e4. Yhdistys hoitaa el\u00e4imi\u00e4 sijaiskodeissa ja etsii niille uudet kodit. Luovutamme kaikki el\u00e4imet vain valvottuun ja turvalliseen ulkoiluun.&nbsp; RUVI asiakastunnus 24896216 &nbsp;Kaikki el\u00e4imet ovat: &nbsp;Uudelta kodilta perit\u00e4\u00e4n kulukorvaus: (Kulukorvaus koostuu kuluista mit\u00e4 el\u00e4imen hoitoihin on mennyt.) Kissat Koirat Muut el\u00e4imet<\/p>\n","protected":false},"author":8,"featured_media":0,"parent":2,"menu_order":0,"comment_status":"closed","ping_status":"closed","template":"","meta":{"_acf_changed":false,"footnotes":""},"class_list":["post-21","page","type-page","status-publish","hentry"],"acf":[],"yoast_head":"<!-- This site is optimized with the Yoast SEO plugin v27.1.1 - https:\/\/yoast.com\/product\/yoast-seo-wordpress\/ -->\n<title>Kodittomat el\u00e4imet - Varkauden seudun el\u00e4insuojeluyhdistys<\/title>\n<meta name=\"robots\" content=\"index, follow, max-snippet:-1, max-image-preview:large, max-video-preview:-1\" \/>\n<link rel=\"canonical\" href=\"https:\/\/sey.fi\/varkaus\/varkauden-elainsuojelu\/kodittomat-elaimet\/\" \/>\n<meta property=\"og:locale\" content=\"fi_FI\" \/>\n<meta property=\"og:type\" content=\"article\" \/>\n<meta property=\"og:title\" content=\"Kodittomat el\u00e4imet - Varkauden seudun el\u00e4insuojeluyhdistys\" \/>\n<meta property=\"og:description\" content=\"Varkauden seudun el\u00e4insuojeluyhdistyksell\u00e4 on el\u00e4insuojeluneuvojien ja viranomaisten kautta tulevia el\u00e4imi\u00e4. Yhdistys hoitaa el\u00e4imi\u00e4 sijaiskodeissa ja etsii niille uudet kodit. Luovutamme kaikki el\u00e4imet vain valvottuun ja turvalliseen ulkoiluun.&nbsp; RUVI asiakastunnus 24896216 &nbsp;Kaikki el\u00e4imet ovat: &nbsp;Uudelta kodilta perit\u00e4\u00e4n kulukorvaus: (Kulukorvaus koostuu kuluista mit\u00e4 el\u00e4imen hoitoihin on mennyt.) Kissat Koirat Muut el\u00e4imet\" \/>\n<meta property=\"og:url\" content=\"https:\/\/sey.fi\/varkaus\/varkauden-elainsuojelu\/kodittomat-elaimet\/\" \/>\n<meta property=\"og:site_name\" content=\"Varkauden seudun el\u00e4insuojeluyhdistys\" \/>\n<meta property=\"article:modified_time\" content=\"2025-08-31T14:49:45+00:00\" \/>\n<meta property=\"og:image\" content=\"http:\/\/varkaus.sey.fi\/images\/Kodinsaaneet\/esy_1.jpg\" \/>\n<meta name=\"twitter:card\" content=\"summary_large_image\" \/>\n<meta name=\"twitter:label1\" content=\"Arvioitu lukuaika\" \/>\n\t<meta name=\"twitter:data1\" content=\"1 minuutti\" \/>\n<script type=\"application\/ld+json\" class=\"yoast-schema-graph\">{\"@context\":\"https:\/\/schema.org\",\"@graph\":[{\"@type\":\"WebPage\",\"@id\":\"https:\/\/sey.fi\/varkaus\/varkauden-elainsuojelu\/kodittomat-elaimet\/\",\"url\":\"https:\/\/sey.fi\/varkaus\/varkauden-elainsuojelu\/kodittomat-elaimet\/\",\"name\":\"Kodittomat el\u00e4imet - Varkauden seudun el\u00e4insuojeluyhdistys\",\"isPartOf\":{\"@id\":\"https:\/\/sey.fi\/varkaus\/#website\"},\"primaryImageOfPage\":{\"@id\":\"https:\/\/sey.fi\/varkaus\/varkauden-elainsuojelu\/kodittomat-elaimet\/#primaryimage\"},\"image\":{\"@id\":\"https:\/\/sey.fi\/varkaus\/varkauden-elainsuojelu\/kodittomat-elaimet\/#primaryimage\"},\"thumbnailUrl\":\"http:\/\/varkaus.sey.fi\/images\/Kodinsaaneet\/esy_1.jpg\",\"datePublished\":\"2019-11-25T11:14:58+00:00\",\"dateModified\":\"2025-08-31T14:49:45+00:00\",\"breadcrumb\":{\"@id\":\"https:\/\/sey.fi\/varkaus\/varkauden-elainsuojelu\/kodittomat-elaimet\/#breadcrumb\"},\"inLanguage\":\"fi\",\"potentialAction\":[{\"@type\":\"ReadAction\",\"target\":[\"https:\/\/sey.fi\/varkaus\/varkauden-elainsuojelu\/kodittomat-elaimet\/\"]}]},{\"@type\":\"ImageObject\",\"inLanguage\":\"fi\",\"@id\":\"https:\/\/sey.fi\/varkaus\/varkauden-elainsuojelu\/kodittomat-elaimet\/#primaryimage\",\"url\":\"http:\/\/varkaus.sey.fi\/images\/Kodinsaaneet\/esy_1.jpg\",\"contentUrl\":\"http:\/\/varkaus.sey.fi\/images\/Kodinsaaneet\/esy_1.jpg\"},{\"@type\":\"BreadcrumbList\",\"@id\":\"https:\/\/sey.fi\/varkaus\/varkauden-elainsuojelu\/kodittomat-elaimet\/#breadcrumb\",\"itemListElement\":[{\"@type\":\"ListItem\",\"position\":1,\"name\":\"Home\",\"item\":\"https:\/\/sey.fi\/varkaus\/\"},{\"@type\":\"ListItem\",\"position\":2,\"name\":\"Varkauden seudun el\u00e4insuojeluyhdistys\",\"item\":\"https:\/\/sey.fi\/varkaus\/\"},{\"@type\":\"ListItem\",\"position\":3,\"name\":\"Kodittomat el\u00e4imet\"}]},{\"@type\":\"WebSite\",\"@id\":\"https:\/\/sey.fi\/varkaus\/#website\",\"url\":\"https:\/\/sey.fi\/varkaus\/\",\"name\":\"Varkauden seudun el\u00e4insuojeluyhdistys\",\"description\":\"Uusi SEY J\u00e4senyhdistykset -sivusto\",\"potentialAction\":[{\"@type\":\"SearchAction\",\"target\":{\"@type\":\"EntryPoint\",\"urlTemplate\":\"https:\/\/sey.fi\/varkaus\/?s={search_term_string}\"},\"query-input\":{\"@type\":\"PropertyValueSpecification\",\"valueRequired\":true,\"valueName\":\"search_term_string\"}}],\"inLanguage\":\"fi\"}]}<\/script>\n<!-- \/ Yoast SEO plugin. -->","yoast_head_json":{"title":"Kodittomat el\u00e4imet - Varkauden seudun el\u00e4insuojeluyhdistys","robots":{"index":"index","follow":"follow","max-snippet":"max-snippet:-1","max-image-preview":"max-image-preview:large","max-video-preview":"max-video-preview:-1"},"canonical":"https:\/\/sey.fi\/varkaus\/varkauden-elainsuojelu\/kodittomat-elaimet\/","og_locale":"fi_FI","og_type":"article","og_title":"Kodittomat el\u00e4imet - Varkauden seudun el\u00e4insuojeluyhdistys","og_description":"Varkauden seudun el\u00e4insuojeluyhdistyksell\u00e4 on el\u00e4insuojeluneuvojien ja viranomaisten kautta tulevia el\u00e4imi\u00e4. Yhdistys hoitaa el\u00e4imi\u00e4 sijaiskodeissa ja etsii niille uudet kodit. Luovutamme kaikki el\u00e4imet vain valvottuun ja turvalliseen ulkoiluun.&nbsp; RUVI asiakastunnus 24896216 &nbsp;Kaikki el\u00e4imet ovat: &nbsp;Uudelta kodilta perit\u00e4\u00e4n kulukorvaus: (Kulukorvaus koostuu kuluista mit\u00e4 el\u00e4imen hoitoihin on mennyt.) Kissat Koirat Muut el\u00e4imet","og_url":"https:\/\/sey.fi\/varkaus\/varkauden-elainsuojelu\/kodittomat-elaimet\/","og_site_name":"Varkauden seudun el\u00e4insuojeluyhdistys","article_modified_time":"2025-08-31T14:49:45+00:00","og_image":[{"url":"http:\/\/varkaus.sey.fi\/images\/Kodinsaaneet\/esy_1.jpg","type":"","width":"","height":""}],"twitter_card":"summary_large_image","twitter_misc":{"Arvioitu lukuaika":"1 minuutti"},"schema":{"@context":"https:\/\/schema.org","@graph":[{"@type":"WebPage","@id":"https:\/\/sey.fi\/varkaus\/varkauden-elainsuojelu\/kodittomat-elaimet\/","url":"https:\/\/sey.fi\/varkaus\/varkauden-elainsuojelu\/kodittomat-elaimet\/","name":"Kodittomat el\u00e4imet - Varkauden seudun el\u00e4insuojeluyhdistys","isPartOf":{"@id":"https:\/\/sey.fi\/varkaus\/#website"},"primaryImageOfPage":{"@id":"https:\/\/sey.fi\/varkaus\/varkauden-elainsuojelu\/kodittomat-elaimet\/#primaryimage"},"image":{"@id":"https:\/\/sey.fi\/varkaus\/varkauden-elainsuojelu\/kodittomat-elaimet\/#primaryimage"},"thumbnailUrl":"http:\/\/varkaus.sey.fi\/images\/Kodinsaaneet\/esy_1.jpg","datePublished":"2019-11-25T11:14:58+00:00","dateModified":"2025-08-31T14:49:45+00:00","breadcrumb":{"@id":"https:\/\/sey.fi\/varkaus\/varkauden-elainsuojelu\/kodittomat-elaimet\/#breadcrumb"},"inLanguage":"fi","potentialAction":[{"@type":"ReadAction","target":["https:\/\/sey.fi\/varkaus\/varkauden-elainsuojelu\/kodittomat-elaimet\/"]}]},{"@type":"ImageObject","inLanguage":"fi","@id":"https:\/\/sey.fi\/varkaus\/varkauden-elainsuojelu\/kodittomat-elaimet\/#primaryimage","url":"http:\/\/varkaus.sey.fi\/images\/Kodinsaaneet\/esy_1.jpg","contentUrl":"http:\/\/varkaus.sey.fi\/images\/Kodinsaaneet\/esy_1.jpg"},{"@type":"BreadcrumbList","@id":"https:\/\/sey.fi\/varkaus\/varkauden-elainsuojelu\/kodittomat-elaimet\/#breadcrumb","itemListElement":[{"@type":"ListItem","position":1,"name":"Home","item":"https:\/\/sey.fi\/varkaus\/"},{"@type":"ListItem","position":2,"name":"Varkauden seudun el\u00e4insuojeluyhdistys","item":"https:\/\/sey.fi\/varkaus\/"},{"@type":"ListItem","position":3,"name":"Kodittomat el\u00e4imet"}]},{"@type":"WebSite","@id":"https:\/\/sey.fi\/varkaus\/#website","url":"https:\/\/sey.fi\/varkaus\/","name":"Varkauden seudun el\u00e4insuojeluyhdistys","description":"Uusi SEY J\u00e4senyhdistykset -sivusto","potentialAction":[{"@type":"SearchAction","target":{"@type":"EntryPoint","urlTemplate":"https:\/\/sey.fi\/varkaus\/?s={search_term_string}"},"query-input":{"@type":"PropertyValueSpecification","valueRequired":true,"valueName":"search_term_string"}}],"inLanguage":"fi"}]}},"_links":{"self":[{"href":"https:\/\/sey.fi\/varkaus\/wp-json\/wp\/v2\/pages\/21","targetHints":{"allow":["GET"]}}],"collection":[{"href":"https:\/\/sey.fi\/varkaus\/wp-json\/wp\/v2\/pages"}],"about":[{"href":"https:\/\/sey.fi\/varkaus\/wp-json\/wp\/v2\/types\/page"}],"author":[{"embeddable":true,"href":"https:\/\/sey.fi\/varkaus\/wp-json\/wp\/v2\/users\/8"}],"replies":[{"embeddable":true,"href":"https:\/\/sey.fi\/varkaus\/wp-json\/wp\/v2\/comments?post=21"}],"version-history":[{"count":34,"href":"https:\/\/sey.fi\/varkaus\/wp-json\/wp\/v2\/pages\/21\/revisions"}],"predecessor-version":[{"id":765,"href":"https:\/\/sey.fi\/varkaus\/wp-json\/wp\/v2\/pages\/21\/revisions\/765"}],"up":[{"embeddable":true,"href":"https:\/\/sey.fi\/varkaus\/wp-json\/wp\/v2\/pages\/2"}],"wp:attachment":[{"href":"https:\/\/sey.fi\/varkaus\/wp-json\/wp\/v2\/media?parent=21"}],"curies":[{"name":"wp","href":"https:\/\/api.w.org\/{rel}","templated":true}]}}