{"id":23,"date":"2019-11-25T13:15:41","date_gmt":"2019-11-25T11:15:41","guid":{"rendered":"http:\/\/srvr10.xetpoint.com\/~seyfi\/varkaus\/?page_id=23"},"modified":"2024-12-07T19:17:13","modified_gmt":"2024-12-07T17:17:13","slug":"kodin-saaneita-elaimia","status":"publish","type":"page","link":"https:\/\/sey.fi\/varkaus\/kodin-saaneita-elaimia\/","title":{"rendered":"Kodin saaneita el\u00e4imi\u00e4"},"content":{"rendered":"<div class=\"wp-block-image\">\n<figure class=\"alignleft size-large is-resized\"><a href=\"https:\/\/sey.fi\/varkaus\/kodin-saaneita-elaimia\/kodin-saaneet-kissat\/\"><img loading=\"lazy\" decoding=\"async\" width=\"1024\" height=\"678\" src=\"https:\/\/sey.fi\/wp-content\/uploads\/sites\/35\/2024\/12\/cat-3059075_1280-1024x678.jpg\" alt=\"\" class=\"wp-image-524\" style=\"object-fit:cover;width:300px;height:400px\" srcset=\"https:\/\/sey.fi\/wp-content\/uploads\/sites\/35\/2024\/12\/cat-3059075_1280-1024x678.jpg 1024w, https:\/\/sey.fi\/wp-content\/uploads\/sites\/35\/2024\/12\/cat-3059075_1280-300x199.jpg 300w, https:\/\/sey.fi\/wp-content\/uploads\/sites\/35\/2024\/12\/cat-3059075_1280-768x509.jpg 768w, https:\/\/sey.fi\/wp-content\/uploads\/sites\/35\/2024\/12\/cat-3059075_1280.jpg 1280w\" sizes=\"auto, (max-width: 1024px) 100vw, 1024px\" \/><\/a><figcaption class=\"wp-element-caption\">Kodin saaneet kissat<\/figcaption><\/figure><\/div>\n\n<div class=\"wp-block-image\">\n<figure class=\"alignright size-large is-resized\"><a href=\"https:\/\/sey.fi\/varkaus\/kodin-saaneita-elaimia\/kodin-saaneet-koirat\/\"><img loading=\"lazy\" decoding=\"async\" width=\"1024\" height=\"682\" src=\"https:\/\/sey.fi\/wp-content\/uploads\/sites\/35\/2024\/12\/australian-shepherd-6556697_1280-1024x682.jpg\" alt=\"\" class=\"wp-image-523\" style=\"object-fit:cover;width:300px;height:400px\" srcset=\"https:\/\/sey.fi\/wp-content\/uploads\/sites\/35\/2024\/12\/australian-shepherd-6556697_1280-1024x682.jpg 1024w, https:\/\/sey.fi\/wp-content\/uploads\/sites\/35\/2024\/12\/australian-shepherd-6556697_1280-300x200.jpg 300w, https:\/\/sey.fi\/wp-content\/uploads\/sites\/35\/2024\/12\/australian-shepherd-6556697_1280-768x512.jpg 768w, https:\/\/sey.fi\/wp-content\/uploads\/sites\/35\/2024\/12\/australian-shepherd-6556697_1280.jpg 1280w\" sizes=\"auto, (max-width: 1024px) 100vw, 1024px\" \/><\/a><figcaption class=\"wp-element-caption\">Kodin saaneet koirat<\/figcaption><\/figure><\/div>\n\n<div class=\"wp-block-image\">\n<figure class=\"alignleft size-large is-resized\"><a href=\"https:\/\/sey.fi\/varkaus\/kodin-saaneita-elaimia\/kodin-saaneet-kanit\/\"><img loading=\"lazy\" decoding=\"async\" width=\"1024\" height=\"682\" src=\"https:\/\/sey.fi\/wp-content\/uploads\/sites\/35\/2024\/12\/rabbit-7218322_1280-1024x682.jpg\" alt=\"\" class=\"wp-image-522\" style=\"object-fit:cover;width:300px;height:400px\" srcset=\"https:\/\/sey.fi\/wp-content\/uploads\/sites\/35\/2024\/12\/rabbit-7218322_1280-1024x682.jpg 1024w, https:\/\/sey.fi\/wp-content\/uploads\/sites\/35\/2024\/12\/rabbit-7218322_1280-300x200.jpg 300w, https:\/\/sey.fi\/wp-content\/uploads\/sites\/35\/2024\/12\/rabbit-7218322_1280-768x512.jpg 768w, https:\/\/sey.fi\/wp-content\/uploads\/sites\/35\/2024\/12\/rabbit-7218322_1280.jpg 1280w\" sizes=\"auto, (max-width: 1024px) 100vw, 1024px\" \/><\/a><figcaption class=\"wp-element-caption\">Kodin saaneet kanit<\/figcaption><\/figure><\/div>\n\n<div class=\"wp-block-image\">\n<figure class=\"alignright size-large is-resized\"><a href=\"https:\/\/sey.fi\/varkaus\/kodin-saaneita-elaimia\/muut-kodin-saaneet-elaimet\/\"><img loading=\"lazy\" decoding=\"async\" width=\"1024\" height=\"576\" src=\"https:\/\/sey.fi\/wp-content\/uploads\/sites\/35\/2024\/12\/bearded-dragon-4901547_1280-1024x576.jpg\" alt=\"\" class=\"wp-image-525\" style=\"object-fit:cover;width:300px;height:400px\" srcset=\"https:\/\/sey.fi\/wp-content\/uploads\/sites\/35\/2024\/12\/bearded-dragon-4901547_1280-1024x576.jpg 1024w, https:\/\/sey.fi\/wp-content\/uploads\/sites\/35\/2024\/12\/bearded-dragon-4901547_1280-300x169.jpg 300w, https:\/\/sey.fi\/wp-content\/uploads\/sites\/35\/2024\/12\/bearded-dragon-4901547_1280-768x432.jpg 768w, https:\/\/sey.fi\/wp-content\/uploads\/sites\/35\/2024\/12\/bearded-dragon-4901547_1280.jpg 1280w\" sizes=\"auto, (max-width: 1024px) 100vw, 1024px\" \/><\/a><figcaption class=\"wp-element-caption\">Muut kodin saaneet<\/figcaption><\/figure><\/div>","protected":false},"excerpt":{"rendered":"","protected":false},"author":8,"featured_media":0,"parent":0,"menu_order":0,"comment_status":"closed","ping_status":"closed","template":"","meta":{"_acf_changed":false,"footnotes":""},"class_list":["post-23","page","type-page","status-publish","hentry"],"acf":[],"yoast_head":"<!-- This site is optimized with the Yoast SEO plugin v27.1.1 - https:\/\/yoast.com\/product\/yoast-seo-wordpress\/ -->\n<title>Kodin saaneita el\u00e4imi\u00e4 - Varkauden seudun el\u00e4insuojeluyhdistys<\/title>\n<meta name=\"robots\" content=\"index, follow, max-snippet:-1, max-image-preview:large, max-video-preview:-1\" \/>\n<link rel=\"canonical\" href=\"https:\/\/sey.fi\/varkaus\/kodin-saaneita-elaimia\/\" \/>\n<meta property=\"og:locale\" content=\"fi_FI\" \/>\n<meta property=\"og:type\" content=\"article\" \/>\n<meta property=\"og:title\" content=\"Kodin saaneita el\u00e4imi\u00e4 - Varkauden seudun el\u00e4insuojeluyhdistys\" \/>\n<meta property=\"og:url\" content=\"https:\/\/sey.fi\/varkaus\/kodin-saaneita-elaimia\/\" \/>\n<meta property=\"og:site_name\" content=\"Varkauden seudun el\u00e4insuojeluyhdistys\" \/>\n<meta property=\"article:modified_time\" content=\"2024-12-07T17:17:13+00:00\" \/>\n<meta property=\"og:image\" content=\"https:\/\/sey.fi\/wp-content\/uploads\/sites\/35\/2024\/12\/cat-3059075_1280.jpg\" \/>\n\t<meta property=\"og:image:width\" content=\"1280\" \/>\n\t<meta property=\"og:image:height\" content=\"848\" \/>\n\t<meta property=\"og:image:type\" content=\"image\/jpeg\" \/>\n<meta name=\"twitter:card\" content=\"summary_large_image\" \/>\n<meta name=\"twitter:label1\" content=\"Arvioitu lukuaika\" \/>\n\t<meta name=\"twitter:data1\" content=\"1 minuutti\" \/>\n<script type=\"application\/ld+json\" class=\"yoast-schema-graph\">{\"@context\":\"https:\/\/schema.org\",\"@graph\":[{\"@type\":\"WebPage\",\"@id\":\"https:\/\/sey.fi\/varkaus\/kodin-saaneita-elaimia\/\",\"url\":\"https:\/\/sey.fi\/varkaus\/kodin-saaneita-elaimia\/\",\"name\":\"Kodin saaneita el\u00e4imi\u00e4 - Varkauden seudun el\u00e4insuojeluyhdistys\",\"isPartOf\":{\"@id\":\"https:\/\/sey.fi\/varkaus\/#website\"},\"primaryImageOfPage\":{\"@id\":\"https:\/\/sey.fi\/varkaus\/kodin-saaneita-elaimia\/#primaryimage\"},\"image\":{\"@id\":\"https:\/\/sey.fi\/varkaus\/kodin-saaneita-elaimia\/#primaryimage\"},\"thumbnailUrl\":\"https:\/\/sey.fi\/wp-content\/uploads\/sites\/35\/2024\/12\/cat-3059075_1280-1024x678.jpg\",\"datePublished\":\"2019-11-25T11:15:41+00:00\",\"dateModified\":\"2024-12-07T17:17:13+00:00\",\"breadcrumb\":{\"@id\":\"https:\/\/sey.fi\/varkaus\/kodin-saaneita-elaimia\/#breadcrumb\"},\"inLanguage\":\"fi\",\"potentialAction\":[{\"@type\":\"ReadAction\",\"target\":[\"https:\/\/sey.fi\/varkaus\/kodin-saaneita-elaimia\/\"]}]},{\"@type\":\"ImageObject\",\"inLanguage\":\"fi\",\"@id\":\"https:\/\/sey.fi\/varkaus\/kodin-saaneita-elaimia\/#primaryimage\",\"url\":\"https:\/\/sey.fi\/wp-content\/uploads\/sites\/35\/2024\/12\/cat-3059075_1280-1024x678.jpg\",\"contentUrl\":\"https:\/\/sey.fi\/wp-content\/uploads\/sites\/35\/2024\/12\/cat-3059075_1280-1024x678.jpg\"},{\"@type\":\"BreadcrumbList\",\"@id\":\"https:\/\/sey.fi\/varkaus\/kodin-saaneita-elaimia\/#breadcrumb\",\"itemListElement\":[{\"@type\":\"ListItem\",\"position\":1,\"name\":\"Home\",\"item\":\"https:\/\/sey.fi\/varkaus\/\"},{\"@type\":\"ListItem\",\"position\":2,\"name\":\"Kodin saaneita el\u00e4imi\u00e4\"}]},{\"@type\":\"WebSite\",\"@id\":\"https:\/\/sey.fi\/varkaus\/#website\",\"url\":\"https:\/\/sey.fi\/varkaus\/\",\"name\":\"Varkauden seudun el\u00e4insuojeluyhdistys\",\"description\":\"Uusi SEY J\u00e4senyhdistykset -sivusto\",\"potentialAction\":[{\"@type\":\"SearchAction\",\"target\":{\"@type\":\"EntryPoint\",\"urlTemplate\":\"https:\/\/sey.fi\/varkaus\/?s={search_term_string}\"},\"query-input\":{\"@type\":\"PropertyValueSpecification\",\"valueRequired\":true,\"valueName\":\"search_term_string\"}}],\"inLanguage\":\"fi\"}]}<\/script>\n<!-- \/ Yoast SEO plugin. -->","yoast_head_json":{"title":"Kodin saaneita el\u00e4imi\u00e4 - Varkauden seudun el\u00e4insuojeluyhdistys","robots":{"index":"index","follow":"follow","max-snippet":"max-snippet:-1","max-image-preview":"max-image-preview:large","max-video-preview":"max-video-preview:-1"},"canonical":"https:\/\/sey.fi\/varkaus\/kodin-saaneita-elaimia\/","og_locale":"fi_FI","og_type":"article","og_title":"Kodin saaneita el\u00e4imi\u00e4 - Varkauden seudun el\u00e4insuojeluyhdistys","og_url":"https:\/\/sey.fi\/varkaus\/kodin-saaneita-elaimia\/","og_site_name":"Varkauden seudun el\u00e4insuojeluyhdistys","article_modified_time":"2024-12-07T17:17:13+00:00","og_image":[{"width":1280,"height":848,"url":"https:\/\/sey.fi\/wp-content\/uploads\/sites\/35\/2024\/12\/cat-3059075_1280.jpg","type":"image\/jpeg"}],"twitter_card":"summary_large_image","twitter_misc":{"Arvioitu lukuaika":"1 minuutti"},"schema":{"@context":"https:\/\/schema.org","@graph":[{"@type":"WebPage","@id":"https:\/\/sey.fi\/varkaus\/kodin-saaneita-elaimia\/","url":"https:\/\/sey.fi\/varkaus\/kodin-saaneita-elaimia\/","name":"Kodin saaneita el\u00e4imi\u00e4 - Varkauden seudun el\u00e4insuojeluyhdistys","isPartOf":{"@id":"https:\/\/sey.fi\/varkaus\/#website"},"primaryImageOfPage":{"@id":"https:\/\/sey.fi\/varkaus\/kodin-saaneita-elaimia\/#primaryimage"},"image":{"@id":"https:\/\/sey.fi\/varkaus\/kodin-saaneita-elaimia\/#primaryimage"},"thumbnailUrl":"https:\/\/sey.fi\/wp-content\/uploads\/sites\/35\/2024\/12\/cat-3059075_1280-1024x678.jpg","datePublished":"2019-11-25T11:15:41+00:00","dateModified":"2024-12-07T17:17:13+00:00","breadcrumb":{"@id":"https:\/\/sey.fi\/varkaus\/kodin-saaneita-elaimia\/#breadcrumb"},"inLanguage":"fi","potentialAction":[{"@type":"ReadAction","target":["https:\/\/sey.fi\/varkaus\/kodin-saaneita-elaimia\/"]}]},{"@type":"ImageObject","inLanguage":"fi","@id":"https:\/\/sey.fi\/varkaus\/kodin-saaneita-elaimia\/#primaryimage","url":"https:\/\/sey.fi\/wp-content\/uploads\/sites\/35\/2024\/12\/cat-3059075_1280-1024x678.jpg","contentUrl":"https:\/\/sey.fi\/wp-content\/uploads\/sites\/35\/2024\/12\/cat-3059075_1280-1024x678.jpg"},{"@type":"BreadcrumbList","@id":"https:\/\/sey.fi\/varkaus\/kodin-saaneita-elaimia\/#breadcrumb","itemListElement":[{"@type":"ListItem","position":1,"name":"Home","item":"https:\/\/sey.fi\/varkaus\/"},{"@type":"ListItem","position":2,"name":"Kodin saaneita el\u00e4imi\u00e4"}]},{"@type":"WebSite","@id":"https:\/\/sey.fi\/varkaus\/#website","url":"https:\/\/sey.fi\/varkaus\/","name":"Varkauden seudun el\u00e4insuojeluyhdistys","description":"Uusi SEY J\u00e4senyhdistykset -sivusto","potentialAction":[{"@type":"SearchAction","target":{"@type":"EntryPoint","urlTemplate":"https:\/\/sey.fi\/varkaus\/?s={search_term_string}"},"query-input":{"@type":"PropertyValueSpecification","valueRequired":true,"valueName":"search_term_string"}}],"inLanguage":"fi"}]}},"_links":{"self":[{"href":"https:\/\/sey.fi\/varkaus\/wp-json\/wp\/v2\/pages\/23","targetHints":{"allow":["GET"]}}],"collection":[{"href":"https:\/\/sey.fi\/varkaus\/wp-json\/wp\/v2\/pages"}],"about":[{"href":"https:\/\/sey.fi\/varkaus\/wp-json\/wp\/v2\/types\/page"}],"author":[{"embeddable":true,"href":"https:\/\/sey.fi\/varkaus\/wp-json\/wp\/v2\/users\/8"}],"replies":[{"embeddable":true,"href":"https:\/\/sey.fi\/varkaus\/wp-json\/wp\/v2\/comments?post=23"}],"version-history":[{"count":7,"href":"https:\/\/sey.fi\/varkaus\/wp-json\/wp\/v2\/pages\/23\/revisions"}],"predecessor-version":[{"id":528,"href":"https:\/\/sey.fi\/varkaus\/wp-json\/wp\/v2\/pages\/23\/revisions\/528"}],"wp:attachment":[{"href":"https:\/\/sey.fi\/varkaus\/wp-json\/wp\/v2\/media?parent=23"}],"curies":[{"name":"wp","href":"https:\/\/api.w.org\/{rel}","templated":true}]}}