{"id":27,"date":"2019-11-25T13:16:36","date_gmt":"2019-11-25T11:16:36","guid":{"rendered":"http:\/\/srvr10.xetpoint.com\/~seyfi\/varkaus\/?page_id=27"},"modified":"2026-04-08T13:25:23","modified_gmt":"2026-04-08T10:25:23","slug":"sijaiskodiksi","status":"publish","type":"page","link":"https:\/\/sey.fi\/varkaus\/varkauden-elainsuojelu\/haluatko-auttaa\/sijaiskodiksi\/","title":{"rendered":"Sijaiskodiksi?"},"content":{"rendered":"\n<p>Yhdistyksell\u00e4 ei ole l\u00f6yt\u00f6el\u00e4intaloa vaan el\u00e4imet asuvat el\u00e4inrakkaiden vapaaehtoisten kodeissa. N\u00e4iss\u00e4 sijaiskodeissa el\u00e4imet el\u00e4v\u00e4t normaalia lemmikin el\u00e4m\u00e4\u00e4. Yhdistys maksaa el\u00e4imen yll\u00e4pidon, terveydenhoidon ja etsii niille uutta loppuel\u00e4m\u00e4n kotia.<\/p>\n\n\n\n<p>Sijaiskoteja tarvitsemme jatkuvasti lis\u00e4\u00e4, koska jokaisen el\u00e4imen tarina on yksil\u00f6llinen. Joskus paikan tarve tulee yll\u00e4tt\u00e4en.<\/p>\n\n\n\n<p>Kodittoman el\u00e4imen menneisyydess\u00e4 saattaa olla tapahtumia, joiden vuoksi kotihoito on parasta mahdollista hoitoa el\u00e4imelle. L\u00f6yt\u00f6el\u00e4imen kohdalla emme aina tied\u00e4 sen taustoja, jolloin turvallinen ymp\u00e4rist\u00f6 ja arjen rutiinit auttavat el\u00e4int\u00e4 toipumaan. Samalla el\u00e4imest\u00e4 my\u00f6s oppii mink\u00e4laiseen kotiin se sopii, onko esimerkiksi lapsiperhe sopiva paikka.<\/p>\n\n\n\n<p>Sijaiskoteja tarvitsevat erilaiset el\u00e4imet kissoista matelijoihin. Oma lemmikki ei ole este sijaiskotina toimimiseen, mutta lemmikin rokotusten ja loish\u00e4\u00e4d\u00f6n tulee olla ajantasalla.<\/p>\n\n\n\n<p>Oletko<\/p>\n\n\n\n<ul class=\"wp-block-list\">\n<li>el\u00e4imi\u00e4 kunnioittava ja vastuuntuntoinen<\/li>\n\n\n\n<li>valmis ottamaan el\u00e4imen hoitoon lyhyell\u00e4kin varoitusajalla<\/li>\n\n\n\n<li>sitoutumaan hoitamaan el\u00e4int\u00e4 ennalta m\u00e4\u00e4rittelem\u00e4tt\u00f6m\u00e4ksi ajaksi<br>(viikoista kuukausiin)<\/li>\n\n\n\n<li>valmis vastaamaan el\u00e4int\u00e4 koskeviin kyselyihin<\/li>\n\n\n\n<li>valmis huolehtimaan el\u00e4imest\u00e4 kuin omasta lemmikist\u00e4 ja valmis luopumaan siit\u00e4, kun uusi koti l\u00f6ytyy.<\/li>\n<\/ul>\n\n\n\n<p>Mik\u00e4li vastasit kyll\u00e4, sijaiskotitoiminta saattaa olla sinun juttusi.<\/p>\n\n\n\n<p>Sijaiskotina saat<\/p>\n\n\n\n<ul class=\"wp-block-list\">\n<li>el\u00e4inyst\u00e4vi\u00e4<\/li>\n\n\n\n<li>ainutlaatuisia kokemuksia<\/li>\n\n\n\n<li>tietoa ja taitoa el\u00e4imist\u00e4<\/li>\n\n\n\n<li>vertaistukea toisilta sijaiskodeilta ja yhdistyksen j\u00e4senilt\u00e4<\/li>\n\n\n\n<li>uusia yst\u00e4vi\u00e4 samanhenkisist\u00e4 ihmisist\u00e4<\/li>\n\n\n\n<li>vapauden, kun el\u00e4imeen ei tarvitse sitoutua vuosiksi<\/li>\n\n\n\n<li>auttamisen iloa<\/li>\n<\/ul>\n\n\n\n<p><br>Lis\u00e4tietoja voit kysy\u00e4 s\u00e4hk\u00f6postitse:\u00a0<a href=\"mailto:henna.pietikainen@sey.fi\"><a href=\"mailto:laura.lehtolainen@sey.fi\" target=\"_blank\" rel=\"noreferrer noopener\">laura.lehtolainen@sey.fi<\/a>\u00a0<\/a><\/p>\n\n\n\n<p>(L\u00e4hde: SEYN Mit\u00e4 sijaiskotitoiminta on?-esite)<\/p>\n\n\n\n<figure class=\"wp-block-image\"><img decoding=\"async\" src=\"http:\/\/varkaus.sey.fi\/images\/kani5.jpg\" alt=\"\" \/><\/figure>\n","protected":false},"excerpt":{"rendered":"<p>Yhdistyksell\u00e4 ei ole l\u00f6yt\u00f6el\u00e4intaloa vaan el\u00e4imet asuvat el\u00e4inrakkaiden vapaaehtoisten kodeissa. N\u00e4iss\u00e4 sijaiskodeissa el\u00e4imet el\u00e4v\u00e4t normaalia lemmikin el\u00e4m\u00e4\u00e4. Yhdistys maksaa el\u00e4imen yll\u00e4pidon, terveydenhoidon ja etsii niille uutta loppuel\u00e4m\u00e4n kotia. Sijaiskoteja tarvitsemme jatkuvasti lis\u00e4\u00e4, koska jokaisen el\u00e4imen tarina on yksil\u00f6llinen. Joskus paikan tarve tulee yll\u00e4tt\u00e4en. Kodittoman el\u00e4imen menneisyydess\u00e4 saattaa olla tapahtumia, joiden vuoksi kotihoito on parasta mahdollista [&hellip;]<\/p>\n","protected":false},"author":8,"featured_media":0,"parent":25,"menu_order":0,"comment_status":"closed","ping_status":"closed","template":"","meta":{"_acf_changed":false,"footnotes":""},"class_list":["post-27","page","type-page","status-publish","hentry"],"acf":[],"yoast_head":"<!-- This site is optimized with the Yoast SEO plugin v27.1.1 - https:\/\/yoast.com\/product\/yoast-seo-wordpress\/ -->\n<title>Sijaiskodiksi? - Varkauden seudun el\u00e4insuojeluyhdistys<\/title>\n<meta name=\"robots\" content=\"index, follow, max-snippet:-1, max-image-preview:large, max-video-preview:-1\" \/>\n<link rel=\"canonical\" href=\"https:\/\/sey.fi\/varkaus\/varkauden-elainsuojelu\/haluatko-auttaa\/sijaiskodiksi\/\" \/>\n<meta property=\"og:locale\" content=\"fi_FI\" \/>\n<meta property=\"og:type\" content=\"article\" \/>\n<meta property=\"og:title\" content=\"Sijaiskodiksi? - Varkauden seudun el\u00e4insuojeluyhdistys\" \/>\n<meta property=\"og:description\" content=\"Yhdistyksell\u00e4 ei ole l\u00f6yt\u00f6el\u00e4intaloa vaan el\u00e4imet asuvat el\u00e4inrakkaiden vapaaehtoisten kodeissa. N\u00e4iss\u00e4 sijaiskodeissa el\u00e4imet el\u00e4v\u00e4t normaalia lemmikin el\u00e4m\u00e4\u00e4. Yhdistys maksaa el\u00e4imen yll\u00e4pidon, terveydenhoidon ja etsii niille uutta loppuel\u00e4m\u00e4n kotia. Sijaiskoteja tarvitsemme jatkuvasti lis\u00e4\u00e4, koska jokaisen el\u00e4imen tarina on yksil\u00f6llinen. Joskus paikan tarve tulee yll\u00e4tt\u00e4en. Kodittoman el\u00e4imen menneisyydess\u00e4 saattaa olla tapahtumia, joiden vuoksi kotihoito on parasta mahdollista [&hellip;]\" \/>\n<meta property=\"og:url\" content=\"https:\/\/sey.fi\/varkaus\/varkauden-elainsuojelu\/haluatko-auttaa\/sijaiskodiksi\/\" \/>\n<meta property=\"og:site_name\" content=\"Varkauden seudun el\u00e4insuojeluyhdistys\" \/>\n<meta property=\"article:modified_time\" content=\"2026-04-08T10:25:23+00:00\" \/>\n<meta property=\"og:image\" content=\"http:\/\/varkaus.sey.fi\/images\/kani5.jpg\" \/>\n<meta name=\"twitter:card\" content=\"summary_large_image\" \/>\n<meta name=\"twitter:label1\" content=\"Arvioitu lukuaika\" \/>\n\t<meta name=\"twitter:data1\" content=\"2 minuuttia\" \/>\n<script type=\"application\/ld+json\" class=\"yoast-schema-graph\">{\"@context\":\"https:\/\/schema.org\",\"@graph\":[{\"@type\":\"WebPage\",\"@id\":\"https:\/\/sey.fi\/varkaus\/varkauden-elainsuojelu\/haluatko-auttaa\/sijaiskodiksi\/\",\"url\":\"https:\/\/sey.fi\/varkaus\/varkauden-elainsuojelu\/haluatko-auttaa\/sijaiskodiksi\/\",\"name\":\"Sijaiskodiksi? - Varkauden seudun el\u00e4insuojeluyhdistys\",\"isPartOf\":{\"@id\":\"https:\/\/sey.fi\/varkaus\/#website\"},\"primaryImageOfPage\":{\"@id\":\"https:\/\/sey.fi\/varkaus\/varkauden-elainsuojelu\/haluatko-auttaa\/sijaiskodiksi\/#primaryimage\"},\"image\":{\"@id\":\"https:\/\/sey.fi\/varkaus\/varkauden-elainsuojelu\/haluatko-auttaa\/sijaiskodiksi\/#primaryimage\"},\"thumbnailUrl\":\"http:\/\/varkaus.sey.fi\/images\/kani5.jpg\",\"datePublished\":\"2019-11-25T11:16:36+00:00\",\"dateModified\":\"2026-04-08T10:25:23+00:00\",\"breadcrumb\":{\"@id\":\"https:\/\/sey.fi\/varkaus\/varkauden-elainsuojelu\/haluatko-auttaa\/sijaiskodiksi\/#breadcrumb\"},\"inLanguage\":\"fi\",\"potentialAction\":[{\"@type\":\"ReadAction\",\"target\":[\"https:\/\/sey.fi\/varkaus\/varkauden-elainsuojelu\/haluatko-auttaa\/sijaiskodiksi\/\"]}]},{\"@type\":\"ImageObject\",\"inLanguage\":\"fi\",\"@id\":\"https:\/\/sey.fi\/varkaus\/varkauden-elainsuojelu\/haluatko-auttaa\/sijaiskodiksi\/#primaryimage\",\"url\":\"http:\/\/varkaus.sey.fi\/images\/kani5.jpg\",\"contentUrl\":\"http:\/\/varkaus.sey.fi\/images\/kani5.jpg\"},{\"@type\":\"BreadcrumbList\",\"@id\":\"https:\/\/sey.fi\/varkaus\/varkauden-elainsuojelu\/haluatko-auttaa\/sijaiskodiksi\/#breadcrumb\",\"itemListElement\":[{\"@type\":\"ListItem\",\"position\":1,\"name\":\"Home\",\"item\":\"https:\/\/sey.fi\/varkaus\/\"},{\"@type\":\"ListItem\",\"position\":2,\"name\":\"Varkauden seudun el\u00e4insuojeluyhdistys\",\"item\":\"https:\/\/sey.fi\/varkaus\/\"},{\"@type\":\"ListItem\",\"position\":3,\"name\":\"Haluatko auttaa?\",\"item\":\"https:\/\/sey.fi\/varkaus\/varkauden-elainsuojelu\/haluatko-auttaa\/\"},{\"@type\":\"ListItem\",\"position\":4,\"name\":\"Sijaiskodiksi?\"}]},{\"@type\":\"WebSite\",\"@id\":\"https:\/\/sey.fi\/varkaus\/#website\",\"url\":\"https:\/\/sey.fi\/varkaus\/\",\"name\":\"Varkauden seudun el\u00e4insuojeluyhdistys\",\"description\":\"Uusi SEY J\u00e4senyhdistykset -sivusto\",\"potentialAction\":[{\"@type\":\"SearchAction\",\"target\":{\"@type\":\"EntryPoint\",\"urlTemplate\":\"https:\/\/sey.fi\/varkaus\/?s={search_term_string}\"},\"query-input\":{\"@type\":\"PropertyValueSpecification\",\"valueRequired\":true,\"valueName\":\"search_term_string\"}}],\"inLanguage\":\"fi\"}]}<\/script>\n<!-- \/ Yoast SEO plugin. -->","yoast_head_json":{"title":"Sijaiskodiksi? - Varkauden seudun el\u00e4insuojeluyhdistys","robots":{"index":"index","follow":"follow","max-snippet":"max-snippet:-1","max-image-preview":"max-image-preview:large","max-video-preview":"max-video-preview:-1"},"canonical":"https:\/\/sey.fi\/varkaus\/varkauden-elainsuojelu\/haluatko-auttaa\/sijaiskodiksi\/","og_locale":"fi_FI","og_type":"article","og_title":"Sijaiskodiksi? - Varkauden seudun el\u00e4insuojeluyhdistys","og_description":"Yhdistyksell\u00e4 ei ole l\u00f6yt\u00f6el\u00e4intaloa vaan el\u00e4imet asuvat el\u00e4inrakkaiden vapaaehtoisten kodeissa. N\u00e4iss\u00e4 sijaiskodeissa el\u00e4imet el\u00e4v\u00e4t normaalia lemmikin el\u00e4m\u00e4\u00e4. Yhdistys maksaa el\u00e4imen yll\u00e4pidon, terveydenhoidon ja etsii niille uutta loppuel\u00e4m\u00e4n kotia. Sijaiskoteja tarvitsemme jatkuvasti lis\u00e4\u00e4, koska jokaisen el\u00e4imen tarina on yksil\u00f6llinen. Joskus paikan tarve tulee yll\u00e4tt\u00e4en. Kodittoman el\u00e4imen menneisyydess\u00e4 saattaa olla tapahtumia, joiden vuoksi kotihoito on parasta mahdollista [&hellip;]","og_url":"https:\/\/sey.fi\/varkaus\/varkauden-elainsuojelu\/haluatko-auttaa\/sijaiskodiksi\/","og_site_name":"Varkauden seudun el\u00e4insuojeluyhdistys","article_modified_time":"2026-04-08T10:25:23+00:00","og_image":[{"url":"http:\/\/varkaus.sey.fi\/images\/kani5.jpg","type":"","width":"","height":""}],"twitter_card":"summary_large_image","twitter_misc":{"Arvioitu lukuaika":"2 minuuttia"},"schema":{"@context":"https:\/\/schema.org","@graph":[{"@type":"WebPage","@id":"https:\/\/sey.fi\/varkaus\/varkauden-elainsuojelu\/haluatko-auttaa\/sijaiskodiksi\/","url":"https:\/\/sey.fi\/varkaus\/varkauden-elainsuojelu\/haluatko-auttaa\/sijaiskodiksi\/","name":"Sijaiskodiksi? - Varkauden seudun el\u00e4insuojeluyhdistys","isPartOf":{"@id":"https:\/\/sey.fi\/varkaus\/#website"},"primaryImageOfPage":{"@id":"https:\/\/sey.fi\/varkaus\/varkauden-elainsuojelu\/haluatko-auttaa\/sijaiskodiksi\/#primaryimage"},"image":{"@id":"https:\/\/sey.fi\/varkaus\/varkauden-elainsuojelu\/haluatko-auttaa\/sijaiskodiksi\/#primaryimage"},"thumbnailUrl":"http:\/\/varkaus.sey.fi\/images\/kani5.jpg","datePublished":"2019-11-25T11:16:36+00:00","dateModified":"2026-04-08T10:25:23+00:00","breadcrumb":{"@id":"https:\/\/sey.fi\/varkaus\/varkauden-elainsuojelu\/haluatko-auttaa\/sijaiskodiksi\/#breadcrumb"},"inLanguage":"fi","potentialAction":[{"@type":"ReadAction","target":["https:\/\/sey.fi\/varkaus\/varkauden-elainsuojelu\/haluatko-auttaa\/sijaiskodiksi\/"]}]},{"@type":"ImageObject","inLanguage":"fi","@id":"https:\/\/sey.fi\/varkaus\/varkauden-elainsuojelu\/haluatko-auttaa\/sijaiskodiksi\/#primaryimage","url":"http:\/\/varkaus.sey.fi\/images\/kani5.jpg","contentUrl":"http:\/\/varkaus.sey.fi\/images\/kani5.jpg"},{"@type":"BreadcrumbList","@id":"https:\/\/sey.fi\/varkaus\/varkauden-elainsuojelu\/haluatko-auttaa\/sijaiskodiksi\/#breadcrumb","itemListElement":[{"@type":"ListItem","position":1,"name":"Home","item":"https:\/\/sey.fi\/varkaus\/"},{"@type":"ListItem","position":2,"name":"Varkauden seudun el\u00e4insuojeluyhdistys","item":"https:\/\/sey.fi\/varkaus\/"},{"@type":"ListItem","position":3,"name":"Haluatko auttaa?","item":"https:\/\/sey.fi\/varkaus\/varkauden-elainsuojelu\/haluatko-auttaa\/"},{"@type":"ListItem","position":4,"name":"Sijaiskodiksi?"}]},{"@type":"WebSite","@id":"https:\/\/sey.fi\/varkaus\/#website","url":"https:\/\/sey.fi\/varkaus\/","name":"Varkauden seudun el\u00e4insuojeluyhdistys","description":"Uusi SEY J\u00e4senyhdistykset -sivusto","potentialAction":[{"@type":"SearchAction","target":{"@type":"EntryPoint","urlTemplate":"https:\/\/sey.fi\/varkaus\/?s={search_term_string}"},"query-input":{"@type":"PropertyValueSpecification","valueRequired":true,"valueName":"search_term_string"}}],"inLanguage":"fi"}]}},"_links":{"self":[{"href":"https:\/\/sey.fi\/varkaus\/wp-json\/wp\/v2\/pages\/27","targetHints":{"allow":["GET"]}}],"collection":[{"href":"https:\/\/sey.fi\/varkaus\/wp-json\/wp\/v2\/pages"}],"about":[{"href":"https:\/\/sey.fi\/varkaus\/wp-json\/wp\/v2\/types\/page"}],"author":[{"embeddable":true,"href":"https:\/\/sey.fi\/varkaus\/wp-json\/wp\/v2\/users\/8"}],"replies":[{"embeddable":true,"href":"https:\/\/sey.fi\/varkaus\/wp-json\/wp\/v2\/comments?post=27"}],"version-history":[{"count":6,"href":"https:\/\/sey.fi\/varkaus\/wp-json\/wp\/v2\/pages\/27\/revisions"}],"predecessor-version":[{"id":850,"href":"https:\/\/sey.fi\/varkaus\/wp-json\/wp\/v2\/pages\/27\/revisions\/850"}],"up":[{"embeddable":true,"href":"https:\/\/sey.fi\/varkaus\/wp-json\/wp\/v2\/pages\/25"}],"wp:attachment":[{"href":"https:\/\/sey.fi\/varkaus\/wp-json\/wp\/v2\/media?parent=27"}],"curies":[{"name":"wp","href":"https:\/\/api.w.org\/{rel}","templated":true}]}}