{"id":29,"date":"2019-11-25T13:17:08","date_gmt":"2019-11-25T11:17:08","guid":{"rendered":"http:\/\/srvr10.xetpoint.com\/~seyfi\/varkaus\/?page_id=29"},"modified":"2026-04-08T13:29:38","modified_gmt":"2026-04-08T10:29:38","slug":"lahjoita","status":"publish","type":"page","link":"https:\/\/sey.fi\/varkaus\/varkauden-elainsuojelu\/haluatko-auttaa\/lahjoita\/","title":{"rendered":"Lahjoita!"},"content":{"rendered":"\n<p>Varkauden seudun el\u00e4insuojeluyhdistys ottaa hoitoonsa huostaanotettuja ja el\u00e4insuojeluneuvojien k\u00e4yntien kautta tulevia el\u00e4imi\u00e4. Moni el\u00e4imist\u00e4 tarvitsee kuukausien hoitoa ja kuntoutusta ennen uuteen kotiin siirtymist\u00e4. Apua tarvitsevia el\u00e4imi\u00e4 on vuosi vuodelta enemm\u00e4n. Auta heikoimpia, lahjoita kodittomalle!<\/p>\n\n\n\n<p>El\u00e4inten ruoka-ja\/tai hiekkalahjoitukset ottaa vastaan Musti ja Mirri sek\u00e4 LempiMurre. Lahjoitukset voi vied\u00e4 kaupan aukioloaikojen mukaan. Tavaroita yhdistyksell\u00e4 on t\u00e4ll\u00e4 hetkell\u00e4 runsaasti el\u00e4imille. Jos tarvetta ilmenee, teemme t\u00e4sm\u00e4ker\u00e4yksen niist\u00e4.<\/p>\n\n\n\n<p> Kiitos avustasi!<\/p>\n\n\n\n<p>Varkauden seudun el\u00e4insuojeluyhdistys ry<\/p>\n\n\n\n<p>Lahjoitustili: FI53 5500 3920 1667 23<\/p>\n\n\n\n<p>MobilePay 69657<\/p>\n\n\n\n<p>(Rahanker\u00e4yksen lupanumero RA\/2022\/1088)<\/p>\n\n\n\n<figure class=\"wp-block-image\"><img decoding=\"async\" src=\"http:\/\/varkaus.sey.fi\/images\/miki1.jpg\" alt=\"\" \/><\/figure>\n","protected":false},"excerpt":{"rendered":"<p>Varkauden seudun el\u00e4insuojeluyhdistys ottaa hoitoonsa huostaanotettuja ja el\u00e4insuojeluneuvojien k\u00e4yntien kautta tulevia el\u00e4imi\u00e4. Moni el\u00e4imist\u00e4 tarvitsee kuukausien hoitoa ja kuntoutusta ennen uuteen kotiin siirtymist\u00e4. Apua tarvitsevia el\u00e4imi\u00e4 on vuosi vuodelta enemm\u00e4n. Auta heikoimpia, lahjoita kodittomalle! El\u00e4inten ruoka-ja\/tai hiekkalahjoitukset ottaa vastaan Musti ja Mirri sek\u00e4 LempiMurre. Lahjoitukset voi vied\u00e4 kaupan aukioloaikojen mukaan. Tavaroita yhdistyksell\u00e4 on t\u00e4ll\u00e4 hetkell\u00e4 [&hellip;]<\/p>\n","protected":false},"author":8,"featured_media":0,"parent":25,"menu_order":0,"comment_status":"closed","ping_status":"closed","template":"","meta":{"_acf_changed":false,"footnotes":""},"class_list":["post-29","page","type-page","status-publish","hentry"],"acf":[],"yoast_head":"<!-- This site is optimized with the Yoast SEO plugin v27.1.1 - https:\/\/yoast.com\/product\/yoast-seo-wordpress\/ -->\n<title>Lahjoita! - Varkauden seudun el\u00e4insuojeluyhdistys<\/title>\n<meta name=\"robots\" content=\"index, follow, max-snippet:-1, max-image-preview:large, max-video-preview:-1\" \/>\n<link rel=\"canonical\" href=\"https:\/\/sey.fi\/varkaus\/varkauden-elainsuojelu\/haluatko-auttaa\/lahjoita\/\" \/>\n<meta property=\"og:locale\" content=\"fi_FI\" \/>\n<meta property=\"og:type\" content=\"article\" \/>\n<meta property=\"og:title\" content=\"Lahjoita! - Varkauden seudun el\u00e4insuojeluyhdistys\" \/>\n<meta property=\"og:description\" content=\"Varkauden seudun el\u00e4insuojeluyhdistys ottaa hoitoonsa huostaanotettuja ja el\u00e4insuojeluneuvojien k\u00e4yntien kautta tulevia el\u00e4imi\u00e4. Moni el\u00e4imist\u00e4 tarvitsee kuukausien hoitoa ja kuntoutusta ennen uuteen kotiin siirtymist\u00e4. Apua tarvitsevia el\u00e4imi\u00e4 on vuosi vuodelta enemm\u00e4n. Auta heikoimpia, lahjoita kodittomalle! El\u00e4inten ruoka-ja\/tai hiekkalahjoitukset ottaa vastaan Musti ja Mirri sek\u00e4 LempiMurre. Lahjoitukset voi vied\u00e4 kaupan aukioloaikojen mukaan. Tavaroita yhdistyksell\u00e4 on t\u00e4ll\u00e4 hetkell\u00e4 [&hellip;]\" \/>\n<meta property=\"og:url\" content=\"https:\/\/sey.fi\/varkaus\/varkauden-elainsuojelu\/haluatko-auttaa\/lahjoita\/\" \/>\n<meta property=\"og:site_name\" content=\"Varkauden seudun el\u00e4insuojeluyhdistys\" \/>\n<meta property=\"article:modified_time\" content=\"2026-04-08T10:29:38+00:00\" \/>\n<meta property=\"og:image\" content=\"http:\/\/varkaus.sey.fi\/images\/miki1.jpg\" \/>\n<meta name=\"twitter:card\" content=\"summary_large_image\" \/>\n<meta name=\"twitter:label1\" content=\"Arvioitu lukuaika\" \/>\n\t<meta name=\"twitter:data1\" content=\"1 minuutti\" \/>\n<script type=\"application\/ld+json\" class=\"yoast-schema-graph\">{\"@context\":\"https:\/\/schema.org\",\"@graph\":[{\"@type\":\"WebPage\",\"@id\":\"https:\/\/sey.fi\/varkaus\/varkauden-elainsuojelu\/haluatko-auttaa\/lahjoita\/\",\"url\":\"https:\/\/sey.fi\/varkaus\/varkauden-elainsuojelu\/haluatko-auttaa\/lahjoita\/\",\"name\":\"Lahjoita! - Varkauden seudun el\u00e4insuojeluyhdistys\",\"isPartOf\":{\"@id\":\"https:\/\/sey.fi\/varkaus\/#website\"},\"primaryImageOfPage\":{\"@id\":\"https:\/\/sey.fi\/varkaus\/varkauden-elainsuojelu\/haluatko-auttaa\/lahjoita\/#primaryimage\"},\"image\":{\"@id\":\"https:\/\/sey.fi\/varkaus\/varkauden-elainsuojelu\/haluatko-auttaa\/lahjoita\/#primaryimage\"},\"thumbnailUrl\":\"http:\/\/varkaus.sey.fi\/images\/miki1.jpg\",\"datePublished\":\"2019-11-25T11:17:08+00:00\",\"dateModified\":\"2026-04-08T10:29:38+00:00\",\"breadcrumb\":{\"@id\":\"https:\/\/sey.fi\/varkaus\/varkauden-elainsuojelu\/haluatko-auttaa\/lahjoita\/#breadcrumb\"},\"inLanguage\":\"fi\",\"potentialAction\":[{\"@type\":\"ReadAction\",\"target\":[\"https:\/\/sey.fi\/varkaus\/varkauden-elainsuojelu\/haluatko-auttaa\/lahjoita\/\"]}]},{\"@type\":\"ImageObject\",\"inLanguage\":\"fi\",\"@id\":\"https:\/\/sey.fi\/varkaus\/varkauden-elainsuojelu\/haluatko-auttaa\/lahjoita\/#primaryimage\",\"url\":\"http:\/\/varkaus.sey.fi\/images\/miki1.jpg\",\"contentUrl\":\"http:\/\/varkaus.sey.fi\/images\/miki1.jpg\"},{\"@type\":\"BreadcrumbList\",\"@id\":\"https:\/\/sey.fi\/varkaus\/varkauden-elainsuojelu\/haluatko-auttaa\/lahjoita\/#breadcrumb\",\"itemListElement\":[{\"@type\":\"ListItem\",\"position\":1,\"name\":\"Home\",\"item\":\"https:\/\/sey.fi\/varkaus\/\"},{\"@type\":\"ListItem\",\"position\":2,\"name\":\"Varkauden seudun el\u00e4insuojeluyhdistys\",\"item\":\"https:\/\/sey.fi\/varkaus\/\"},{\"@type\":\"ListItem\",\"position\":3,\"name\":\"Haluatko auttaa?\",\"item\":\"https:\/\/sey.fi\/varkaus\/varkauden-elainsuojelu\/haluatko-auttaa\/\"},{\"@type\":\"ListItem\",\"position\":4,\"name\":\"Lahjoita!\"}]},{\"@type\":\"WebSite\",\"@id\":\"https:\/\/sey.fi\/varkaus\/#website\",\"url\":\"https:\/\/sey.fi\/varkaus\/\",\"name\":\"Varkauden seudun el\u00e4insuojeluyhdistys\",\"description\":\"Uusi SEY J\u00e4senyhdistykset -sivusto\",\"potentialAction\":[{\"@type\":\"SearchAction\",\"target\":{\"@type\":\"EntryPoint\",\"urlTemplate\":\"https:\/\/sey.fi\/varkaus\/?s={search_term_string}\"},\"query-input\":{\"@type\":\"PropertyValueSpecification\",\"valueRequired\":true,\"valueName\":\"search_term_string\"}}],\"inLanguage\":\"fi\"}]}<\/script>\n<!-- \/ Yoast SEO plugin. -->","yoast_head_json":{"title":"Lahjoita! - Varkauden seudun el\u00e4insuojeluyhdistys","robots":{"index":"index","follow":"follow","max-snippet":"max-snippet:-1","max-image-preview":"max-image-preview:large","max-video-preview":"max-video-preview:-1"},"canonical":"https:\/\/sey.fi\/varkaus\/varkauden-elainsuojelu\/haluatko-auttaa\/lahjoita\/","og_locale":"fi_FI","og_type":"article","og_title":"Lahjoita! - Varkauden seudun el\u00e4insuojeluyhdistys","og_description":"Varkauden seudun el\u00e4insuojeluyhdistys ottaa hoitoonsa huostaanotettuja ja el\u00e4insuojeluneuvojien k\u00e4yntien kautta tulevia el\u00e4imi\u00e4. Moni el\u00e4imist\u00e4 tarvitsee kuukausien hoitoa ja kuntoutusta ennen uuteen kotiin siirtymist\u00e4. Apua tarvitsevia el\u00e4imi\u00e4 on vuosi vuodelta enemm\u00e4n. Auta heikoimpia, lahjoita kodittomalle! El\u00e4inten ruoka-ja\/tai hiekkalahjoitukset ottaa vastaan Musti ja Mirri sek\u00e4 LempiMurre. Lahjoitukset voi vied\u00e4 kaupan aukioloaikojen mukaan. Tavaroita yhdistyksell\u00e4 on t\u00e4ll\u00e4 hetkell\u00e4 [&hellip;]","og_url":"https:\/\/sey.fi\/varkaus\/varkauden-elainsuojelu\/haluatko-auttaa\/lahjoita\/","og_site_name":"Varkauden seudun el\u00e4insuojeluyhdistys","article_modified_time":"2026-04-08T10:29:38+00:00","og_image":[{"url":"http:\/\/varkaus.sey.fi\/images\/miki1.jpg","type":"","width":"","height":""}],"twitter_card":"summary_large_image","twitter_misc":{"Arvioitu lukuaika":"1 minuutti"},"schema":{"@context":"https:\/\/schema.org","@graph":[{"@type":"WebPage","@id":"https:\/\/sey.fi\/varkaus\/varkauden-elainsuojelu\/haluatko-auttaa\/lahjoita\/","url":"https:\/\/sey.fi\/varkaus\/varkauden-elainsuojelu\/haluatko-auttaa\/lahjoita\/","name":"Lahjoita! - Varkauden seudun el\u00e4insuojeluyhdistys","isPartOf":{"@id":"https:\/\/sey.fi\/varkaus\/#website"},"primaryImageOfPage":{"@id":"https:\/\/sey.fi\/varkaus\/varkauden-elainsuojelu\/haluatko-auttaa\/lahjoita\/#primaryimage"},"image":{"@id":"https:\/\/sey.fi\/varkaus\/varkauden-elainsuojelu\/haluatko-auttaa\/lahjoita\/#primaryimage"},"thumbnailUrl":"http:\/\/varkaus.sey.fi\/images\/miki1.jpg","datePublished":"2019-11-25T11:17:08+00:00","dateModified":"2026-04-08T10:29:38+00:00","breadcrumb":{"@id":"https:\/\/sey.fi\/varkaus\/varkauden-elainsuojelu\/haluatko-auttaa\/lahjoita\/#breadcrumb"},"inLanguage":"fi","potentialAction":[{"@type":"ReadAction","target":["https:\/\/sey.fi\/varkaus\/varkauden-elainsuojelu\/haluatko-auttaa\/lahjoita\/"]}]},{"@type":"ImageObject","inLanguage":"fi","@id":"https:\/\/sey.fi\/varkaus\/varkauden-elainsuojelu\/haluatko-auttaa\/lahjoita\/#primaryimage","url":"http:\/\/varkaus.sey.fi\/images\/miki1.jpg","contentUrl":"http:\/\/varkaus.sey.fi\/images\/miki1.jpg"},{"@type":"BreadcrumbList","@id":"https:\/\/sey.fi\/varkaus\/varkauden-elainsuojelu\/haluatko-auttaa\/lahjoita\/#breadcrumb","itemListElement":[{"@type":"ListItem","position":1,"name":"Home","item":"https:\/\/sey.fi\/varkaus\/"},{"@type":"ListItem","position":2,"name":"Varkauden seudun el\u00e4insuojeluyhdistys","item":"https:\/\/sey.fi\/varkaus\/"},{"@type":"ListItem","position":3,"name":"Haluatko auttaa?","item":"https:\/\/sey.fi\/varkaus\/varkauden-elainsuojelu\/haluatko-auttaa\/"},{"@type":"ListItem","position":4,"name":"Lahjoita!"}]},{"@type":"WebSite","@id":"https:\/\/sey.fi\/varkaus\/#website","url":"https:\/\/sey.fi\/varkaus\/","name":"Varkauden seudun el\u00e4insuojeluyhdistys","description":"Uusi SEY J\u00e4senyhdistykset -sivusto","potentialAction":[{"@type":"SearchAction","target":{"@type":"EntryPoint","urlTemplate":"https:\/\/sey.fi\/varkaus\/?s={search_term_string}"},"query-input":{"@type":"PropertyValueSpecification","valueRequired":true,"valueName":"search_term_string"}}],"inLanguage":"fi"}]}},"_links":{"self":[{"href":"https:\/\/sey.fi\/varkaus\/wp-json\/wp\/v2\/pages\/29","targetHints":{"allow":["GET"]}}],"collection":[{"href":"https:\/\/sey.fi\/varkaus\/wp-json\/wp\/v2\/pages"}],"about":[{"href":"https:\/\/sey.fi\/varkaus\/wp-json\/wp\/v2\/types\/page"}],"author":[{"embeddable":true,"href":"https:\/\/sey.fi\/varkaus\/wp-json\/wp\/v2\/users\/8"}],"replies":[{"embeddable":true,"href":"https:\/\/sey.fi\/varkaus\/wp-json\/wp\/v2\/comments?post=29"}],"version-history":[{"count":10,"href":"https:\/\/sey.fi\/varkaus\/wp-json\/wp\/v2\/pages\/29\/revisions"}],"predecessor-version":[{"id":852,"href":"https:\/\/sey.fi\/varkaus\/wp-json\/wp\/v2\/pages\/29\/revisions\/852"}],"up":[{"embeddable":true,"href":"https:\/\/sey.fi\/varkaus\/wp-json\/wp\/v2\/pages\/25"}],"wp:attachment":[{"href":"https:\/\/sey.fi\/varkaus\/wp-json\/wp\/v2\/media?parent=29"}],"curies":[{"name":"wp","href":"https:\/\/api.w.org\/{rel}","templated":true}]}}