{"id":31,"date":"2019-11-25T13:17:38","date_gmt":"2019-11-25T11:17:38","guid":{"rendered":"http:\/\/srvr10.xetpoint.com\/~seyfi\/varkaus\/?page_id=31"},"modified":"2026-04-08T13:26:13","modified_gmt":"2026-04-08T10:26:13","slug":"vapaaehtoiseksi","status":"publish","type":"page","link":"https:\/\/sey.fi\/varkaus\/varkauden-elainsuojelu\/haluatko-auttaa\/vapaaehtoiseksi\/","title":{"rendered":"Vapaaehtoiseksi"},"content":{"rendered":"\n<p>Yhdistyksen toiminta perustuu vapaaehtoisuuteen, joten jos sinulla on kiinnostusta osallistua esim. ruokaker\u00e4ykseen tai sorsien ruokintaan ole rohkeasti meihin s\u00e4hk\u00f6postitse\u00a0<a href=\"mailto:laura.lehtolainen@sey.fi\" target=\"_blank\" rel=\"noreferrer noopener\">laura.lehtolainen@sey.fi<\/a>\u00a0<\/p>\n\n\n\n<p>Aina emme tied\u00e4 itsek\u00e4\u00e4n mink\u00e4laista osaamista tarvitsemme auttaaksemme parhaiten el\u00e4imi\u00e4, joten tarjoa rohkeasti omaa osaamistasi yhdistyksen k\u00e4ytt\u00f6\u00f6n.<\/p>\n\n\n\n<p>Osallistumalla yhdistyksen j\u00e4rjest\u00e4miin tapahtumiin olet mukaan auttamassa el\u00e4imi\u00e4.<\/p>\n\n\n\n<p>Tiedotamme ajankohtaisista tapahtumista Facebook-sivuillamme.<\/p>\n\n\n\n<p>Seuraamalla meit\u00e4 Facebookissa osallistut huomaamattasi toimintaan. Ja jakamalla meid\u00e4n p\u00e4ivityksi\u00e4mme jaat tietoa my\u00f6s muille.<\/p>\n\n\n\n<figure class=\"wp-block-image\"><img decoding=\"async\" src=\"http:\/\/varkaus.sey.fi\/images\/miru.jpg\" alt=\"\" \/><\/figure>\n","protected":false},"excerpt":{"rendered":"<p>Yhdistyksen toiminta perustuu vapaaehtoisuuteen, joten jos sinulla on kiinnostusta osallistua esim. ruokaker\u00e4ykseen tai sorsien ruokintaan ole rohkeasti meihin s\u00e4hk\u00f6postitse\u00a0laura.lehtolainen@sey.fi\u00a0 Aina emme tied\u00e4 itsek\u00e4\u00e4n mink\u00e4laista osaamista tarvitsemme auttaaksemme parhaiten el\u00e4imi\u00e4, joten tarjoa rohkeasti omaa osaamistasi yhdistyksen k\u00e4ytt\u00f6\u00f6n. Osallistumalla yhdistyksen j\u00e4rjest\u00e4miin tapahtumiin olet mukaan auttamassa el\u00e4imi\u00e4. Tiedotamme ajankohtaisista tapahtumista Facebook-sivuillamme. Seuraamalla meit\u00e4 Facebookissa osallistut huomaamattasi toimintaan. Ja [&hellip;]<\/p>\n","protected":false},"author":8,"featured_media":0,"parent":25,"menu_order":0,"comment_status":"closed","ping_status":"closed","template":"","meta":{"_acf_changed":false,"footnotes":""},"class_list":["post-31","page","type-page","status-publish","hentry"],"acf":[],"yoast_head":"<!-- This site is optimized with the Yoast SEO plugin v27.1.1 - https:\/\/yoast.com\/product\/yoast-seo-wordpress\/ -->\n<title>Vapaaehtoiseksi - Varkauden seudun el\u00e4insuojeluyhdistys<\/title>\n<meta name=\"robots\" content=\"index, follow, max-snippet:-1, max-image-preview:large, max-video-preview:-1\" \/>\n<link rel=\"canonical\" href=\"https:\/\/sey.fi\/varkaus\/varkauden-elainsuojelu\/haluatko-auttaa\/vapaaehtoiseksi\/\" \/>\n<meta property=\"og:locale\" content=\"fi_FI\" \/>\n<meta property=\"og:type\" content=\"article\" \/>\n<meta property=\"og:title\" content=\"Vapaaehtoiseksi - Varkauden seudun el\u00e4insuojeluyhdistys\" \/>\n<meta property=\"og:description\" content=\"Yhdistyksen toiminta perustuu vapaaehtoisuuteen, joten jos sinulla on kiinnostusta osallistua esim. ruokaker\u00e4ykseen tai sorsien ruokintaan ole rohkeasti meihin s\u00e4hk\u00f6postitse\u00a0laura.lehtolainen@sey.fi\u00a0 Aina emme tied\u00e4 itsek\u00e4\u00e4n mink\u00e4laista osaamista tarvitsemme auttaaksemme parhaiten el\u00e4imi\u00e4, joten tarjoa rohkeasti omaa osaamistasi yhdistyksen k\u00e4ytt\u00f6\u00f6n. Osallistumalla yhdistyksen j\u00e4rjest\u00e4miin tapahtumiin olet mukaan auttamassa el\u00e4imi\u00e4. Tiedotamme ajankohtaisista tapahtumista Facebook-sivuillamme. Seuraamalla meit\u00e4 Facebookissa osallistut huomaamattasi toimintaan. Ja [&hellip;]\" \/>\n<meta property=\"og:url\" content=\"https:\/\/sey.fi\/varkaus\/varkauden-elainsuojelu\/haluatko-auttaa\/vapaaehtoiseksi\/\" \/>\n<meta property=\"og:site_name\" content=\"Varkauden seudun el\u00e4insuojeluyhdistys\" \/>\n<meta property=\"article:modified_time\" content=\"2026-04-08T10:26:13+00:00\" \/>\n<meta property=\"og:image\" content=\"http:\/\/varkaus.sey.fi\/images\/miru.jpg\" \/>\n<meta name=\"twitter:card\" content=\"summary_large_image\" \/>\n<meta name=\"twitter:label1\" content=\"Arvioitu lukuaika\" \/>\n\t<meta name=\"twitter:data1\" content=\"1 minuutti\" \/>\n<script type=\"application\/ld+json\" class=\"yoast-schema-graph\">{\"@context\":\"https:\/\/schema.org\",\"@graph\":[{\"@type\":\"WebPage\",\"@id\":\"https:\/\/sey.fi\/varkaus\/varkauden-elainsuojelu\/haluatko-auttaa\/vapaaehtoiseksi\/\",\"url\":\"https:\/\/sey.fi\/varkaus\/varkauden-elainsuojelu\/haluatko-auttaa\/vapaaehtoiseksi\/\",\"name\":\"Vapaaehtoiseksi - Varkauden seudun el\u00e4insuojeluyhdistys\",\"isPartOf\":{\"@id\":\"https:\/\/sey.fi\/varkaus\/#website\"},\"primaryImageOfPage\":{\"@id\":\"https:\/\/sey.fi\/varkaus\/varkauden-elainsuojelu\/haluatko-auttaa\/vapaaehtoiseksi\/#primaryimage\"},\"image\":{\"@id\":\"https:\/\/sey.fi\/varkaus\/varkauden-elainsuojelu\/haluatko-auttaa\/vapaaehtoiseksi\/#primaryimage\"},\"thumbnailUrl\":\"http:\/\/varkaus.sey.fi\/images\/miru.jpg\",\"datePublished\":\"2019-11-25T11:17:38+00:00\",\"dateModified\":\"2026-04-08T10:26:13+00:00\",\"breadcrumb\":{\"@id\":\"https:\/\/sey.fi\/varkaus\/varkauden-elainsuojelu\/haluatko-auttaa\/vapaaehtoiseksi\/#breadcrumb\"},\"inLanguage\":\"fi\",\"potentialAction\":[{\"@type\":\"ReadAction\",\"target\":[\"https:\/\/sey.fi\/varkaus\/varkauden-elainsuojelu\/haluatko-auttaa\/vapaaehtoiseksi\/\"]}]},{\"@type\":\"ImageObject\",\"inLanguage\":\"fi\",\"@id\":\"https:\/\/sey.fi\/varkaus\/varkauden-elainsuojelu\/haluatko-auttaa\/vapaaehtoiseksi\/#primaryimage\",\"url\":\"http:\/\/varkaus.sey.fi\/images\/miru.jpg\",\"contentUrl\":\"http:\/\/varkaus.sey.fi\/images\/miru.jpg\"},{\"@type\":\"BreadcrumbList\",\"@id\":\"https:\/\/sey.fi\/varkaus\/varkauden-elainsuojelu\/haluatko-auttaa\/vapaaehtoiseksi\/#breadcrumb\",\"itemListElement\":[{\"@type\":\"ListItem\",\"position\":1,\"name\":\"Home\",\"item\":\"https:\/\/sey.fi\/varkaus\/\"},{\"@type\":\"ListItem\",\"position\":2,\"name\":\"Varkauden seudun el\u00e4insuojeluyhdistys\",\"item\":\"https:\/\/sey.fi\/varkaus\/\"},{\"@type\":\"ListItem\",\"position\":3,\"name\":\"Haluatko auttaa?\",\"item\":\"https:\/\/sey.fi\/varkaus\/varkauden-elainsuojelu\/haluatko-auttaa\/\"},{\"@type\":\"ListItem\",\"position\":4,\"name\":\"Vapaaehtoiseksi\"}]},{\"@type\":\"WebSite\",\"@id\":\"https:\/\/sey.fi\/varkaus\/#website\",\"url\":\"https:\/\/sey.fi\/varkaus\/\",\"name\":\"Varkauden seudun el\u00e4insuojeluyhdistys\",\"description\":\"Uusi SEY J\u00e4senyhdistykset -sivusto\",\"potentialAction\":[{\"@type\":\"SearchAction\",\"target\":{\"@type\":\"EntryPoint\",\"urlTemplate\":\"https:\/\/sey.fi\/varkaus\/?s={search_term_string}\"},\"query-input\":{\"@type\":\"PropertyValueSpecification\",\"valueRequired\":true,\"valueName\":\"search_term_string\"}}],\"inLanguage\":\"fi\"}]}<\/script>\n<!-- \/ Yoast SEO plugin. -->","yoast_head_json":{"title":"Vapaaehtoiseksi - Varkauden seudun el\u00e4insuojeluyhdistys","robots":{"index":"index","follow":"follow","max-snippet":"max-snippet:-1","max-image-preview":"max-image-preview:large","max-video-preview":"max-video-preview:-1"},"canonical":"https:\/\/sey.fi\/varkaus\/varkauden-elainsuojelu\/haluatko-auttaa\/vapaaehtoiseksi\/","og_locale":"fi_FI","og_type":"article","og_title":"Vapaaehtoiseksi - Varkauden seudun el\u00e4insuojeluyhdistys","og_description":"Yhdistyksen toiminta perustuu vapaaehtoisuuteen, joten jos sinulla on kiinnostusta osallistua esim. ruokaker\u00e4ykseen tai sorsien ruokintaan ole rohkeasti meihin s\u00e4hk\u00f6postitse\u00a0laura.lehtolainen@sey.fi\u00a0 Aina emme tied\u00e4 itsek\u00e4\u00e4n mink\u00e4laista osaamista tarvitsemme auttaaksemme parhaiten el\u00e4imi\u00e4, joten tarjoa rohkeasti omaa osaamistasi yhdistyksen k\u00e4ytt\u00f6\u00f6n. Osallistumalla yhdistyksen j\u00e4rjest\u00e4miin tapahtumiin olet mukaan auttamassa el\u00e4imi\u00e4. Tiedotamme ajankohtaisista tapahtumista Facebook-sivuillamme. Seuraamalla meit\u00e4 Facebookissa osallistut huomaamattasi toimintaan. Ja [&hellip;]","og_url":"https:\/\/sey.fi\/varkaus\/varkauden-elainsuojelu\/haluatko-auttaa\/vapaaehtoiseksi\/","og_site_name":"Varkauden seudun el\u00e4insuojeluyhdistys","article_modified_time":"2026-04-08T10:26:13+00:00","og_image":[{"url":"http:\/\/varkaus.sey.fi\/images\/miru.jpg","type":"","width":"","height":""}],"twitter_card":"summary_large_image","twitter_misc":{"Arvioitu lukuaika":"1 minuutti"},"schema":{"@context":"https:\/\/schema.org","@graph":[{"@type":"WebPage","@id":"https:\/\/sey.fi\/varkaus\/varkauden-elainsuojelu\/haluatko-auttaa\/vapaaehtoiseksi\/","url":"https:\/\/sey.fi\/varkaus\/varkauden-elainsuojelu\/haluatko-auttaa\/vapaaehtoiseksi\/","name":"Vapaaehtoiseksi - Varkauden seudun el\u00e4insuojeluyhdistys","isPartOf":{"@id":"https:\/\/sey.fi\/varkaus\/#website"},"primaryImageOfPage":{"@id":"https:\/\/sey.fi\/varkaus\/varkauden-elainsuojelu\/haluatko-auttaa\/vapaaehtoiseksi\/#primaryimage"},"image":{"@id":"https:\/\/sey.fi\/varkaus\/varkauden-elainsuojelu\/haluatko-auttaa\/vapaaehtoiseksi\/#primaryimage"},"thumbnailUrl":"http:\/\/varkaus.sey.fi\/images\/miru.jpg","datePublished":"2019-11-25T11:17:38+00:00","dateModified":"2026-04-08T10:26:13+00:00","breadcrumb":{"@id":"https:\/\/sey.fi\/varkaus\/varkauden-elainsuojelu\/haluatko-auttaa\/vapaaehtoiseksi\/#breadcrumb"},"inLanguage":"fi","potentialAction":[{"@type":"ReadAction","target":["https:\/\/sey.fi\/varkaus\/varkauden-elainsuojelu\/haluatko-auttaa\/vapaaehtoiseksi\/"]}]},{"@type":"ImageObject","inLanguage":"fi","@id":"https:\/\/sey.fi\/varkaus\/varkauden-elainsuojelu\/haluatko-auttaa\/vapaaehtoiseksi\/#primaryimage","url":"http:\/\/varkaus.sey.fi\/images\/miru.jpg","contentUrl":"http:\/\/varkaus.sey.fi\/images\/miru.jpg"},{"@type":"BreadcrumbList","@id":"https:\/\/sey.fi\/varkaus\/varkauden-elainsuojelu\/haluatko-auttaa\/vapaaehtoiseksi\/#breadcrumb","itemListElement":[{"@type":"ListItem","position":1,"name":"Home","item":"https:\/\/sey.fi\/varkaus\/"},{"@type":"ListItem","position":2,"name":"Varkauden seudun el\u00e4insuojeluyhdistys","item":"https:\/\/sey.fi\/varkaus\/"},{"@type":"ListItem","position":3,"name":"Haluatko auttaa?","item":"https:\/\/sey.fi\/varkaus\/varkauden-elainsuojelu\/haluatko-auttaa\/"},{"@type":"ListItem","position":4,"name":"Vapaaehtoiseksi"}]},{"@type":"WebSite","@id":"https:\/\/sey.fi\/varkaus\/#website","url":"https:\/\/sey.fi\/varkaus\/","name":"Varkauden seudun el\u00e4insuojeluyhdistys","description":"Uusi SEY J\u00e4senyhdistykset -sivusto","potentialAction":[{"@type":"SearchAction","target":{"@type":"EntryPoint","urlTemplate":"https:\/\/sey.fi\/varkaus\/?s={search_term_string}"},"query-input":{"@type":"PropertyValueSpecification","valueRequired":true,"valueName":"search_term_string"}}],"inLanguage":"fi"}]}},"_links":{"self":[{"href":"https:\/\/sey.fi\/varkaus\/wp-json\/wp\/v2\/pages\/31","targetHints":{"allow":["GET"]}}],"collection":[{"href":"https:\/\/sey.fi\/varkaus\/wp-json\/wp\/v2\/pages"}],"about":[{"href":"https:\/\/sey.fi\/varkaus\/wp-json\/wp\/v2\/types\/page"}],"author":[{"embeddable":true,"href":"https:\/\/sey.fi\/varkaus\/wp-json\/wp\/v2\/users\/8"}],"replies":[{"embeddable":true,"href":"https:\/\/sey.fi\/varkaus\/wp-json\/wp\/v2\/comments?post=31"}],"version-history":[{"count":5,"href":"https:\/\/sey.fi\/varkaus\/wp-json\/wp\/v2\/pages\/31\/revisions"}],"predecessor-version":[{"id":851,"href":"https:\/\/sey.fi\/varkaus\/wp-json\/wp\/v2\/pages\/31\/revisions\/851"}],"up":[{"embeddable":true,"href":"https:\/\/sey.fi\/varkaus\/wp-json\/wp\/v2\/pages\/25"}],"wp:attachment":[{"href":"https:\/\/sey.fi\/varkaus\/wp-json\/wp\/v2\/media?parent=31"}],"curies":[{"name":"wp","href":"https:\/\/api.w.org\/{rel}","templated":true}]}}