{"id":37,"date":"2019-11-25T13:19:03","date_gmt":"2019-11-25T11:19:03","guid":{"rendered":"http:\/\/srvr10.xetpoint.com\/~seyfi\/varkaus\/?page_id=37"},"modified":"2026-04-13T17:22:28","modified_gmt":"2026-04-13T14:22:28","slug":"yhteistyokumppanit","status":"publish","type":"page","link":"https:\/\/sey.fi\/varkaus\/varkauden-elainsuojelu\/yhteistyokumppanit\/","title":{"rendered":"Yhteisty\u00f6kumppanit"},"content":{"rendered":"\n<h3 class=\"wp-block-heading\">Varkauden seudun el\u00e4insuojeluyhdistyksen yhteisty\u00f6kumppaneita ovat<\/h3>\n\n\n\n<p>Ker\u00e4yslipaspaikat: K-market K\u00f6n\u00f6npelto, K-market Pirkka, Musti ja Mirri Varkaus, K-market Herttu, Hankkija Varkaus, K-market Kyllikinkatu, Keski-Savon el\u00e4inklinikka, LempiMurre, Keskuskonttori, Kukkapuoti Lily on the Green, Valmakauppa, Hiusstudio A Varkaus ja tapahtumalipas tarvittaessa mukana.<\/p>\n\n\n\n<p>El\u00e4insuojeluyhdistyksen sijaiskodit, Hankkija Varkaus, Varkauden Prisma, Musti ja Mirri Varkaus, Seyn j\u00e4senyhdistykset ymp\u00e4ri Suomen, sek\u00e4 kunnan el\u00e4inl\u00e4\u00e4k\u00e4rit Joroinen, Lepp\u00e4virta, Pieks\u00e4m\u00e4ki, Keski-Savon el\u00e4inklinikka, lemmikkiel\u00e4inhoitola Rikula, Jampan el\u00e4inhoitola Mikkeli, Minna Pellinen Luonnonel\u00e4inten apu Pohjois-Savo, Timo Immonen Varkauden luonnon yst\u00e4v\u00e4t, sek\u00e4 toiminnantarkastajat Sari Osmala ja Henna Vaahterinen.<\/p>\n\n\n\n<p><\/p>\n","protected":false},"excerpt":{"rendered":"<p>Varkauden seudun el\u00e4insuojeluyhdistyksen yhteisty\u00f6kumppaneita ovat Ker\u00e4yslipaspaikat: K-market K\u00f6n\u00f6npelto, K-market Pirkka, Musti ja Mirri Varkaus, K-market Herttu, Hankkija Varkaus, K-market Kyllikinkatu, Keski-Savon el\u00e4inklinikka, LempiMurre, Keskuskonttori, Kukkapuoti Lily on the Green, Valmakauppa, Hiusstudio A Varkaus ja tapahtumalipas tarvittaessa mukana. El\u00e4insuojeluyhdistyksen sijaiskodit, Hankkija Varkaus, Varkauden Prisma, Musti ja Mirri Varkaus, Seyn j\u00e4senyhdistykset ymp\u00e4ri Suomen, sek\u00e4 kunnan el\u00e4inl\u00e4\u00e4k\u00e4rit Joroinen, [&hellip;]<\/p>\n","protected":false},"author":8,"featured_media":0,"parent":2,"menu_order":0,"comment_status":"closed","ping_status":"closed","template":"","meta":{"_acf_changed":false,"footnotes":""},"class_list":["post-37","page","type-page","status-publish","hentry"],"acf":[],"yoast_head":"<!-- This site is optimized with the Yoast SEO plugin v27.1.1 - https:\/\/yoast.com\/product\/yoast-seo-wordpress\/ -->\n<title>Yhteisty\u00f6kumppanit - Varkauden seudun el\u00e4insuojeluyhdistys<\/title>\n<meta name=\"robots\" content=\"index, follow, max-snippet:-1, max-image-preview:large, max-video-preview:-1\" \/>\n<link rel=\"canonical\" href=\"https:\/\/sey.fi\/varkaus\/varkauden-elainsuojelu\/yhteistyokumppanit\/\" \/>\n<meta property=\"og:locale\" content=\"fi_FI\" \/>\n<meta property=\"og:type\" content=\"article\" \/>\n<meta property=\"og:title\" content=\"Yhteisty\u00f6kumppanit - Varkauden seudun el\u00e4insuojeluyhdistys\" \/>\n<meta property=\"og:description\" content=\"Varkauden seudun el\u00e4insuojeluyhdistyksen yhteisty\u00f6kumppaneita ovat Ker\u00e4yslipaspaikat: K-market K\u00f6n\u00f6npelto, K-market Pirkka, Musti ja Mirri Varkaus, K-market Herttu, Hankkija Varkaus, K-market Kyllikinkatu, Keski-Savon el\u00e4inklinikka, LempiMurre, Keskuskonttori, Kukkapuoti Lily on the Green, Valmakauppa, Hiusstudio A Varkaus ja tapahtumalipas tarvittaessa mukana. El\u00e4insuojeluyhdistyksen sijaiskodit, Hankkija Varkaus, Varkauden Prisma, Musti ja Mirri Varkaus, Seyn j\u00e4senyhdistykset ymp\u00e4ri Suomen, sek\u00e4 kunnan el\u00e4inl\u00e4\u00e4k\u00e4rit Joroinen, [&hellip;]\" \/>\n<meta property=\"og:url\" content=\"https:\/\/sey.fi\/varkaus\/varkauden-elainsuojelu\/yhteistyokumppanit\/\" \/>\n<meta property=\"og:site_name\" content=\"Varkauden seudun el\u00e4insuojeluyhdistys\" \/>\n<meta property=\"article:modified_time\" content=\"2026-04-13T14:22:28+00:00\" \/>\n<meta name=\"twitter:card\" content=\"summary_large_image\" \/>\n<meta name=\"twitter:label1\" content=\"Arvioitu lukuaika\" \/>\n\t<meta name=\"twitter:data1\" content=\"1 minuutti\" \/>\n<script type=\"application\/ld+json\" class=\"yoast-schema-graph\">{\"@context\":\"https:\/\/schema.org\",\"@graph\":[{\"@type\":\"WebPage\",\"@id\":\"https:\/\/sey.fi\/varkaus\/varkauden-elainsuojelu\/yhteistyokumppanit\/\",\"url\":\"https:\/\/sey.fi\/varkaus\/varkauden-elainsuojelu\/yhteistyokumppanit\/\",\"name\":\"Yhteisty\u00f6kumppanit - Varkauden seudun el\u00e4insuojeluyhdistys\",\"isPartOf\":{\"@id\":\"https:\/\/sey.fi\/varkaus\/#website\"},\"datePublished\":\"2019-11-25T11:19:03+00:00\",\"dateModified\":\"2026-04-13T14:22:28+00:00\",\"breadcrumb\":{\"@id\":\"https:\/\/sey.fi\/varkaus\/varkauden-elainsuojelu\/yhteistyokumppanit\/#breadcrumb\"},\"inLanguage\":\"fi\",\"potentialAction\":[{\"@type\":\"ReadAction\",\"target\":[\"https:\/\/sey.fi\/varkaus\/varkauden-elainsuojelu\/yhteistyokumppanit\/\"]}]},{\"@type\":\"BreadcrumbList\",\"@id\":\"https:\/\/sey.fi\/varkaus\/varkauden-elainsuojelu\/yhteistyokumppanit\/#breadcrumb\",\"itemListElement\":[{\"@type\":\"ListItem\",\"position\":1,\"name\":\"Home\",\"item\":\"https:\/\/sey.fi\/varkaus\/\"},{\"@type\":\"ListItem\",\"position\":2,\"name\":\"Varkauden seudun el\u00e4insuojeluyhdistys\",\"item\":\"https:\/\/sey.fi\/varkaus\/\"},{\"@type\":\"ListItem\",\"position\":3,\"name\":\"Yhteisty\u00f6kumppanit\"}]},{\"@type\":\"WebSite\",\"@id\":\"https:\/\/sey.fi\/varkaus\/#website\",\"url\":\"https:\/\/sey.fi\/varkaus\/\",\"name\":\"Varkauden seudun el\u00e4insuojeluyhdistys\",\"description\":\"Uusi SEY J\u00e4senyhdistykset -sivusto\",\"potentialAction\":[{\"@type\":\"SearchAction\",\"target\":{\"@type\":\"EntryPoint\",\"urlTemplate\":\"https:\/\/sey.fi\/varkaus\/?s={search_term_string}\"},\"query-input\":{\"@type\":\"PropertyValueSpecification\",\"valueRequired\":true,\"valueName\":\"search_term_string\"}}],\"inLanguage\":\"fi\"}]}<\/script>\n<!-- \/ Yoast SEO plugin. -->","yoast_head_json":{"title":"Yhteisty\u00f6kumppanit - Varkauden seudun el\u00e4insuojeluyhdistys","robots":{"index":"index","follow":"follow","max-snippet":"max-snippet:-1","max-image-preview":"max-image-preview:large","max-video-preview":"max-video-preview:-1"},"canonical":"https:\/\/sey.fi\/varkaus\/varkauden-elainsuojelu\/yhteistyokumppanit\/","og_locale":"fi_FI","og_type":"article","og_title":"Yhteisty\u00f6kumppanit - Varkauden seudun el\u00e4insuojeluyhdistys","og_description":"Varkauden seudun el\u00e4insuojeluyhdistyksen yhteisty\u00f6kumppaneita ovat Ker\u00e4yslipaspaikat: K-market K\u00f6n\u00f6npelto, K-market Pirkka, Musti ja Mirri Varkaus, K-market Herttu, Hankkija Varkaus, K-market Kyllikinkatu, Keski-Savon el\u00e4inklinikka, LempiMurre, Keskuskonttori, Kukkapuoti Lily on the Green, Valmakauppa, Hiusstudio A Varkaus ja tapahtumalipas tarvittaessa mukana. El\u00e4insuojeluyhdistyksen sijaiskodit, Hankkija Varkaus, Varkauden Prisma, Musti ja Mirri Varkaus, Seyn j\u00e4senyhdistykset ymp\u00e4ri Suomen, sek\u00e4 kunnan el\u00e4inl\u00e4\u00e4k\u00e4rit Joroinen, [&hellip;]","og_url":"https:\/\/sey.fi\/varkaus\/varkauden-elainsuojelu\/yhteistyokumppanit\/","og_site_name":"Varkauden seudun el\u00e4insuojeluyhdistys","article_modified_time":"2026-04-13T14:22:28+00:00","twitter_card":"summary_large_image","twitter_misc":{"Arvioitu lukuaika":"1 minuutti"},"schema":{"@context":"https:\/\/schema.org","@graph":[{"@type":"WebPage","@id":"https:\/\/sey.fi\/varkaus\/varkauden-elainsuojelu\/yhteistyokumppanit\/","url":"https:\/\/sey.fi\/varkaus\/varkauden-elainsuojelu\/yhteistyokumppanit\/","name":"Yhteisty\u00f6kumppanit - Varkauden seudun el\u00e4insuojeluyhdistys","isPartOf":{"@id":"https:\/\/sey.fi\/varkaus\/#website"},"datePublished":"2019-11-25T11:19:03+00:00","dateModified":"2026-04-13T14:22:28+00:00","breadcrumb":{"@id":"https:\/\/sey.fi\/varkaus\/varkauden-elainsuojelu\/yhteistyokumppanit\/#breadcrumb"},"inLanguage":"fi","potentialAction":[{"@type":"ReadAction","target":["https:\/\/sey.fi\/varkaus\/varkauden-elainsuojelu\/yhteistyokumppanit\/"]}]},{"@type":"BreadcrumbList","@id":"https:\/\/sey.fi\/varkaus\/varkauden-elainsuojelu\/yhteistyokumppanit\/#breadcrumb","itemListElement":[{"@type":"ListItem","position":1,"name":"Home","item":"https:\/\/sey.fi\/varkaus\/"},{"@type":"ListItem","position":2,"name":"Varkauden seudun el\u00e4insuojeluyhdistys","item":"https:\/\/sey.fi\/varkaus\/"},{"@type":"ListItem","position":3,"name":"Yhteisty\u00f6kumppanit"}]},{"@type":"WebSite","@id":"https:\/\/sey.fi\/varkaus\/#website","url":"https:\/\/sey.fi\/varkaus\/","name":"Varkauden seudun el\u00e4insuojeluyhdistys","description":"Uusi SEY J\u00e4senyhdistykset -sivusto","potentialAction":[{"@type":"SearchAction","target":{"@type":"EntryPoint","urlTemplate":"https:\/\/sey.fi\/varkaus\/?s={search_term_string}"},"query-input":{"@type":"PropertyValueSpecification","valueRequired":true,"valueName":"search_term_string"}}],"inLanguage":"fi"}]}},"_links":{"self":[{"href":"https:\/\/sey.fi\/varkaus\/wp-json\/wp\/v2\/pages\/37","targetHints":{"allow":["GET"]}}],"collection":[{"href":"https:\/\/sey.fi\/varkaus\/wp-json\/wp\/v2\/pages"}],"about":[{"href":"https:\/\/sey.fi\/varkaus\/wp-json\/wp\/v2\/types\/page"}],"author":[{"embeddable":true,"href":"https:\/\/sey.fi\/varkaus\/wp-json\/wp\/v2\/users\/8"}],"replies":[{"embeddable":true,"href":"https:\/\/sey.fi\/varkaus\/wp-json\/wp\/v2\/comments?post=37"}],"version-history":[{"count":12,"href":"https:\/\/sey.fi\/varkaus\/wp-json\/wp\/v2\/pages\/37\/revisions"}],"predecessor-version":[{"id":859,"href":"https:\/\/sey.fi\/varkaus\/wp-json\/wp\/v2\/pages\/37\/revisions\/859"}],"up":[{"embeddable":true,"href":"https:\/\/sey.fi\/varkaus\/wp-json\/wp\/v2\/pages\/2"}],"wp:attachment":[{"href":"https:\/\/sey.fi\/varkaus\/wp-json\/wp\/v2\/media?parent=37"}],"curies":[{"name":"wp","href":"https:\/\/api.w.org\/{rel}","templated":true}]}}