{"id":39,"date":"2019-11-25T13:19:51","date_gmt":"2019-11-25T11:19:51","guid":{"rendered":"http:\/\/srvr10.xetpoint.com\/~seyfi\/varkaus\/?page_id=39"},"modified":"2021-05-06T17:34:57","modified_gmt":"2021-05-06T14:34:57","slug":"yhdistyksen-tietosuojaseloste","status":"publish","type":"page","link":"https:\/\/sey.fi\/varkaus\/varkauden-elainsuojelu\/yhdistyksen-tietosuojaseloste\/","title":{"rendered":"Yhdistyksen tietosuojaseloste"},"content":{"rendered":"\n<figure class=\"wp-block-image\"><img decoding=\"async\" src=\"http:\/\/varkaus.sey.fi\/images\/kuvat\/logo.png\" alt=\"\" \/><\/figure>\n\n\n\n<p><strong>Varkauden Seudun El\u00e4insuojeluyhdistys r.y.:n rekisteri &#8211; ja tietosuojaseloste<\/strong><\/p>\n\n\n\n<p>Varkauden Seudun El\u00e4insuojeluyhdistys r.y. noudattaa tietosuoja-asioissaan ja rekisterien<br>k\u00e4sittelyss\u00e4 EU:n tietosuoja-asetusta (GDPR) sek\u00e4 soveltuvaa kansallista lains\u00e4\u00e4d\u00e4nt\u00f6\u00e4.<br>Rekisterinpit\u00e4j\u00e4ll\u00e4 on tietosuoja-asetuksen mukaan velvollisuus informoida selke\u00e4ll\u00e4 tavalla<br>rekister\u00f6ityj\u00e4. T\u00e4m\u00e4 seloste t\u00e4ytt\u00e4\u00e4 informointivelvoitteen.<\/p>\n\n\n\n<p><strong>Tietosuojaselosteen p\u00e4\u00e4kohdat:<\/strong><\/p>\n\n\n\n<p><br>1. Rekisterinyll\u00e4pit\u00e4j\u00e4<br>2. Rekister\u00f6idyt<br>3. Rekisterin pit\u00e4misen peruste ja k\u00e4ytt\u00f6tarkoitus<br>4. Rekisteriin tallennettavat henkil\u00f6tiedot<br>5. Rekister\u00f6idyn oikeudet<br>6. S\u00e4\u00e4nn\u00f6nmukaiset tiedonl\u00e4hteet<br>7. S\u00e4\u00e4nn\u00f6nmukaiset tietojen luovutukset<br>8. K\u00e4sittelyn kesto<br>9. Henkil\u00f6tietojen k\u00e4sittelij\u00e4t<br>10. Tietojen siirto EU:n ulkopuolelle<br>11. Tietoturva<br>12. Automaattinen p\u00e4\u00e4t\u00f6ksenteko ja profilointi<br>13. Yhteydenotto<br>14. Muutokset t\u00e4h\u00e4n tietosuojaselosteeseen<\/p>\n\n\n\n<p><strong>1. Rekisterinpit\u00e4j\u00e4<\/strong><\/p>\n\n\n\n<p>Varkauden Seudun El\u00e4insuojeluyhdistys r.y. (Y-tunnus 1076325-5)<br><\/p>\n\n\n\n<p><strong>2. Rekister\u00f6idyt<\/strong><\/p>\n\n\n\n<p><br>Rekisteriss\u00e4 k\u00e4sitell\u00e4\u00e4n asiakkaiden, potentiaalisten asiakkaiden, j\u00e4senien, ty\u00f6ntekij\u00f6iden,<br>luottamushenkil\u00f6iden, yhteisty\u00f6kumppaneiden sek\u00e4 vapaaehtoiseksi, kilpailuihin ja arvontoihin<br>sek\u00e4 tapahtumiin ilmoittautuneiden tai osallistuneiden henkil\u00f6tietoja.<\/p>\n\n\n\n<p><strong>3. Rekisterin pit\u00e4misen peruste ja k\u00e4ytt\u00f6tarkoitus<\/strong><\/p>\n\n\n\n<p><br>Varkauden Seudun El\u00e4insuojeluyhdistys r.y.:n henkil\u00f6tietojen k\u00e4sittelyn tarkoituksena on asiakas-<br>ja sidosryhm\u00e4suhteiden tai muiden niihin verrattavien suhteiden sek\u00e4 niist\u00e4 johtuvien velvoitteiden<br>hoitaminen; Varkauden Seudun El\u00e4insuojeluyhdistys r.y.:n nykyisten ja tulevien palveluiden ja\/tai<br>tuotteiden suunnittelun, toteutuksen, yll\u00e4pidon ja edelleen kehitt\u00e4misen mahdollistaminen sek\u00e4 lis\u00e4arvon luominen Varkauden Seudun El\u00e4insuojeluyhdistys r.y.:lle; asiakas- ja sidosryhm\u00e4yhteydenpito; markkinointitoimenpiteiden suorittaminen; sek\u00e4 mielipide- ja markkinointitutkimus. Henkil\u00f6tietoja k\u00e4sitell\u00e4\u00e4n vain Varkauden Seudun El\u00e4insuojeluyhdistys r.y.:n omien s\u00e4\u00e4nt\u00f6jen sallimissa rekistereiss\u00e4 yhdistyksen toiminnan sujuvuuden mahdollistamiseksi sek\u00e4 el\u00e4inten turvallisuuden ja hyvinvoinnin varmistamiseksi.<\/p>\n\n\n\n<p><strong>4. Rekisteriin tallennettavat henkil\u00f6tiedot<\/strong><\/p>\n\n\n\n<p><br>Rekisteri voi pit\u00e4\u00e4 sis\u00e4ll\u00e4\u00e4n seuraavia henkil\u00f6tietoja:<br>\uf0b7 Koko nimi ja yhteystiedot (esim. postiosoite, s\u00e4hk\u00f6postiosoite, puhelinnumero sek\u00e4 maa);<br>\uf0b7 Yksil\u00f6intitiedot (esim. sukupuoli ja syntym\u00e4vuosi);<br>\uf0b7 Asiakkuuden ja sidosryhm\u00e4suhteen hoitamiseksi tarpeelliset tiedot (esim. asiakasnumero,<br>asiakasryhm\u00e4, \u00e4idinkieli, uutiskirjeen l\u00e4hetysmuoto ja -aika, lahjoitus- ja maksutiedot,<br>pankkitilitiedot sek\u00e4 asiointia koskevat muut tarpeelliset tiedot);<br>\uf0b7 Laitetta tai yhteytt\u00e4 koskevat tiedot (kuten kuten www-sivuston osoitteet, laitetunnus, MAC-osoite,<br>laitteistomalli, k\u00e4ytt\u00f6j\u00e4rjestelm\u00e4 sek\u00e4 IP-osoite); sek\u00e4<br>\uf0b7 Muut Varkauden Seudun El\u00e4insuojeluyhdistys r.y.:n j\u00e4rjest\u00e4mien tapahtumien, kampanjoiden,<br>luottamushenkil\u00f6toiminnan, vapaaehtoistoiminnan ja tukemisen asianmukaisen ja onnistuneen<br>j\u00e4rjest\u00e4misen sek\u00e4 niihin osallistumisen kannalta tarpeelliset tiedot.<\/p>\n\n\n\n<p><strong>5. Rekister\u00f6idyn oikeudet<\/strong><\/p>\n\n\n\n<p><br>Rekister\u00f6idyll\u00e4 on seuraavat oikeudet, joiden k\u00e4ytt\u00e4mist\u00e4 koskevat pyynn\u00f6t tulee tehd\u00e4<br>osoitteeseen\u00a0sini.kuronen@sey.fi\u00a0tai puhelinnumeroon: 0447799580.<\/p>\n\n\n\n<p><em>Tarkastusoikeus<\/em><br>Rekister\u00f6ity voi tarkastaa rekisteriin tallennetut henkil\u00f6tiedot.<br>Oikeus tietojen oikaisemiseen<br>Rekister\u00f6ity voi pyyt\u00e4\u00e4 oikaisemaan h\u00e4nt\u00e4 koskevat virheelliset, puutteelliset ja\/tai vanhentuneet<br>tiedot.<\/p>\n\n\n\n<p><em>Vastustamisoikeus<\/em><br>Rekister\u00f6ity voi vastustaa henkil\u00f6tietojen k\u00e4sittely\u00e4, mik\u00e4li kokee, ett\u00e4 henkil\u00f6tietoja on k\u00e4sitelty<br>lainvastaisesti.<\/p>\n\n\n\n<p><em>Suoramarkkinointikielto<\/em><br>Rekister\u00f6idyll\u00e4 on oikeus kielt\u00e4\u00e4 tietojen k\u00e4ytt\u00e4minen suoramarkkinointiin.<\/p>\n\n\n\n<p><em>Poisto-oikeus<\/em><br>Rekister\u00f6idyll\u00e4 on oikeus pyyt\u00e4\u00e4 tietojen poistamista, jos tietojen k\u00e4sittely ei ole tarpeen.<br>Varkauden Seudun El\u00e4insuojeluyhdistys r.y. k\u00e4sittelee poistopyynn\u00f6n, jonka j\u00e4lkeen joko tiedot<br>poistetaan ilman aiheetonta viivytyst\u00e4 tai ilmoitetaan perusteltu syy, miksi tietoja ei voida poistaa.<br>On huomioitava, ett\u00e4 rekisterinpit\u00e4j\u00e4ll\u00e4 voi olla lakis\u00e4\u00e4teinen tai muu oikeus olla poistamatta<br>pyydetty\u00e4 tietoa. Rekisterinpit\u00e4j\u00e4ll\u00e4 on velvollisuus s\u00e4ilytt\u00e4\u00e4 kirjanpitoaineisto Kirjanpitolaissa (luku<br>2, 10 \u00a7) m\u00e4\u00e4ritellyn ajan (10 vuotta) mukaisesti. T\u00e4m\u00e4n vuoksi kirjanpitoon liittyv\u00e4\u00e4 aineistoa ei<br>voida poistaa ennen m\u00e4\u00e4r\u00e4ajan umpeutumista.<br>Suostumuksen peruuttaminen<\/p>\n\n\n\n<p>Jos rekister\u00f6ity\u00e4 koskeva henkil\u00f6tietojen k\u00e4sittely perustuu ainoastaan suostumukseen, eik\u00e4 esim.<br>asiakkuuteen tai j\u00e4senyyteen, voi rekister\u00f6ity peruuttaa suostumuksen.<\/p>\n\n\n\n<p><em>Valitusoikeus<\/em><br>Rekister\u00f6idyll\u00e4 on oikeus tehd\u00e4 tietosuojavaltuutetulle kantelu, jos h\u00e4n kokee, ett\u00e4 henkil\u00f6tietoja<br>k\u00e4sitelt\u00e4ess\u00e4 rikotaan lakia tai voimassa olevaa tietosuojalains\u00e4\u00e4d\u00e4nt\u00f6\u00e4.<br>Tietosuojavaltuutetun yhteystiedot:www.tietosuoja.fi\/fi\/index\/yhteystiedot.html<br>Rekister\u00f6idyll\u00e4 on oikeus vaatia kiistanalaisten tietojen k\u00e4sittelyn rajoittamista siksi aikaa, kunnes<br>asia saadaan ratkaistua.<\/p>\n\n\n\n<p><strong>6. S\u00e4\u00e4nn\u00f6nmukaiset tietol\u00e4hteet<\/strong><\/p>\n\n\n\n<p><br>Rekisteriin ker\u00e4tt\u00e4v\u00e4t henkil\u00f6tiedot ovat p\u00e4\u00e4asiassa rekister\u00f6idyn itsens\u00e4 Varkauden Seudun<br>El\u00e4insuojeluyhdistys r.y.:lle antamia tietoja tai verkkosivuston k\u00e4yt\u00f6st\u00e4 muodostettuja tietoja.<br>Tietoja saadaan rekister\u00f6idylt\u00e4 mm. www-lomakkeilla, s\u00e4hk\u00f6postitse, puhelimitse, sosiaalisen<br>median palvelujen kautta, sopimuksista,asiakastapaamisista tai vastaavista tilaisuuksista ja muista<br>tilanteista joissa henkil\u00f6 luovuttaa tietojaan.<br>Varkauden Seudun El\u00e4insuojeluyhdistys r.y. ker\u00e4\u00e4 henkil\u00f6tietoja suoraan esimerkiksi seuraavissa<br>yhteyksiss\u00e4:<br>\uf0b7 Varkauden Seudun El\u00e4insuojeluyhdistys r.y.:n verkkosivustoa k\u00e4ytett\u00e4ess\u00e4;<br>\uf0b7 Uutiskirjett\u00e4 tai muuta materiaalia tilattaessa;<br>\uf0b7 Palautetta annettaessa tai muutoin Varkauden Seudun El\u00e4insuojeluyhdistys r.y.:een yhteydess\u00e4<br>oltaessa;<br>\uf0b7 Varkauden Seudun El\u00e4insuojeluyhdistys r.y.:n asiakaskyselyihin vastattaessa;<br>\uf0b7 Ilmoittauduttaessa ja osallistuttaessa Varkauden Seudun El\u00e4insuojeluyhdistys r.y.:n j\u00e4rjest\u00e4m\u00e4\u00e4n<br>toimintaan, tapahtumiin, kampanjoihin, vapaaehtoistoimintaan ja tukemiseen; sek\u00e4<br>\uf0b7 Osallistuttaessa Varkauden Seudun El\u00e4insuojeluyhdistys r.y.:n j\u00e4rjest\u00e4miin kilpailuihin ja<br>arvontoihin.<br>Mik\u00e4li rekisteriin annetaan muita kuin rekister\u00f6ity\u00e4 itse\u00e4\u00e4n koskevia tietoja, tulee tiedonantajan<br>vakuuttaa, ett\u00e4 h\u00e4nell\u00e4 on oikeus t\u00e4llaisten tietojen ilmoittamiseen.<\/p>\n\n\n\n<p><strong>7. S\u00e4\u00e4nn\u00f6nmukaiset tietojen luovutukset<\/strong><\/p>\n\n\n\n<p><br>Tietoja ei p\u00e4\u00e4s\u00e4\u00e4nt\u00f6isesti luovuteta markkinointitarkoituksiin Varkauden Seudun<br>El\u00e4insuojeluyhdistys r.y.:n ulkopuolelle. Henkil\u00f6tietoja luovutetaan ainoastaan toimivaltaisten<br>viranomaisten tai muiden tahojen esitt\u00e4mien vaatimusten edellytt\u00e4m\u00e4ll\u00e4, kulloinkin<br>voimassaolevaan lains\u00e4\u00e4d\u00e4nt\u00f6\u00f6n perustuvalla tavalla tai mik\u00e4li Varkauden Seudun<br>El\u00e4insuojeluyhdistys r.y. katsoo muutoin harkintansa perusteella olevan perusteltu syy tietojen<br>luovuttamiseen.<\/p>\n\n\n\n<p><strong>8. K\u00e4sittelyn kesto<\/strong><\/p>\n\n\n\n<p><br>Henkil\u00f6tietoja s\u00e4ilytet\u00e4\u00e4n vain niin kauan kuin on tarpeen kohdassa 3 m\u00e4\u00e4riteltyjen tarkoitusten<br>toteuttamiseksi kulloinkin voimassaolevan lains\u00e4\u00e4d\u00e4nn\u00f6n mukaisesti.<\/p>\n\n\n\n<p><strong>9. Henkil\u00f6tietojen k\u00e4sittelij\u00e4t<\/strong><\/p>\n\n\n\n<p><br>Varkauden Seudun El\u00e4insuojeluyhdistys r.y.:n valtuuttamat henkil\u00f6t voivat k\u00e4sitell\u00e4 henkil\u00f6tietoja<br>kulloinkin voimassaolevan lains\u00e4\u00e4d\u00e4nn\u00f6n mukaisesti ja muutoin asianmukaisesti. Tarvittaessa<br>henkil\u00f6tietojen k\u00e4sittely voidaan ulkoistaa kolmannelle osapuolelle kuten esimerkiksi<br>rahastonhoitajalle.<br>Varkauden Seudun El\u00e4insuojeluyhdistys r.y. on antanut j\u00e4senrekisterins\u00e4 yll\u00e4pidon kattoj\u00e4rjest\u00f6ns\u00e4<br>SEY Suomen El\u00e4insuojeluyhdistysten liitto ry:n teht\u00e4v\u00e4ksi.<\/p>\n\n\n\n<p><strong>10. Tietojen siirto EU:n ulkopuolelle<\/strong><\/p>\n\n\n\n<p>Henkil\u00f6tietoja ei p\u00e4\u00e4s\u00e4\u00e4nt\u00f6isesti siirret\u00e4 EU:n tai Euroopan talousalueen ulkopuolelle, ellei se ole henkil\u00f6tietojen k\u00e4sittelyn tarkoituksien tai tietojen k\u00e4sittelyn teknisen toteuttamisen kannalta tarpeellista, jolloin tietojen siirrossa noudatetaan henkil\u00f6tietolains\u00e4\u00e4d\u00e4nn\u00f6n vaatimuksia.<\/p>\n\n\n\n<p><strong>11. Tietoturva<\/strong><\/p>\n\n\n\n<p><br>Varkauden Seudun El\u00e4insuojeluyhdistys r.y. pyrkii kohtuullisin teknisin ja organisatorisin toimin<br>suojelemaan henkil\u00f6tietoja esimerkiksi luvattomalta p\u00e4\u00e4sylt\u00e4, vahingossa tai laittomasti<br>tapahtuvalta tietojen h\u00e4vitt\u00e4miselt\u00e4, v\u00e4\u00e4rink\u00e4yt\u00f6kselt\u00e4, siirt\u00e4miselt\u00e4, luovuttamiselta tai muulta<br>laittomalta k\u00e4sittelylt\u00e4.<br>Varkauden Seudun El\u00e4insuojeluyhdistys r.y. rajoittaa henkil\u00f6tietoja k\u00e4sittelevien henkil\u00f6iden piiri\u00e4<br>niin, ett\u00e4 tietoihin p\u00e4\u00e4sev\u00e4t k\u00e4siksi vain ne Varkauden Seudun El\u00e4insuojeluyhdistys r.y.:n toimijat,<br>joiden on teht\u00e4viens\u00e4 perusteella tarpeellista k\u00e4sitell\u00e4 henkil\u00f6tietoja. S\u00e4hk\u00f6iset rekisterit ja niihin<br>tallennetut tiedot on suojattu yksil\u00f6llisin k\u00e4ytt\u00e4j\u00e4tunnuksin ja salasanoin. Manuaalinen aineisto<br>s\u00e4ilytet\u00e4\u00e4n lukitussa tilassa.<br>Tietoturvaloukkauksista ilmoitetaan rekister\u00f6idylle sek\u00e4 toimivaltaiselle valvontaviranomaiselle.<\/p>\n\n\n\n<p><strong>12. Automaattinen p\u00e4\u00e4t\u00f6ksenteko ja profilointi<\/strong><\/p>\n\n\n\n<p><br>Henkil\u00f6tietoja ei k\u00e4ytet\u00e4 automaattiseen p\u00e4\u00e4t\u00f6ksentekoon tai profilointiin.<\/p>\n\n\n\n<p><strong>13. Muutokset t\u00e4h\u00e4n tietosuojaselosteeseen<\/strong><\/p>\n\n\n\n<p><br>Varkauden Seudun El\u00e4insuojeluyhdistys r.y. kehitt\u00e4\u00e4 toimintaansa jatkuvasti ja pid\u00e4tt\u00e4\u00e4 itsell\u00e4\u00e4n<br>oikeuden muuttaa t\u00e4t\u00e4 tietosuojaselostetta. Muutokset voivat perustua my\u00f6s lains\u00e4\u00e4d\u00e4nn\u00f6n<br>muuttumiseen. Varkauden Seudun El\u00e4insuojeluyhdistys r.y. suosittelee tutustumaan<br>tietosuojaselosteen sis\u00e4lt\u00f6\u00f6n s\u00e4\u00e4nn\u00f6llisesti.<\/p>\n\n\n\n<p>T\u00e4m\u00e4 seloste on julkaistu 8.6.2018<\/p>\n","protected":false},"excerpt":{"rendered":"<p>Varkauden Seudun El\u00e4insuojeluyhdistys r.y.:n rekisteri &#8211; ja tietosuojaseloste Varkauden Seudun El\u00e4insuojeluyhdistys r.y. noudattaa tietosuoja-asioissaan ja rekisterienk\u00e4sittelyss\u00e4 EU:n tietosuoja-asetusta (GDPR) sek\u00e4 soveltuvaa kansallista lains\u00e4\u00e4d\u00e4nt\u00f6\u00e4.Rekisterinpit\u00e4j\u00e4ll\u00e4 on tietosuoja-asetuksen mukaan velvollisuus informoida selke\u00e4ll\u00e4 tavallarekister\u00f6ityj\u00e4. T\u00e4m\u00e4 seloste t\u00e4ytt\u00e4\u00e4 informointivelvoitteen. Tietosuojaselosteen p\u00e4\u00e4kohdat: 1. Rekisterinyll\u00e4pit\u00e4j\u00e42. Rekister\u00f6idyt3. Rekisterin pit\u00e4misen peruste ja k\u00e4ytt\u00f6tarkoitus4. Rekisteriin tallennettavat henkil\u00f6tiedot5. Rekister\u00f6idyn oikeudet6. S\u00e4\u00e4nn\u00f6nmukaiset tiedonl\u00e4hteet7. S\u00e4\u00e4nn\u00f6nmukaiset tietojen luovutukset8. K\u00e4sittelyn [&hellip;]<\/p>\n","protected":false},"author":8,"featured_media":0,"parent":2,"menu_order":0,"comment_status":"closed","ping_status":"closed","template":"","meta":{"_acf_changed":false,"footnotes":""},"class_list":["post-39","page","type-page","status-publish","hentry"],"acf":[],"yoast_head":"<!-- This site is optimized with the Yoast SEO plugin v27.1.1 - https:\/\/yoast.com\/product\/yoast-seo-wordpress\/ -->\n<title>Yhdistyksen tietosuojaseloste - Varkauden seudun el\u00e4insuojeluyhdistys<\/title>\n<meta name=\"robots\" content=\"index, follow, max-snippet:-1, max-image-preview:large, max-video-preview:-1\" \/>\n<link rel=\"canonical\" href=\"https:\/\/sey.fi\/varkaus\/varkauden-elainsuojelu\/yhdistyksen-tietosuojaseloste\/\" \/>\n<meta property=\"og:locale\" content=\"fi_FI\" \/>\n<meta property=\"og:type\" content=\"article\" \/>\n<meta property=\"og:title\" content=\"Yhdistyksen tietosuojaseloste - Varkauden seudun el\u00e4insuojeluyhdistys\" \/>\n<meta property=\"og:description\" content=\"Varkauden Seudun El\u00e4insuojeluyhdistys r.y.:n rekisteri &#8211; ja tietosuojaseloste Varkauden Seudun El\u00e4insuojeluyhdistys r.y. noudattaa tietosuoja-asioissaan ja rekisterienk\u00e4sittelyss\u00e4 EU:n tietosuoja-asetusta (GDPR) sek\u00e4 soveltuvaa kansallista lains\u00e4\u00e4d\u00e4nt\u00f6\u00e4.Rekisterinpit\u00e4j\u00e4ll\u00e4 on tietosuoja-asetuksen mukaan velvollisuus informoida selke\u00e4ll\u00e4 tavallarekister\u00f6ityj\u00e4. T\u00e4m\u00e4 seloste t\u00e4ytt\u00e4\u00e4 informointivelvoitteen. Tietosuojaselosteen p\u00e4\u00e4kohdat: 1. Rekisterinyll\u00e4pit\u00e4j\u00e42. Rekister\u00f6idyt3. Rekisterin pit\u00e4misen peruste ja k\u00e4ytt\u00f6tarkoitus4. Rekisteriin tallennettavat henkil\u00f6tiedot5. Rekister\u00f6idyn oikeudet6. S\u00e4\u00e4nn\u00f6nmukaiset tiedonl\u00e4hteet7. S\u00e4\u00e4nn\u00f6nmukaiset tietojen luovutukset8. K\u00e4sittelyn [&hellip;]\" \/>\n<meta property=\"og:url\" content=\"https:\/\/sey.fi\/varkaus\/varkauden-elainsuojelu\/yhdistyksen-tietosuojaseloste\/\" \/>\n<meta property=\"og:site_name\" content=\"Varkauden seudun el\u00e4insuojeluyhdistys\" \/>\n<meta property=\"article:modified_time\" content=\"2021-05-06T14:34:57+00:00\" \/>\n<meta property=\"og:image\" content=\"http:\/\/varkaus.sey.fi\/images\/kuvat\/logo.png\" \/>\n<meta name=\"twitter:card\" content=\"summary_large_image\" \/>\n<meta name=\"twitter:label1\" content=\"Arvioitu lukuaika\" \/>\n\t<meta name=\"twitter:data1\" content=\"6 minuuttia\" \/>\n<script type=\"application\/ld+json\" class=\"yoast-schema-graph\">{\"@context\":\"https:\/\/schema.org\",\"@graph\":[{\"@type\":\"WebPage\",\"@id\":\"https:\/\/sey.fi\/varkaus\/varkauden-elainsuojelu\/yhdistyksen-tietosuojaseloste\/\",\"url\":\"https:\/\/sey.fi\/varkaus\/varkauden-elainsuojelu\/yhdistyksen-tietosuojaseloste\/\",\"name\":\"Yhdistyksen tietosuojaseloste - Varkauden seudun el\u00e4insuojeluyhdistys\",\"isPartOf\":{\"@id\":\"https:\/\/sey.fi\/varkaus\/#website\"},\"primaryImageOfPage\":{\"@id\":\"https:\/\/sey.fi\/varkaus\/varkauden-elainsuojelu\/yhdistyksen-tietosuojaseloste\/#primaryimage\"},\"image\":{\"@id\":\"https:\/\/sey.fi\/varkaus\/varkauden-elainsuojelu\/yhdistyksen-tietosuojaseloste\/#primaryimage\"},\"thumbnailUrl\":\"http:\/\/varkaus.sey.fi\/images\/kuvat\/logo.png\",\"datePublished\":\"2019-11-25T11:19:51+00:00\",\"dateModified\":\"2021-05-06T14:34:57+00:00\",\"breadcrumb\":{\"@id\":\"https:\/\/sey.fi\/varkaus\/varkauden-elainsuojelu\/yhdistyksen-tietosuojaseloste\/#breadcrumb\"},\"inLanguage\":\"fi\",\"potentialAction\":[{\"@type\":\"ReadAction\",\"target\":[\"https:\/\/sey.fi\/varkaus\/varkauden-elainsuojelu\/yhdistyksen-tietosuojaseloste\/\"]}]},{\"@type\":\"ImageObject\",\"inLanguage\":\"fi\",\"@id\":\"https:\/\/sey.fi\/varkaus\/varkauden-elainsuojelu\/yhdistyksen-tietosuojaseloste\/#primaryimage\",\"url\":\"http:\/\/varkaus.sey.fi\/images\/kuvat\/logo.png\",\"contentUrl\":\"http:\/\/varkaus.sey.fi\/images\/kuvat\/logo.png\"},{\"@type\":\"BreadcrumbList\",\"@id\":\"https:\/\/sey.fi\/varkaus\/varkauden-elainsuojelu\/yhdistyksen-tietosuojaseloste\/#breadcrumb\",\"itemListElement\":[{\"@type\":\"ListItem\",\"position\":1,\"name\":\"Home\",\"item\":\"https:\/\/sey.fi\/varkaus\/\"},{\"@type\":\"ListItem\",\"position\":2,\"name\":\"Varkauden seudun el\u00e4insuojeluyhdistys\",\"item\":\"https:\/\/sey.fi\/varkaus\/\"},{\"@type\":\"ListItem\",\"position\":3,\"name\":\"Yhdistyksen tietosuojaseloste\"}]},{\"@type\":\"WebSite\",\"@id\":\"https:\/\/sey.fi\/varkaus\/#website\",\"url\":\"https:\/\/sey.fi\/varkaus\/\",\"name\":\"Varkauden seudun el\u00e4insuojeluyhdistys\",\"description\":\"Uusi SEY J\u00e4senyhdistykset -sivusto\",\"potentialAction\":[{\"@type\":\"SearchAction\",\"target\":{\"@type\":\"EntryPoint\",\"urlTemplate\":\"https:\/\/sey.fi\/varkaus\/?s={search_term_string}\"},\"query-input\":{\"@type\":\"PropertyValueSpecification\",\"valueRequired\":true,\"valueName\":\"search_term_string\"}}],\"inLanguage\":\"fi\"}]}<\/script>\n<!-- \/ Yoast SEO plugin. -->","yoast_head_json":{"title":"Yhdistyksen tietosuojaseloste - Varkauden seudun el\u00e4insuojeluyhdistys","robots":{"index":"index","follow":"follow","max-snippet":"max-snippet:-1","max-image-preview":"max-image-preview:large","max-video-preview":"max-video-preview:-1"},"canonical":"https:\/\/sey.fi\/varkaus\/varkauden-elainsuojelu\/yhdistyksen-tietosuojaseloste\/","og_locale":"fi_FI","og_type":"article","og_title":"Yhdistyksen tietosuojaseloste - Varkauden seudun el\u00e4insuojeluyhdistys","og_description":"Varkauden Seudun El\u00e4insuojeluyhdistys r.y.:n rekisteri &#8211; ja tietosuojaseloste Varkauden Seudun El\u00e4insuojeluyhdistys r.y. noudattaa tietosuoja-asioissaan ja rekisterienk\u00e4sittelyss\u00e4 EU:n tietosuoja-asetusta (GDPR) sek\u00e4 soveltuvaa kansallista lains\u00e4\u00e4d\u00e4nt\u00f6\u00e4.Rekisterinpit\u00e4j\u00e4ll\u00e4 on tietosuoja-asetuksen mukaan velvollisuus informoida selke\u00e4ll\u00e4 tavallarekister\u00f6ityj\u00e4. T\u00e4m\u00e4 seloste t\u00e4ytt\u00e4\u00e4 informointivelvoitteen. Tietosuojaselosteen p\u00e4\u00e4kohdat: 1. Rekisterinyll\u00e4pit\u00e4j\u00e42. Rekister\u00f6idyt3. Rekisterin pit\u00e4misen peruste ja k\u00e4ytt\u00f6tarkoitus4. Rekisteriin tallennettavat henkil\u00f6tiedot5. Rekister\u00f6idyn oikeudet6. S\u00e4\u00e4nn\u00f6nmukaiset tiedonl\u00e4hteet7. S\u00e4\u00e4nn\u00f6nmukaiset tietojen luovutukset8. K\u00e4sittelyn [&hellip;]","og_url":"https:\/\/sey.fi\/varkaus\/varkauden-elainsuojelu\/yhdistyksen-tietosuojaseloste\/","og_site_name":"Varkauden seudun el\u00e4insuojeluyhdistys","article_modified_time":"2021-05-06T14:34:57+00:00","og_image":[{"url":"http:\/\/varkaus.sey.fi\/images\/kuvat\/logo.png","type":"","width":"","height":""}],"twitter_card":"summary_large_image","twitter_misc":{"Arvioitu lukuaika":"6 minuuttia"},"schema":{"@context":"https:\/\/schema.org","@graph":[{"@type":"WebPage","@id":"https:\/\/sey.fi\/varkaus\/varkauden-elainsuojelu\/yhdistyksen-tietosuojaseloste\/","url":"https:\/\/sey.fi\/varkaus\/varkauden-elainsuojelu\/yhdistyksen-tietosuojaseloste\/","name":"Yhdistyksen tietosuojaseloste - Varkauden seudun el\u00e4insuojeluyhdistys","isPartOf":{"@id":"https:\/\/sey.fi\/varkaus\/#website"},"primaryImageOfPage":{"@id":"https:\/\/sey.fi\/varkaus\/varkauden-elainsuojelu\/yhdistyksen-tietosuojaseloste\/#primaryimage"},"image":{"@id":"https:\/\/sey.fi\/varkaus\/varkauden-elainsuojelu\/yhdistyksen-tietosuojaseloste\/#primaryimage"},"thumbnailUrl":"http:\/\/varkaus.sey.fi\/images\/kuvat\/logo.png","datePublished":"2019-11-25T11:19:51+00:00","dateModified":"2021-05-06T14:34:57+00:00","breadcrumb":{"@id":"https:\/\/sey.fi\/varkaus\/varkauden-elainsuojelu\/yhdistyksen-tietosuojaseloste\/#breadcrumb"},"inLanguage":"fi","potentialAction":[{"@type":"ReadAction","target":["https:\/\/sey.fi\/varkaus\/varkauden-elainsuojelu\/yhdistyksen-tietosuojaseloste\/"]}]},{"@type":"ImageObject","inLanguage":"fi","@id":"https:\/\/sey.fi\/varkaus\/varkauden-elainsuojelu\/yhdistyksen-tietosuojaseloste\/#primaryimage","url":"http:\/\/varkaus.sey.fi\/images\/kuvat\/logo.png","contentUrl":"http:\/\/varkaus.sey.fi\/images\/kuvat\/logo.png"},{"@type":"BreadcrumbList","@id":"https:\/\/sey.fi\/varkaus\/varkauden-elainsuojelu\/yhdistyksen-tietosuojaseloste\/#breadcrumb","itemListElement":[{"@type":"ListItem","position":1,"name":"Home","item":"https:\/\/sey.fi\/varkaus\/"},{"@type":"ListItem","position":2,"name":"Varkauden seudun el\u00e4insuojeluyhdistys","item":"https:\/\/sey.fi\/varkaus\/"},{"@type":"ListItem","position":3,"name":"Yhdistyksen tietosuojaseloste"}]},{"@type":"WebSite","@id":"https:\/\/sey.fi\/varkaus\/#website","url":"https:\/\/sey.fi\/varkaus\/","name":"Varkauden seudun el\u00e4insuojeluyhdistys","description":"Uusi SEY J\u00e4senyhdistykset -sivusto","potentialAction":[{"@type":"SearchAction","target":{"@type":"EntryPoint","urlTemplate":"https:\/\/sey.fi\/varkaus\/?s={search_term_string}"},"query-input":{"@type":"PropertyValueSpecification","valueRequired":true,"valueName":"search_term_string"}}],"inLanguage":"fi"}]}},"_links":{"self":[{"href":"https:\/\/sey.fi\/varkaus\/wp-json\/wp\/v2\/pages\/39","targetHints":{"allow":["GET"]}}],"collection":[{"href":"https:\/\/sey.fi\/varkaus\/wp-json\/wp\/v2\/pages"}],"about":[{"href":"https:\/\/sey.fi\/varkaus\/wp-json\/wp\/v2\/types\/page"}],"author":[{"embeddable":true,"href":"https:\/\/sey.fi\/varkaus\/wp-json\/wp\/v2\/users\/8"}],"replies":[{"embeddable":true,"href":"https:\/\/sey.fi\/varkaus\/wp-json\/wp\/v2\/comments?post=39"}],"version-history":[{"count":2,"href":"https:\/\/sey.fi\/varkaus\/wp-json\/wp\/v2\/pages\/39\/revisions"}],"predecessor-version":[{"id":125,"href":"https:\/\/sey.fi\/varkaus\/wp-json\/wp\/v2\/pages\/39\/revisions\/125"}],"up":[{"embeddable":true,"href":"https:\/\/sey.fi\/varkaus\/wp-json\/wp\/v2\/pages\/2"}],"wp:attachment":[{"href":"https:\/\/sey.fi\/varkaus\/wp-json\/wp\/v2\/media?parent=39"}],"curies":[{"name":"wp","href":"https:\/\/api.w.org\/{rel}","templated":true}]}}